{"id":49,"date":"2020-08-06T00:59:33","date_gmt":"2020-08-06T00:59:33","guid":{"rendered":"https:\/\/jaapsa.com\/wp53\/?page_id=49"},"modified":"2026-03-25T12:02:11","modified_gmt":"2026-03-25T18:02:11","slug":"tanques-y-pipas","status":"publish","type":"page","link":"https:\/\/jaapsa.com\/wp53\/tanques-y-pipas\/","title":{"rendered":"Tanques y Pipas"},"content":{"rendered":"\n<figure class=\"wp-block-gallery has-nested-images columns-2 is-cropped wp-block-gallery-1 is-layout-flex wp-block-gallery-is-layout-flex\">\n<figure class=\"wp-block-image size-full\"><img loading=\"lazy\" decoding=\"async\" width=\"403\" height=\"560\" data-id=\"1615\" src=\"https:\/\/jaapsa.com\/wp53\/wp-content\/uploads\/2026\/03\/Captura-de-pantalla-2026-03-25-115619.png\" alt=\"\" class=\"wp-image-1615\" srcset=\"https:\/\/jaapsa.com\/wp53\/wp-content\/uploads\/2026\/03\/Captura-de-pantalla-2026-03-25-115619.png 403w, https:\/\/jaapsa.com\/wp53\/wp-content\/uploads\/2026\/03\/Captura-de-pantalla-2026-03-25-115619-216x300.png 216w, https:\/\/jaapsa.com\/wp53\/wp-content\/uploads\/2026\/03\/Captura-de-pantalla-2026-03-25-115619-9x12.png 9w\" sizes=\"auto, (max-width: 403px) 100vw, 403px\" \/><\/figure>\n\n\n\n<figure class=\"wp-block-image size-full\"><img loading=\"lazy\" decoding=\"async\" width=\"419\" height=\"559\" data-id=\"1617\" src=\"https:\/\/jaapsa.com\/wp53\/wp-content\/uploads\/2026\/03\/Captura-de-pantalla-2026-03-25-115641.png\" alt=\"\" class=\"wp-image-1617\" srcset=\"https:\/\/jaapsa.com\/wp53\/wp-content\/uploads\/2026\/03\/Captura-de-pantalla-2026-03-25-115641.png 419w, https:\/\/jaapsa.com\/wp53\/wp-content\/uploads\/2026\/03\/Captura-de-pantalla-2026-03-25-115641-225x300.png 225w, https:\/\/jaapsa.com\/wp53\/wp-content\/uploads\/2026\/03\/Captura-de-pantalla-2026-03-25-115641-9x12.png 9w\" sizes=\"auto, (max-width: 419px) 100vw, 419px\" \/><\/figure>\n\n\n\n<figure class=\"wp-block-image size-full\"><img loading=\"lazy\" decoding=\"async\" width=\"686\" height=\"560\" data-id=\"1618\" src=\"https:\/\/jaapsa.com\/wp53\/wp-content\/uploads\/2026\/03\/Captura-de-pantalla-2026-03-25-115708.png\" alt=\"\" class=\"wp-image-1618\" srcset=\"https:\/\/jaapsa.com\/wp53\/wp-content\/uploads\/2026\/03\/Captura-de-pantalla-2026-03-25-115708.png 686w, https:\/\/jaapsa.com\/wp53\/wp-content\/uploads\/2026\/03\/Captura-de-pantalla-2026-03-25-115708-300x245.png 300w, https:\/\/jaapsa.com\/wp53\/wp-content\/uploads\/2026\/03\/Captura-de-pantalla-2026-03-25-115708-15x12.png 15w\" sizes=\"auto, (max-width: 686px) 100vw, 686px\" \/><\/figure>\n\n\n\n<figure class=\"wp-block-image size-full\"><img loading=\"lazy\" decoding=\"async\" width=\"683\" height=\"559\" data-id=\"1619\" src=\"https:\/\/jaapsa.com\/wp53\/wp-content\/uploads\/2026\/03\/Captura-de-pantalla-2026-03-25-115736.png\" alt=\"\" class=\"wp-image-1619\" srcset=\"https:\/\/jaapsa.com\/wp53\/wp-content\/uploads\/2026\/03\/Captura-de-pantalla-2026-03-25-115736.png 683w, https:\/\/jaapsa.com\/wp53\/wp-content\/uploads\/2026\/03\/Captura-de-pantalla-2026-03-25-115736-300x246.png 300w, https:\/\/jaapsa.com\/wp53\/wp-content\/uploads\/2026\/03\/Captura-de-pantalla-2026-03-25-115736-15x12.png 15w\" sizes=\"auto, (max-width: 683px) 100vw, 683px\" \/><\/figure>\n<\/figure>\n\n\n\n<p>Los tanques y pipas Industrias JAAPSA S.A. de C.V. est\u00e1n dise\u00f1ados y construidos con pl\u00e1sticos reforzados y fibra de de vidrio para alta resistencia y durabilidad, esto hace que los tanques sean:&nbsp;<strong>FUERTES, LIGEROS Y TOTALMENTE REUTILIZABLES.<\/strong> <\/p>\n\n\n\n<p>Estas es una gran ventaja, puesto que su instalaci\u00f3n es r\u00e1pida, segura y &nbsp;f\u00e1cil de maniobrar. <\/p>\n\n\n\n<p> Fabricamos de acuerdo con las necesidades dimensionales de nuestros clientes. Dise\u00f1amos y fabricamos Tanques s\u00e9pticos para tratamiento de agua. <\/p>\n\n\n\n<figure class=\"wp-block-gallery has-nested-images columns-2 is-cropped wp-block-gallery-2 is-layout-flex wp-block-gallery-is-layout-flex\">\n<figure class=\"wp-block-image size-full\"><img loading=\"lazy\" decoding=\"async\" width=\"314\" height=\"560\" data-id=\"1620\" src=\"https:\/\/jaapsa.com\/wp53\/wp-content\/uploads\/2026\/03\/Captura-de-pantalla-2026-03-25-115753.png\" alt=\"\" class=\"wp-image-1620\" srcset=\"https:\/\/jaapsa.com\/wp53\/wp-content\/uploads\/2026\/03\/Captura-de-pantalla-2026-03-25-115753.png 314w, https:\/\/jaapsa.com\/wp53\/wp-content\/uploads\/2026\/03\/Captura-de-pantalla-2026-03-25-115753-168x300.png 168w, https:\/\/jaapsa.com\/wp53\/wp-content\/uploads\/2026\/03\/Captura-de-pantalla-2026-03-25-115753-7x12.png 7w\" sizes=\"auto, (max-width: 314px) 100vw, 314px\" \/><\/figure>\n\n\n\n<figure class=\"wp-block-image size-full\"><img loading=\"lazy\" decoding=\"async\" width=\"286\" height=\"562\" data-id=\"1621\" src=\"https:\/\/jaapsa.com\/wp53\/wp-content\/uploads\/2026\/03\/Captura-de-pantalla-2026-03-25-115843.png\" alt=\"\" class=\"wp-image-1621\" srcset=\"https:\/\/jaapsa.com\/wp53\/wp-content\/uploads\/2026\/03\/Captura-de-pantalla-2026-03-25-115843.png 286w, https:\/\/jaapsa.com\/wp53\/wp-content\/uploads\/2026\/03\/Captura-de-pantalla-2026-03-25-115843-153x300.png 153w, https:\/\/jaapsa.com\/wp53\/wp-content\/uploads\/2026\/03\/Captura-de-pantalla-2026-03-25-115843-6x12.png 6w\" sizes=\"auto, (max-width: 286px) 100vw, 286px\" \/><\/figure>\n\n\n\n<figure class=\"wp-block-image size-full\"><img loading=\"lazy\" decoding=\"async\" width=\"653\" height=\"560\" data-id=\"1622\" src=\"https:\/\/jaapsa.com\/wp53\/wp-content\/uploads\/2026\/03\/Captura-de-pantalla-2026-03-25-115945.png\" alt=\"\" class=\"wp-image-1622\" srcset=\"https:\/\/jaapsa.com\/wp53\/wp-content\/uploads\/2026\/03\/Captura-de-pantalla-2026-03-25-115945.png 653w, https:\/\/jaapsa.com\/wp53\/wp-content\/uploads\/2026\/03\/Captura-de-pantalla-2026-03-25-115945-300x257.png 300w, https:\/\/jaapsa.com\/wp53\/wp-content\/uploads\/2026\/03\/Captura-de-pantalla-2026-03-25-115945-14x12.png 14w\" sizes=\"auto, (max-width: 653px) 100vw, 653px\" \/><\/figure>\n<\/figure>\n\n\n\n<h3 class=\"wp-block-heading\">Propiedades<\/h3>\n\n\n\n<ul class=\"wp-block-list\">\n<li>Resistencia a la corrosi\u00f3n de \u00e1cidos, \u00e1lcalis y solventes<\/li>\n\n\n\n<li>Resistencia espec\u00edfica superior a la mayor\u00eda de los metales<\/li>\n\n\n\n<li>Eficiencia estructural o resistencia con relaci\u00f3n peso<\/li>\n\n\n\n<li>Extraordinaria resistencia al impacto (Ley de Hook)<\/li>\n\n\n\n<li>Material aprobado por la FDA <\/li>\n\n\n\n<li>No contamina<\/li>\n<\/ul>\n\n\n\n<h3 class=\"wp-block-heading\">Usos<\/h3>\n\n\n\n<ul class=\"wp-block-list\">\n<li>Agua<\/li>\n\n\n\n<li>Aguas Pluviales<\/li>\n\n\n\n<li>Agua Potable<\/li>\n\n\n\n<li>Petr\u00f3leo<\/li>\n\n\n\n<li>Aceite<\/li>\n\n\n\n<li>Productos Qu\u00edmicos<\/li>\n\n\n\n<li>Productos Qu\u00edmicos Corrosivos<\/li>\n\n\n\n<li>Solventes<\/li>\n<\/ul>\n\n\n\n<p><\/p>\n\n\n\n<h3 class=\"wp-block-heading\">Normas de fabricaci\u00f3n<\/h3>\n\n\n\n<ul class=\"wp-block-list\">\n<li>Norma ASMR RTP-1: Reinforced Thermoset Plastic Corrosion-Resistant Equipment (Equipo reforzado en pl\u00e1stico resistente a la corrosi\u00f3n)<\/li>\n<\/ul>\n\n\n\n<ul class=\"wp-block-list\">\n<li>NBS Voluntary Product Standar PS 15-69: Custom\u00a0 Contac Moldem Reinforced Polyester Chemical Resistant process equipment (Equipo de proceso resistente a qu\u00edmicos moldeado por contacto con poliester reforzado).\u00a0 Est\u00e1 norma voluntaria fue desarrollada por fabricantes, distribuidores y usuarios en cooperaci\u00f3n con el National Bureau of Standards. <\/li>\n<\/ul>\n\n\n\n<ul class=\"wp-block-list\">\n<li>Norma ASTM D-3567:  Standard Practice for Determining Dimensions of \u201cFiberglass\u201d (Glass-Fiber-Reinforced Thermosetting Resin) Pipe and Fittings (Prev\u00e9 la determinaci\u00f3n de las dimensiones f\u00edsicas de las tuber\u00edas y accesorios de fibra de vidrio).<\/li>\n<\/ul>\n\n\n\n<ul class=\"wp-block-list\">\n<li>Norma ASTM D-3299: Standard Specification for Filament-Wound Glass-Fiber-Reinforced Thermoset Resin Corrosion-Resistant Tank (Tanques cil\u00edndricos resistentes a la corrosi\u00f3n hechos de poli\u00e9ster reforzado con fibra de vidrio para contener productos qu\u00edmicos agresivos a presi\u00f3n atmosf\u00e9rica).<\/li>\n<\/ul>\n\n\n\n<ul class=\"wp-block-list\">\n<li>Norma ASTM D-3754: Standard Specification for &#8220;Fiberglass&#8221; (Glass-Fiber-Reinforced Thermosetting-Resin) Sewer and Industrial Pressure Pipe (Tanques de fibra de vidrio para su uso en sistemas de presi\u00f3n para el transporte de aguas residuales sanitarias, aguas pluviales y muchos desechos industriales y fluidos corrosivos).<\/li>\n<\/ul>\n\n\n\n<ul class=\"wp-block-list\">\n<li>Norma ASTM D-4097: Standard Specification for Contact-Molded Glass-Fiber-Reinforced Thermoset Resin Corrosion-Resistant Tanks ( Tanques de fibra de vidrio reforzado moldeados por contacto).<\/li>\n<\/ul>\n\n\n\n<ul class=\"wp-block-list\">\n<li>Norma ASME B16.5:  Aperturas bridadas <\/li>\n<\/ul>\n\n\n\n<figure class=\"wp-block-embed is-type-video is-provider-youtube wp-block-embed-youtube wp-embed-aspect-16-9 wp-has-aspect-ratio\"><div class=\"wp-block-embed__wrapper\">\n<iframe loading=\"lazy\" title=\"Tanques y Pipas - Industrias Jaapsa\" width=\"640\" height=\"360\" src=\"https:\/\/www.youtube.com\/embed\/0oG-hXdNnyw?feature=oembed&#038;enablejsapi=1&#038;origin=https:\/\/jaapsa.com\" frameborder=\"0\" allow=\"accelerometer; autoplay; clipboard-write; encrypted-media; gyroscope; picture-in-picture; web-share\" referrerpolicy=\"strict-origin-when-cross-origin\" allowfullscreen><\/iframe>\n<\/div><\/figure>\n\n\n\n<div class=\"wp-block-file\"><a href=\"https:\/\/jaapsa.com\/wp53\/wp-content\/uploads\/2021\/06\/CATALOGO-DE-TANQUES-1.pdf\">CATALOGO DE TANQUES DE INDUSTRIAS JAAPSA S.A<\/a><a href=\"https:\/\/jaapsa.com\/wp53\/wp-content\/uploads\/2021\/06\/CATALOGO-DE-TANQUES-1.pdf\" class=\"wp-block-file__button wp-element-button\" download>Descarga<\/a><\/div>\n\n\n\n<h3 class=\"wp-block-heading\"><strong>Almacenamiento de Petr\u00f3leo<\/strong><\/h3>\n\n\n\n<figure class=\"wp-block-image aligncenter size-large is-resized\"><img loading=\"lazy\" decoding=\"async\" width=\"1024\" height=\"347\" src=\"https:\/\/jaapsa.com\/wp53\/wp-content\/uploads\/2026\/03\/Captura-de-pantalla-2026-03-25-120009-1024x347.png\" alt=\"\" class=\"wp-image-1623\" style=\"width:838px;height:332px\" srcset=\"https:\/\/jaapsa.com\/wp53\/wp-content\/uploads\/2026\/03\/Captura-de-pantalla-2026-03-25-120009-1024x347.png 1024w, https:\/\/jaapsa.com\/wp53\/wp-content\/uploads\/2026\/03\/Captura-de-pantalla-2026-03-25-120009-300x102.png 300w, https:\/\/jaapsa.com\/wp53\/wp-content\/uploads\/2026\/03\/Captura-de-pantalla-2026-03-25-120009-768x260.png 768w, https:\/\/jaapsa.com\/wp53\/wp-content\/uploads\/2026\/03\/Captura-de-pantalla-2026-03-25-120009-18x6.png 18w, https:\/\/jaapsa.com\/wp53\/wp-content\/uploads\/2026\/03\/Captura-de-pantalla-2026-03-25-120009.png 1195w\" sizes=\"auto, (max-width: 1024px) 100vw, 1024px\" \/><\/figure>\n\n\n\n<div class=\"wp-block-file\"><a href=\"https:\/\/jaapsa.com\/wp53\/wp-content\/uploads\/2021\/06\/ALMACENAMIENTO-DE-PETROLEO.pdf\">ALMACENAMIENTO DE PETROLEO<\/a><a href=\"https:\/\/jaapsa.com\/wp53\/wp-content\/uploads\/2021\/06\/ALMACENAMIENTO-DE-PETROLEO.pdf\" class=\"wp-block-file__button wp-element-button\" download>Descarga<\/a><\/div>\n\n\n\n<p><\/p>\n\n\n\n<p><\/p>\n","protected":false},"excerpt":{"rendered":"<p>Los tanques y pipas Industrias JAAPSA S.A. de C.V. est\u00e1n dise\u00f1ados y construidos con pl\u00e1sticos reforzados y fibra de de vidrio para alta resistencia y durabilidad, esto hace que los tanques sean:&nbsp;FUERTES, LIGEROS Y TOTALMENTE REUTILIZABLES. Estas es una gran ventaja, puesto que su instalaci\u00f3n es r\u00e1pida, segura y &nbsp;f\u00e1cil&hellip;<\/p>\n","protected":false},"author":1,"featured_media":0,"parent":0,"menu_order":0,"comment_status":"closed","ping_status":"closed","template":"","meta":{"_joinchat":[],"footnotes":""},"class_list":["post-49","page","type-page","status-publish","hentry"],"yoast_head":"<!-- This site is optimized with the Yoast SEO plugin v25.1 - https:\/\/yoast.com\/wordpress\/plugins\/seo\/ -->\n<title>Tanques y Pipas -<\/title>\n<meta name=\"description\" content=\"Los tanques y pipas Industrias JAAPSA S.A. de C.V. est\u00e1n dise\u00f1ados y construidos con pl\u00e1sticos reforzados y fibra de de vidrio para alta resistencia ydurabilidad, esto hace que los tanques sean: FUERTES, LIGEROS Y TOTALMENTE REUTILIZABLES.\" \/>\n<meta name=\"robots\" content=\"index, follow, max-snippet:-1, max-image-preview:large, max-video-preview:-1\" \/>\n<link rel=\"canonical\" href=\"https:\/\/jaapsa.com\/wp53\/tanques-y-pipas\/\" \/>\n<meta property=\"og:locale\" content=\"es_MX\" \/>\n<meta property=\"og:type\" content=\"article\" \/>\n<meta property=\"og:title\" content=\"Tanques y Pipas -\" \/>\n<meta property=\"og:description\" content=\"Los tanques y pipas Industrias JAAPSA S.A. de C.V. est\u00e1n dise\u00f1ados y construidos con pl\u00e1sticos reforzados y fibra de de vidrio para alta resistencia ydurabilidad, esto hace que los tanques sean: FUERTES, LIGEROS Y TOTALMENTE REUTILIZABLES.\" \/>\n<meta property=\"og:url\" content=\"https:\/\/jaapsa.com\/wp53\/tanques-y-pipas\/\" \/>\n<meta property=\"article:publisher\" content=\"https:\/\/www.facebook.com\/IndustriasJAAPSA\" \/>\n<meta property=\"article:modified_time\" content=\"2026-03-25T18:02:11+00:00\" \/>\n<meta property=\"og:image\" content=\"https:\/\/jaapsa.com\/wp53\/wp-content\/uploads\/2026\/03\/Captura-de-pantalla-2026-03-25-115619.png\" \/>\n\t<meta property=\"og:image:width\" content=\"403\" \/>\n\t<meta property=\"og:image:height\" content=\"560\" \/>\n\t<meta property=\"og:image:type\" content=\"image\/png\" \/>\n<meta name=\"twitter:card\" content=\"summary_large_image\" \/>\n<meta name=\"twitter:label1\" content=\"Tiempo de lectura\" \/>\n\t<meta name=\"twitter:data1\" content=\"4 minutos\" \/>\n<script type=\"application\/ld+json\" class=\"yoast-schema-graph\">{\"@context\":\"https:\/\/schema.org\",\"@graph\":[{\"@type\":\"WebPage\",\"@id\":\"https:\/\/jaapsa.com\/wp53\/tanques-y-pipas\/\",\"url\":\"https:\/\/jaapsa.com\/wp53\/tanques-y-pipas\/\",\"name\":\"Tanques y Pipas -\",\"isPartOf\":{\"@id\":\"https:\/\/jaapsa.com\/wp53\/#website\"},\"primaryImageOfPage\":{\"@id\":\"https:\/\/jaapsa.com\/wp53\/tanques-y-pipas\/#primaryimage\"},\"image\":{\"@id\":\"https:\/\/jaapsa.com\/wp53\/tanques-y-pipas\/#primaryimage\"},\"thumbnailUrl\":\"https:\/\/jaapsa.com\/wp53\/wp-content\/uploads\/2026\/03\/Captura-de-pantalla-2026-03-25-115619.png\",\"datePublished\":\"2020-08-06T00:59:33+00:00\",\"dateModified\":\"2026-03-25T18:02:11+00:00\",\"description\":\"Los tanques y pipas Industrias JAAPSA S.A. de C.V. est\u00e1n dise\u00f1ados y construidos con pl\u00e1sticos reforzados y fibra de de vidrio para alta resistencia ydurabilidad, esto hace que los tanques sean: FUERTES, LIGEROS Y TOTALMENTE REUTILIZABLES.\",\"breadcrumb\":{\"@id\":\"https:\/\/jaapsa.com\/wp53\/tanques-y-pipas\/#breadcrumb\"},\"inLanguage\":\"es\",\"potentialAction\":[{\"@type\":\"ReadAction\",\"target\":[\"https:\/\/jaapsa.com\/wp53\/tanques-y-pipas\/\"]}]},{\"@type\":\"ImageObject\",\"inLanguage\":\"es\",\"@id\":\"https:\/\/jaapsa.com\/wp53\/tanques-y-pipas\/#primaryimage\",\"url\":\"https:\/\/jaapsa.com\/wp53\/wp-content\/uploads\/2026\/03\/Captura-de-pantalla-2026-03-25-115619.png\",\"contentUrl\":\"https:\/\/jaapsa.com\/wp53\/wp-content\/uploads\/2026\/03\/Captura-de-pantalla-2026-03-25-115619.png\",\"width\":403,\"height\":560},{\"@type\":\"BreadcrumbList\",\"@id\":\"https:\/\/jaapsa.com\/wp53\/tanques-y-pipas\/#breadcrumb\",\"itemListElement\":[{\"@type\":\"ListItem\",\"position\":1,\"name\":\"Inicio\",\"item\":\"https:\/\/jaapsa.com\/wp53\/\"},{\"@type\":\"ListItem\",\"position\":2,\"name\":\"Tanques y Pipas\"}]},{\"@type\":\"WebSite\",\"@id\":\"https:\/\/jaapsa.com\/wp53\/#website\",\"url\":\"https:\/\/jaapsa.com\/wp53\/\",\"name\":\"Industrias Jaapsa\",\"description\":\"\",\"publisher\":{\"@id\":\"https:\/\/jaapsa.com\/wp53\/#organization\"},\"potentialAction\":[{\"@type\":\"SearchAction\",\"target\":{\"@type\":\"EntryPoint\",\"urlTemplate\":\"https:\/\/jaapsa.com\/wp53\/?s={search_term_string}\"},\"query-input\":{\"@type\":\"PropertyValueSpecification\",\"valueRequired\":true,\"valueName\":\"search_term_string\"}}],\"inLanguage\":\"es\"},{\"@type\":\"Organization\",\"@id\":\"https:\/\/jaapsa.com\/wp53\/#organization\",\"name\":\"Industrias Jaapsa\",\"url\":\"https:\/\/jaapsa.com\/wp53\/\",\"logo\":{\"@type\":\"ImageObject\",\"inLanguage\":\"es\",\"@id\":\"https:\/\/jaapsa.com\/wp53\/#\/schema\/logo\/image\/\",\"url\":\"https:\/\/jaapsa.com\/wp53\/wp-content\/uploads\/2021\/02\/cropped-LOGO-JAAPSA.png\",\"contentUrl\":\"https:\/\/jaapsa.com\/wp53\/wp-content\/uploads\/2021\/02\/cropped-LOGO-JAAPSA.png\",\"width\":882,\"height\":242,\"caption\":\"Industrias Jaapsa\"},\"image\":{\"@id\":\"https:\/\/jaapsa.com\/wp53\/#\/schema\/logo\/image\/\"},\"sameAs\":[\"https:\/\/www.facebook.com\/IndustriasJAAPSA\",\"https:\/\/www.youtube.com\/channel\/UCsI4XU5O7BtGc7_TqaKsX0Q\"]}]}<\/script>\n<!-- \/ Yoast SEO plugin. -->","yoast_head_json":{"title":"Tanques y Pipas -","description":"Los tanques y pipas Industrias JAAPSA S.A. de C.V. est\u00e1n dise\u00f1ados y construidos con pl\u00e1sticos reforzados y fibra de de vidrio para alta resistencia ydurabilidad, esto hace que los tanques sean: FUERTES, LIGEROS Y TOTALMENTE REUTILIZABLES.","robots":{"index":"index","follow":"follow","max-snippet":"max-snippet:-1","max-image-preview":"max-image-preview:large","max-video-preview":"max-video-preview:-1"},"canonical":"https:\/\/jaapsa.com\/wp53\/tanques-y-pipas\/","og_locale":"es_MX","og_type":"article","og_title":"Tanques y Pipas -","og_description":"Los tanques y pipas Industrias JAAPSA S.A. de C.V. est\u00e1n dise\u00f1ados y construidos con pl\u00e1sticos reforzados y fibra de de vidrio para alta resistencia ydurabilidad, esto hace que los tanques sean: FUERTES, LIGEROS Y TOTALMENTE REUTILIZABLES.","og_url":"https:\/\/jaapsa.com\/wp53\/tanques-y-pipas\/","article_publisher":"https:\/\/www.facebook.com\/IndustriasJAAPSA","article_modified_time":"2026-03-25T18:02:11+00:00","og_image":[{"width":403,"height":560,"url":"https:\/\/jaapsa.com\/wp53\/wp-content\/uploads\/2026\/03\/Captura-de-pantalla-2026-03-25-115619.png","type":"image\/png"}],"twitter_card":"summary_large_image","twitter_misc":{"Tiempo de lectura":"4 minutos"},"schema":{"@context":"https:\/\/schema.org","@graph":[{"@type":"WebPage","@id":"https:\/\/jaapsa.com\/wp53\/tanques-y-pipas\/","url":"https:\/\/jaapsa.com\/wp53\/tanques-y-pipas\/","name":"Tanques y Pipas -","isPartOf":{"@id":"https:\/\/jaapsa.com\/wp53\/#website"},"primaryImageOfPage":{"@id":"https:\/\/jaapsa.com\/wp53\/tanques-y-pipas\/#primaryimage"},"image":{"@id":"https:\/\/jaapsa.com\/wp53\/tanques-y-pipas\/#primaryimage"},"thumbnailUrl":"https:\/\/jaapsa.com\/wp53\/wp-content\/uploads\/2026\/03\/Captura-de-pantalla-2026-03-25-115619.png","datePublished":"2020-08-06T00:59:33+00:00","dateModified":"2026-03-25T18:02:11+00:00","description":"Los tanques y pipas Industrias JAAPSA S.A. de C.V. est\u00e1n dise\u00f1ados y construidos con pl\u00e1sticos reforzados y fibra de de vidrio para alta resistencia ydurabilidad, esto hace que los tanques sean: FUERTES, LIGEROS Y TOTALMENTE REUTILIZABLES.","breadcrumb":{"@id":"https:\/\/jaapsa.com\/wp53\/tanques-y-pipas\/#breadcrumb"},"inLanguage":"es","potentialAction":[{"@type":"ReadAction","target":["https:\/\/jaapsa.com\/wp53\/tanques-y-pipas\/"]}]},{"@type":"ImageObject","inLanguage":"es","@id":"https:\/\/jaapsa.com\/wp53\/tanques-y-pipas\/#primaryimage","url":"https:\/\/jaapsa.com\/wp53\/wp-content\/uploads\/2026\/03\/Captura-de-pantalla-2026-03-25-115619.png","contentUrl":"https:\/\/jaapsa.com\/wp53\/wp-content\/uploads\/2026\/03\/Captura-de-pantalla-2026-03-25-115619.png","width":403,"height":560},{"@type":"BreadcrumbList","@id":"https:\/\/jaapsa.com\/wp53\/tanques-y-pipas\/#breadcrumb","itemListElement":[{"@type":"ListItem","position":1,"name":"Inicio","item":"https:\/\/jaapsa.com\/wp53\/"},{"@type":"ListItem","position":2,"name":"Tanques y Pipas"}]},{"@type":"WebSite","@id":"https:\/\/jaapsa.com\/wp53\/#website","url":"https:\/\/jaapsa.com\/wp53\/","name":"Industrias Jaapsa","description":"","publisher":{"@id":"https:\/\/jaapsa.com\/wp53\/#organization"},"potentialAction":[{"@type":"SearchAction","target":{"@type":"EntryPoint","urlTemplate":"https:\/\/jaapsa.com\/wp53\/?s={search_term_string}"},"query-input":{"@type":"PropertyValueSpecification","valueRequired":true,"valueName":"search_term_string"}}],"inLanguage":"es"},{"@type":"Organization","@id":"https:\/\/jaapsa.com\/wp53\/#organization","name":"Industrias Jaapsa","url":"https:\/\/jaapsa.com\/wp53\/","logo":{"@type":"ImageObject","inLanguage":"es","@id":"https:\/\/jaapsa.com\/wp53\/#\/schema\/logo\/image\/","url":"https:\/\/jaapsa.com\/wp53\/wp-content\/uploads\/2021\/02\/cropped-LOGO-JAAPSA.png","contentUrl":"https:\/\/jaapsa.com\/wp53\/wp-content\/uploads\/2021\/02\/cropped-LOGO-JAAPSA.png","width":882,"height":242,"caption":"Industrias Jaapsa"},"image":{"@id":"https:\/\/jaapsa.com\/wp53\/#\/schema\/logo\/image\/"},"sameAs":["https:\/\/www.facebook.com\/IndustriasJAAPSA","https:\/\/www.youtube.com\/channel\/UCsI4XU5O7BtGc7_TqaKsX0Q"]}]}},"_links":{"self":[{"href":"https:\/\/jaapsa.com\/wp53\/wp-json\/wp\/v2\/pages\/49","targetHints":{"allow":["GET"]}}],"collection":[{"href":"https:\/\/jaapsa.com\/wp53\/wp-json\/wp\/v2\/pages"}],"about":[{"href":"https:\/\/jaapsa.com\/wp53\/wp-json\/wp\/v2\/types\/page"}],"author":[{"embeddable":true,"href":"https:\/\/jaapsa.com\/wp53\/wp-json\/wp\/v2\/users\/1"}],"replies":[{"embeddable":true,"href":"https:\/\/jaapsa.com\/wp53\/wp-json\/wp\/v2\/comments?post=49"}],"version-history":[{"count":33,"href":"https:\/\/jaapsa.com\/wp53\/wp-json\/wp\/v2\/pages\/49\/revisions"}],"predecessor-version":[{"id":1624,"href":"https:\/\/jaapsa.com\/wp53\/wp-json\/wp\/v2\/pages\/49\/revisions\/1624"}],"wp:attachment":[{"href":"https:\/\/jaapsa.com\/wp53\/wp-json\/wp\/v2\/media?parent=49"}],"curies":[{"name":"wp","href":"https:\/\/api.w.org\/{rel}","templated":true}]}}