{"id":37,"date":"2020-08-06T00:20:01","date_gmt":"2020-08-06T00:20:01","guid":{"rendered":"https:\/\/jaapsa.com\/wp53\/?page_id=37"},"modified":"2026-03-26T08:40:01","modified_gmt":"2026-03-26T14:40:01","slug":"inicio","status":"publish","type":"page","link":"https:\/\/jaapsa.com\/wp53\/","title":{"rendered":"Inicio"},"content":{"rendered":"\n<p class=\"has-very-light-gray-color has-text-color has-background has-medium-font-size\" style=\"background-color:#62676b\">Bienvenidos<\/p>\n\n\n\n<p>La industria de manufacturaci\u00f3n de productos,\u00a0<strong>Industrias JAAPSA S.A.<\/strong> , cuenta con 48 a\u00f1os de experiencia y esta dedicado a ofrecer los mejores productos en cuanto a propiedades f\u00edsicas, qu\u00edmicas y funcionales en sus productos.<\/p>\n\n\n\n<p>AMPLIA L\u00cdNEA DE PRODUCTOS EN:<\/p>\n\n\n\n<ul class=\"wp-block-list\">\n<li>Fibra de vidrio<\/li>\n\n\n\n<li>Concreto polim\u00e9rico<\/li>\n\n\n\n<li>Pl\u00e1stico reforzado<\/li>\n\n\n\n<li>Fibra de carbono<\/li>\n\n\n\n<li>EPOXY<\/li>\n\n\n\n<li>Tuber\u00eda laminada, embobinada, epoxy<\/li>\n<\/ul>\n\n\n\n<p class=\"has-small-font-size\">Ofrece productos de gran calidad:&nbsp;<em><strong>CASETONES DE CIMBRA<\/strong><\/em>&nbsp;en Fibra de Vidrio,&nbsp;<em><strong>POZOS DE VISITA<\/strong>&nbsp;y&nbsp;&nbsp;<\/em><strong><em>REGISTROS<\/em><\/strong><em>,<\/em>&nbsp;el\u00e9ctricos,&nbsp; de telefon\u00eda y &nbsp;de alcantarillado en Fibra de Vidrio y Concreto Polim\u00e9rico;&nbsp;<em><strong>MOLDURAS&nbsp;<\/strong><\/em>para interior y exterior de edificios en Pol\u00edmero Reforzado y fabricamos cualquier&nbsp;<em><strong>DISE\u00d1O ESPECIALIZADO<\/strong><\/em>&nbsp;&nbsp;en cualquiera de nuestra gama de materiales.Contamos con una extensa gama de Tuber\u00edas: Tuber\u00eda Laminada, Tuber\u00eda Embobinada, Tuber\u00eda Epoxy.<strong>&nbsp;Trabajamos para toda la Rep\u00fablica Mexicana y el extranjero<\/strong>.<\/p>\n\n\n\n<figure class=\"wp-block-embed is-type-video is-provider-youtube wp-block-embed-youtube wp-embed-aspect-16-9 wp-has-aspect-ratio\"><div class=\"wp-block-embed__wrapper\">\n<iframe loading=\"lazy\" title=\"Industrias Jaapsa\" width=\"640\" height=\"360\" src=\"https:\/\/www.youtube.com\/embed\/dEA6yCRxf8k?feature=oembed\" frameborder=\"0\" allow=\"accelerometer; autoplay; clipboard-write; encrypted-media; gyroscope; picture-in-picture; web-share\" referrerpolicy=\"strict-origin-when-cross-origin\" allowfullscreen><\/iframe>\n<\/div><\/figure>\n","protected":false},"excerpt":{"rendered":"<p>Bienvenidos La industria de manufacturaci\u00f3n de productos,\u00a0Industrias JAAPSA S.A. , cuenta con 48 a\u00f1os de experiencia y esta dedicado a ofrecer los mejores productos en cuanto a propiedades f\u00edsicas, qu\u00edmicas y funcionales en sus productos. AMPLIA L\u00cdNEA DE PRODUCTOS EN: Ofrece productos de gran calidad:&nbsp;CASETONES DE CIMBRA&nbsp;en Fibra de Vidrio,&nbsp;POZOS&hellip;<\/p>\n","protected":false},"author":1,"featured_media":0,"parent":0,"menu_order":0,"comment_status":"closed","ping_status":"closed","template":"","meta":{"_joinchat":[],"footnotes":""},"class_list":["post-37","page","type-page","status-publish","hentry"],"yoast_head":"<!-- This site is optimized with the Yoast SEO plugin v25.1 - https:\/\/yoast.com\/wordpress\/plugins\/seo\/ -->\n<title>Inicio -<\/title>\n<meta name=\"robots\" content=\"index, follow, max-snippet:-1, max-image-preview:large, max-video-preview:-1\" \/>\n<link rel=\"canonical\" href=\"https:\/\/jaapsa.com\/wp53\/\" \/>\n<meta property=\"og:locale\" content=\"es_MX\" \/>\n<meta property=\"og:type\" content=\"article\" \/>\n<meta property=\"og:title\" content=\"Inicio -\" \/>\n<meta property=\"og:description\" content=\"Bienvenidos La industria de manufacturaci\u00f3n de productos,\u00a0Industrias JAAPSA S.A. , cuenta con 48 a\u00f1os de experiencia y esta dedicado a ofrecer los mejores productos en cuanto a propiedades f\u00edsicas, qu\u00edmicas y funcionales en sus productos. AMPLIA L\u00cdNEA DE PRODUCTOS EN: Ofrece productos de gran calidad:&nbsp;CASETONES DE CIMBRA&nbsp;en Fibra de Vidrio,&nbsp;POZOS&hellip;\" \/>\n<meta property=\"og:url\" content=\"https:\/\/jaapsa.com\/wp53\/\" \/>\n<meta property=\"article:publisher\" content=\"https:\/\/www.facebook.com\/IndustriasJAAPSA\" \/>\n<meta property=\"article:modified_time\" content=\"2026-03-26T14:40:01+00:00\" \/>\n<meta name=\"twitter:card\" content=\"summary_large_image\" \/>\n<meta name=\"twitter:label1\" content=\"Tiempo de lectura\" \/>\n\t<meta name=\"twitter:data1\" content=\"1 minuto\" \/>\n<script type=\"application\/ld+json\" class=\"yoast-schema-graph\">{\"@context\":\"https:\/\/schema.org\",\"@graph\":[{\"@type\":\"WebPage\",\"@id\":\"https:\/\/jaapsa.com\/wp53\/\",\"url\":\"https:\/\/jaapsa.com\/wp53\/\",\"name\":\"Inicio -\",\"isPartOf\":{\"@id\":\"https:\/\/jaapsa.com\/wp53\/#website\"},\"datePublished\":\"2020-08-06T00:20:01+00:00\",\"dateModified\":\"2026-03-26T14:40:01+00:00\",\"breadcrumb\":{\"@id\":\"https:\/\/jaapsa.com\/wp53\/#breadcrumb\"},\"inLanguage\":\"es\",\"potentialAction\":[{\"@type\":\"ReadAction\",\"target\":[\"https:\/\/jaapsa.com\/wp53\/\"]}]},{\"@type\":\"BreadcrumbList\",\"@id\":\"https:\/\/jaapsa.com\/wp53\/#breadcrumb\",\"itemListElement\":[{\"@type\":\"ListItem\",\"position\":1,\"name\":\"Inicio\",\"item\":\"https:\/\/jaapsa.com\/wp53\/\"},{\"@type\":\"ListItem\",\"position\":2,\"name\":\"Inicio\"}]},{\"@type\":\"WebSite\",\"@id\":\"https:\/\/jaapsa.com\/wp53\/#website\",\"url\":\"https:\/\/jaapsa.com\/wp53\/\",\"name\":\"Industrias Jaapsa\",\"description\":\"\",\"publisher\":{\"@id\":\"https:\/\/jaapsa.com\/wp53\/#organization\"},\"potentialAction\":[{\"@type\":\"SearchAction\",\"target\":{\"@type\":\"EntryPoint\",\"urlTemplate\":\"https:\/\/jaapsa.com\/wp53\/?s={search_term_string}\"},\"query-input\":{\"@type\":\"PropertyValueSpecification\",\"valueRequired\":true,\"valueName\":\"search_term_string\"}}],\"inLanguage\":\"es\"},{\"@type\":\"Organization\",\"@id\":\"https:\/\/jaapsa.com\/wp53\/#organization\",\"name\":\"Industrias Jaapsa\",\"url\":\"https:\/\/jaapsa.com\/wp53\/\",\"logo\":{\"@type\":\"ImageObject\",\"inLanguage\":\"es\",\"@id\":\"https:\/\/jaapsa.com\/wp53\/#\/schema\/logo\/image\/\",\"url\":\"https:\/\/jaapsa.com\/wp53\/wp-content\/uploads\/2021\/02\/cropped-LOGO-JAAPSA.png\",\"contentUrl\":\"https:\/\/jaapsa.com\/wp53\/wp-content\/uploads\/2021\/02\/cropped-LOGO-JAAPSA.png\",\"width\":882,\"height\":242,\"caption\":\"Industrias Jaapsa\"},\"image\":{\"@id\":\"https:\/\/jaapsa.com\/wp53\/#\/schema\/logo\/image\/\"},\"sameAs\":[\"https:\/\/www.facebook.com\/IndustriasJAAPSA\",\"https:\/\/www.youtube.com\/channel\/UCsI4XU5O7BtGc7_TqaKsX0Q\"]}]}<\/script>\n<!-- \/ Yoast SEO plugin. -->","yoast_head_json":{"title":"Inicio -","robots":{"index":"index","follow":"follow","max-snippet":"max-snippet:-1","max-image-preview":"max-image-preview:large","max-video-preview":"max-video-preview:-1"},"canonical":"https:\/\/jaapsa.com\/wp53\/","og_locale":"es_MX","og_type":"article","og_title":"Inicio -","og_description":"Bienvenidos La industria de manufacturaci\u00f3n de productos,\u00a0Industrias JAAPSA S.A. , cuenta con 48 a\u00f1os de experiencia y esta dedicado a ofrecer los mejores productos en cuanto a propiedades f\u00edsicas, qu\u00edmicas y funcionales en sus productos. AMPLIA L\u00cdNEA DE PRODUCTOS EN: Ofrece productos de gran calidad:&nbsp;CASETONES DE CIMBRA&nbsp;en Fibra de Vidrio,&nbsp;POZOS&hellip;","og_url":"https:\/\/jaapsa.com\/wp53\/","article_publisher":"https:\/\/www.facebook.com\/IndustriasJAAPSA","article_modified_time":"2026-03-26T14:40:01+00:00","twitter_card":"summary_large_image","twitter_misc":{"Tiempo de lectura":"1 minuto"},"schema":{"@context":"https:\/\/schema.org","@graph":[{"@type":"WebPage","@id":"https:\/\/jaapsa.com\/wp53\/","url":"https:\/\/jaapsa.com\/wp53\/","name":"Inicio -","isPartOf":{"@id":"https:\/\/jaapsa.com\/wp53\/#website"},"datePublished":"2020-08-06T00:20:01+00:00","dateModified":"2026-03-26T14:40:01+00:00","breadcrumb":{"@id":"https:\/\/jaapsa.com\/wp53\/#breadcrumb"},"inLanguage":"es","potentialAction":[{"@type":"ReadAction","target":["https:\/\/jaapsa.com\/wp53\/"]}]},{"@type":"BreadcrumbList","@id":"https:\/\/jaapsa.com\/wp53\/#breadcrumb","itemListElement":[{"@type":"ListItem","position":1,"name":"Inicio","item":"https:\/\/jaapsa.com\/wp53\/"},{"@type":"ListItem","position":2,"name":"Inicio"}]},{"@type":"WebSite","@id":"https:\/\/jaapsa.com\/wp53\/#website","url":"https:\/\/jaapsa.com\/wp53\/","name":"Industrias Jaapsa","description":"","publisher":{"@id":"https:\/\/jaapsa.com\/wp53\/#organization"},"potentialAction":[{"@type":"SearchAction","target":{"@type":"EntryPoint","urlTemplate":"https:\/\/jaapsa.com\/wp53\/?s={search_term_string}"},"query-input":{"@type":"PropertyValueSpecification","valueRequired":true,"valueName":"search_term_string"}}],"inLanguage":"es"},{"@type":"Organization","@id":"https:\/\/jaapsa.com\/wp53\/#organization","name":"Industrias Jaapsa","url":"https:\/\/jaapsa.com\/wp53\/","logo":{"@type":"ImageObject","inLanguage":"es","@id":"https:\/\/jaapsa.com\/wp53\/#\/schema\/logo\/image\/","url":"https:\/\/jaapsa.com\/wp53\/wp-content\/uploads\/2021\/02\/cropped-LOGO-JAAPSA.png","contentUrl":"https:\/\/jaapsa.com\/wp53\/wp-content\/uploads\/2021\/02\/cropped-LOGO-JAAPSA.png","width":882,"height":242,"caption":"Industrias Jaapsa"},"image":{"@id":"https:\/\/jaapsa.com\/wp53\/#\/schema\/logo\/image\/"},"sameAs":["https:\/\/www.facebook.com\/IndustriasJAAPSA","https:\/\/www.youtube.com\/channel\/UCsI4XU5O7BtGc7_TqaKsX0Q"]}]}},"_links":{"self":[{"href":"https:\/\/jaapsa.com\/wp53\/wp-json\/wp\/v2\/pages\/37","targetHints":{"allow":["GET"]}}],"collection":[{"href":"https:\/\/jaapsa.com\/wp53\/wp-json\/wp\/v2\/pages"}],"about":[{"href":"https:\/\/jaapsa.com\/wp53\/wp-json\/wp\/v2\/types\/page"}],"author":[{"embeddable":true,"href":"https:\/\/jaapsa.com\/wp53\/wp-json\/wp\/v2\/users\/1"}],"replies":[{"embeddable":true,"href":"https:\/\/jaapsa.com\/wp53\/wp-json\/wp\/v2\/comments?post=37"}],"version-history":[{"count":17,"href":"https:\/\/jaapsa.com\/wp53\/wp-json\/wp\/v2\/pages\/37\/revisions"}],"predecessor-version":[{"id":1749,"href":"https:\/\/jaapsa.com\/wp53\/wp-json\/wp\/v2\/pages\/37\/revisions\/1749"}],"wp:attachment":[{"href":"https:\/\/jaapsa.com\/wp53\/wp-json\/wp\/v2\/media?parent=37"}],"curies":[{"name":"wp","href":"https:\/\/api.w.org\/{rel}","templated":true}]}}