{"id":1365,"date":"2023-08-24T17:15:40","date_gmt":"2023-08-24T17:15:40","guid":{"rendered":"https:\/\/jaapsa.com\/wp53\/?page_id=1365"},"modified":"2026-03-25T12:05:14","modified_gmt":"2026-03-25T18:05:14","slug":"escuelas-portatiles-o-permanentes","status":"publish","type":"page","link":"https:\/\/jaapsa.com\/wp53\/escuelas-portatiles-o-permanentes\/","title":{"rendered":"Escuelas Port\u00e1tiles o Permanentes"},"content":{"rendered":"\n<figure class=\"wp-block-gallery has-nested-images columns-default is-cropped wp-block-gallery-1 is-layout-flex wp-block-gallery-is-layout-flex\">\n<figure class=\"wp-block-image size-full\"><img loading=\"lazy\" decoding=\"async\" width=\"1920\" height=\"952\" data-id=\"1486\" src=\"https:\/\/jaapsa.com\/wp53\/wp-content\/uploads\/2026\/03\/Escuelas-Portatiles-o-Permanentes.png\" alt=\"\" class=\"wp-image-1486\" srcset=\"https:\/\/jaapsa.com\/wp53\/wp-content\/uploads\/2026\/03\/Escuelas-Portatiles-o-Permanentes.png 1920w, https:\/\/jaapsa.com\/wp53\/wp-content\/uploads\/2026\/03\/Escuelas-Portatiles-o-Permanentes-300x149.png 300w, https:\/\/jaapsa.com\/wp53\/wp-content\/uploads\/2026\/03\/Escuelas-Portatiles-o-Permanentes-1024x508.png 1024w, https:\/\/jaapsa.com\/wp53\/wp-content\/uploads\/2026\/03\/Escuelas-Portatiles-o-Permanentes-768x381.png 768w, https:\/\/jaapsa.com\/wp53\/wp-content\/uploads\/2026\/03\/Escuelas-Portatiles-o-Permanentes-1536x762.png 1536w, https:\/\/jaapsa.com\/wp53\/wp-content\/uploads\/2026\/03\/Escuelas-Portatiles-o-Permanentes-18x9.png 18w\" sizes=\"auto, (max-width: 1920px) 100vw, 1920px\" \/><\/figure>\n<\/figure>\n\n\n\n<p>En Industrias JAAPSA creamos Escuelas Port\u00e1tiles o Permanentes de r\u00e1pida instalaci\u00f3n y alta resistencia que soportan situaciones extremas, huracanes, lluvias y temperaturas altas y bajas, con el fin de crear espacios seguros donde los profesores y alumnos podr\u00e1n obtener un buen aprendizaje.<\/p>\n\n\n\n<h2 class=\"wp-block-heading has-text-align-center\">\u00bfPor qu\u00e9 elegir las Escuelas Port\u00e1tiles o Permanentes de Industrias Jaapsa?<\/h2>\n\n\n\n<p>Industrias JAAPSA ofrece una serie de ventajas que ayudan a obtener una mejor comodidad en los lugares creados para las Escuelas Port\u00e1tiles o Permanentes y asi generar un mejor lugar para los alumnos y profesores.<\/p>\n\n\n\n<h3 class=\"wp-block-heading\">Ventajas<\/h3>\n\n\n\n<ul class=\"wp-block-list\">\n<li>R\u00e1pida instalaci\u00f3n<\/li>\n\n\n\n<li>Aislante t\u00e9rmico en su interior<\/li>\n\n\n\n<li>Resistente a inclemencias del clima<\/li>\n\n\n\n<li>Mas \u00e1rea en su interior &#8211; 8mts de ancho<\/li>\n\n\n\n<li>Mas altura &#8211; 3.50mts sensaci\u00f3n de espacio<\/li>\n\n\n\n<li>La composici\u00f3n es impermeable a la lluvia<\/li>\n\n\n\n<li>Es m\u00e1s conveniente comprar que rentar<\/li>\n\n\n\n<li>Escaso mantenimiento<\/li>\n\n\n\n<li>Color integrado blanco<\/li>\n\n\n\n<li>Resistente a impactos y vandalismo<\/li>\n\n\n\n<li>Adecuado para \u00e1reas inh\u00f3spitas y ciudades<\/li>\n\n\n\n<li>El techo cuenta con un sistema de recolecci\u00f3n de agua de lluvia para almacenar en un tanque de agua y reutilizarlo posteriormente de ser filtrado los sedimentos, se encuentra integrado en la edificaci\u00f3n en un tanque de almacenamiento<\/li>\n\n\n\n<li>El techo curvo permite un mejor flujo del aire para la ventilaci\u00f3n<\/li>\n\n\n\n<li>En \u00e1reas rurales cuenta con paneles solares para iluminaci\u00f3n del interior<\/li>\n\n\n\n<li>Al ampliar las extensiones de los extremos permite m\u00e1s sombra en \u00e1reas de mayor temperatura<\/li>\n\n\n\n<li>En \u00e9poca de invierno es c\u00f3modo por su aislamiento t\u00e9rmico<\/li>\n\n\n\n<li>Para \u00e1reas rurales, se ofrece tambi\u00e9n ba\u00f1os port\u00e1tiles con sus fosas s\u00e9pticas<\/li>\n<\/ul>\n\n\n\n<h3 class=\"wp-block-heading\">Medidas<\/h3>\n\n\n\n<p>Las Escuelas Port\u00e1tiles o Permanentes de Industrias JAAPSA cuentan con:<\/p>\n\n\n\n<ul class=\"wp-block-list\">\n<li>Son secciones de 1mts de ancho x 4mts<\/li>\n\n\n\n<li>Uni\u00e9ndolas dan un ancho de 8mts<\/li>\n\n\n\n<li>De continuar la uni\u00f3n se ampl\u00eda a 10mts o 20mts o 30mts, sucesivamente 8mts x 100mts<\/li>\n\n\n\n<li>La altura es de 3.50mts<\/li>\n<\/ul>\n\n\n\n<h3 class=\"wp-block-heading\">Material Utilizado<\/h3>\n\n\n\n<p>Las Escuelas Port\u00e1tiles o Permanentes de Industrias Jaapsa se presentan en 3 tipos de materiales diferentes para su elaboraci\u00f3n.<\/p>\n\n\n\n<ul class=\"wp-block-list\">\n<li>Cemento espumado con espesor de 10cm con aislamiento t\u00e9rmico<\/li>\n\n\n\n<li>Cemento exterior con aislante t\u00e9rmico y yeso en el interior<\/li>\n\n\n\n<li>Pol\u00edmero con aislante t\u00e9rmico <\/li>\n<\/ul>\n\n\n\n<figure class=\"wp-block-image size-full\"><img loading=\"lazy\" decoding=\"async\" width=\"995\" height=\"561\" src=\"https:\/\/jaapsa.com\/wp53\/wp-content\/uploads\/2026\/03\/Captura-de-pantalla-2026-03-25-120441.png\" alt=\"\" class=\"wp-image-1625\" srcset=\"https:\/\/jaapsa.com\/wp53\/wp-content\/uploads\/2026\/03\/Captura-de-pantalla-2026-03-25-120441.png 995w, https:\/\/jaapsa.com\/wp53\/wp-content\/uploads\/2026\/03\/Captura-de-pantalla-2026-03-25-120441-300x169.png 300w, https:\/\/jaapsa.com\/wp53\/wp-content\/uploads\/2026\/03\/Captura-de-pantalla-2026-03-25-120441-768x433.png 768w, https:\/\/jaapsa.com\/wp53\/wp-content\/uploads\/2026\/03\/Captura-de-pantalla-2026-03-25-120441-18x10.png 18w\" sizes=\"auto, (max-width: 995px) 100vw, 995px\" \/><\/figure>\n\n\n\n<p><\/p>\n","protected":false},"excerpt":{"rendered":"<p>En Industrias JAAPSA creamos Escuelas Port\u00e1tiles o Permanentes de r\u00e1pida instalaci\u00f3n y alta resistencia que soportan situaciones extremas, huracanes, lluvias y temperaturas altas y bajas, con el fin de crear espacios seguros donde los profesores y alumnos podr\u00e1n obtener un buen aprendizaje. \u00bfPor qu\u00e9 elegir las Escuelas Port\u00e1tiles o Permanentes&hellip;<\/p>\n","protected":false},"author":1,"featured_media":0,"parent":0,"menu_order":0,"comment_status":"closed","ping_status":"closed","template":"","meta":{"_joinchat":[],"footnotes":""},"class_list":["post-1365","page","type-page","status-publish","hentry"],"yoast_head":"<!-- This site is optimized with the Yoast SEO plugin v25.1 - https:\/\/yoast.com\/wordpress\/plugins\/seo\/ -->\n<title>Escuelas Port\u00e1tiles o Permanentes -<\/title>\n<meta name=\"robots\" content=\"index, follow, max-snippet:-1, max-image-preview:large, max-video-preview:-1\" \/>\n<link rel=\"canonical\" href=\"https:\/\/jaapsa.com\/wp53\/escuelas-portatiles-o-permanentes\/\" \/>\n<meta property=\"og:locale\" content=\"es_MX\" \/>\n<meta property=\"og:type\" content=\"article\" \/>\n<meta property=\"og:title\" content=\"Escuelas Port\u00e1tiles o Permanentes -\" \/>\n<meta property=\"og:description\" content=\"En Industrias JAAPSA creamos Escuelas Port\u00e1tiles o Permanentes de r\u00e1pida instalaci\u00f3n y alta resistencia que soportan situaciones extremas, huracanes, lluvias y temperaturas altas y bajas, con el fin de crear espacios seguros donde los profesores y alumnos podr\u00e1n obtener un buen aprendizaje. \u00bfPor qu\u00e9 elegir las Escuelas Port\u00e1tiles o Permanentes&hellip;\" \/>\n<meta property=\"og:url\" content=\"https:\/\/jaapsa.com\/wp53\/escuelas-portatiles-o-permanentes\/\" \/>\n<meta property=\"article:publisher\" content=\"https:\/\/www.facebook.com\/IndustriasJAAPSA\" \/>\n<meta property=\"article:modified_time\" content=\"2026-03-25T18:05:14+00:00\" \/>\n<meta property=\"og:image\" content=\"https:\/\/jaapsa.com\/wp53\/wp-content\/uploads\/2026\/03\/Escuelas-Portatiles-o-Permanentes.png\" \/>\n\t<meta property=\"og:image:width\" content=\"1920\" \/>\n\t<meta property=\"og:image:height\" content=\"952\" \/>\n\t<meta property=\"og:image:type\" content=\"image\/png\" \/>\n<meta name=\"twitter:card\" content=\"summary_large_image\" \/>\n<meta name=\"twitter:label1\" content=\"Tiempo de lectura\" \/>\n\t<meta name=\"twitter:data1\" content=\"2 minutos\" \/>\n<script type=\"application\/ld+json\" class=\"yoast-schema-graph\">{\"@context\":\"https:\/\/schema.org\",\"@graph\":[{\"@type\":\"WebPage\",\"@id\":\"https:\/\/jaapsa.com\/wp53\/escuelas-portatiles-o-permanentes\/\",\"url\":\"https:\/\/jaapsa.com\/wp53\/escuelas-portatiles-o-permanentes\/\",\"name\":\"Escuelas Port\u00e1tiles o Permanentes -\",\"isPartOf\":{\"@id\":\"https:\/\/jaapsa.com\/wp53\/#website\"},\"primaryImageOfPage\":{\"@id\":\"https:\/\/jaapsa.com\/wp53\/escuelas-portatiles-o-permanentes\/#primaryimage\"},\"image\":{\"@id\":\"https:\/\/jaapsa.com\/wp53\/escuelas-portatiles-o-permanentes\/#primaryimage\"},\"thumbnailUrl\":\"https:\/\/jaapsa.com\/wp53\/wp-content\/uploads\/2026\/03\/Escuelas-Portatiles-o-Permanentes.png\",\"datePublished\":\"2023-08-24T17:15:40+00:00\",\"dateModified\":\"2026-03-25T18:05:14+00:00\",\"breadcrumb\":{\"@id\":\"https:\/\/jaapsa.com\/wp53\/escuelas-portatiles-o-permanentes\/#breadcrumb\"},\"inLanguage\":\"es\",\"potentialAction\":[{\"@type\":\"ReadAction\",\"target\":[\"https:\/\/jaapsa.com\/wp53\/escuelas-portatiles-o-permanentes\/\"]}]},{\"@type\":\"ImageObject\",\"inLanguage\":\"es\",\"@id\":\"https:\/\/jaapsa.com\/wp53\/escuelas-portatiles-o-permanentes\/#primaryimage\",\"url\":\"https:\/\/jaapsa.com\/wp53\/wp-content\/uploads\/2026\/03\/Escuelas-Portatiles-o-Permanentes.png\",\"contentUrl\":\"https:\/\/jaapsa.com\/wp53\/wp-content\/uploads\/2026\/03\/Escuelas-Portatiles-o-Permanentes.png\",\"width\":1920,\"height\":952},{\"@type\":\"BreadcrumbList\",\"@id\":\"https:\/\/jaapsa.com\/wp53\/escuelas-portatiles-o-permanentes\/#breadcrumb\",\"itemListElement\":[{\"@type\":\"ListItem\",\"position\":1,\"name\":\"Inicio\",\"item\":\"https:\/\/jaapsa.com\/wp53\/\"},{\"@type\":\"ListItem\",\"position\":2,\"name\":\"Escuelas Port\u00e1tiles o Permanentes\"}]},{\"@type\":\"WebSite\",\"@id\":\"https:\/\/jaapsa.com\/wp53\/#website\",\"url\":\"https:\/\/jaapsa.com\/wp53\/\",\"name\":\"Industrias Jaapsa\",\"description\":\"\",\"publisher\":{\"@id\":\"https:\/\/jaapsa.com\/wp53\/#organization\"},\"potentialAction\":[{\"@type\":\"SearchAction\",\"target\":{\"@type\":\"EntryPoint\",\"urlTemplate\":\"https:\/\/jaapsa.com\/wp53\/?s={search_term_string}\"},\"query-input\":{\"@type\":\"PropertyValueSpecification\",\"valueRequired\":true,\"valueName\":\"search_term_string\"}}],\"inLanguage\":\"es\"},{\"@type\":\"Organization\",\"@id\":\"https:\/\/jaapsa.com\/wp53\/#organization\",\"name\":\"Industrias Jaapsa\",\"url\":\"https:\/\/jaapsa.com\/wp53\/\",\"logo\":{\"@type\":\"ImageObject\",\"inLanguage\":\"es\",\"@id\":\"https:\/\/jaapsa.com\/wp53\/#\/schema\/logo\/image\/\",\"url\":\"https:\/\/jaapsa.com\/wp53\/wp-content\/uploads\/2021\/02\/cropped-LOGO-JAAPSA.png\",\"contentUrl\":\"https:\/\/jaapsa.com\/wp53\/wp-content\/uploads\/2021\/02\/cropped-LOGO-JAAPSA.png\",\"width\":882,\"height\":242,\"caption\":\"Industrias Jaapsa\"},\"image\":{\"@id\":\"https:\/\/jaapsa.com\/wp53\/#\/schema\/logo\/image\/\"},\"sameAs\":[\"https:\/\/www.facebook.com\/IndustriasJAAPSA\",\"https:\/\/www.youtube.com\/channel\/UCsI4XU5O7BtGc7_TqaKsX0Q\"]}]}<\/script>\n<!-- \/ Yoast SEO plugin. -->","yoast_head_json":{"title":"Escuelas Port\u00e1tiles o Permanentes -","robots":{"index":"index","follow":"follow","max-snippet":"max-snippet:-1","max-image-preview":"max-image-preview:large","max-video-preview":"max-video-preview:-1"},"canonical":"https:\/\/jaapsa.com\/wp53\/escuelas-portatiles-o-permanentes\/","og_locale":"es_MX","og_type":"article","og_title":"Escuelas Port\u00e1tiles o Permanentes -","og_description":"En Industrias JAAPSA creamos Escuelas Port\u00e1tiles o Permanentes de r\u00e1pida instalaci\u00f3n y alta resistencia que soportan situaciones extremas, huracanes, lluvias y temperaturas altas y bajas, con el fin de crear espacios seguros donde los profesores y alumnos podr\u00e1n obtener un buen aprendizaje. \u00bfPor qu\u00e9 elegir las Escuelas Port\u00e1tiles o Permanentes&hellip;","og_url":"https:\/\/jaapsa.com\/wp53\/escuelas-portatiles-o-permanentes\/","article_publisher":"https:\/\/www.facebook.com\/IndustriasJAAPSA","article_modified_time":"2026-03-25T18:05:14+00:00","og_image":[{"width":1920,"height":952,"url":"https:\/\/jaapsa.com\/wp53\/wp-content\/uploads\/2026\/03\/Escuelas-Portatiles-o-Permanentes.png","type":"image\/png"}],"twitter_card":"summary_large_image","twitter_misc":{"Tiempo de lectura":"2 minutos"},"schema":{"@context":"https:\/\/schema.org","@graph":[{"@type":"WebPage","@id":"https:\/\/jaapsa.com\/wp53\/escuelas-portatiles-o-permanentes\/","url":"https:\/\/jaapsa.com\/wp53\/escuelas-portatiles-o-permanentes\/","name":"Escuelas Port\u00e1tiles o Permanentes -","isPartOf":{"@id":"https:\/\/jaapsa.com\/wp53\/#website"},"primaryImageOfPage":{"@id":"https:\/\/jaapsa.com\/wp53\/escuelas-portatiles-o-permanentes\/#primaryimage"},"image":{"@id":"https:\/\/jaapsa.com\/wp53\/escuelas-portatiles-o-permanentes\/#primaryimage"},"thumbnailUrl":"https:\/\/jaapsa.com\/wp53\/wp-content\/uploads\/2026\/03\/Escuelas-Portatiles-o-Permanentes.png","datePublished":"2023-08-24T17:15:40+00:00","dateModified":"2026-03-25T18:05:14+00:00","breadcrumb":{"@id":"https:\/\/jaapsa.com\/wp53\/escuelas-portatiles-o-permanentes\/#breadcrumb"},"inLanguage":"es","potentialAction":[{"@type":"ReadAction","target":["https:\/\/jaapsa.com\/wp53\/escuelas-portatiles-o-permanentes\/"]}]},{"@type":"ImageObject","inLanguage":"es","@id":"https:\/\/jaapsa.com\/wp53\/escuelas-portatiles-o-permanentes\/#primaryimage","url":"https:\/\/jaapsa.com\/wp53\/wp-content\/uploads\/2026\/03\/Escuelas-Portatiles-o-Permanentes.png","contentUrl":"https:\/\/jaapsa.com\/wp53\/wp-content\/uploads\/2026\/03\/Escuelas-Portatiles-o-Permanentes.png","width":1920,"height":952},{"@type":"BreadcrumbList","@id":"https:\/\/jaapsa.com\/wp53\/escuelas-portatiles-o-permanentes\/#breadcrumb","itemListElement":[{"@type":"ListItem","position":1,"name":"Inicio","item":"https:\/\/jaapsa.com\/wp53\/"},{"@type":"ListItem","position":2,"name":"Escuelas Port\u00e1tiles o Permanentes"}]},{"@type":"WebSite","@id":"https:\/\/jaapsa.com\/wp53\/#website","url":"https:\/\/jaapsa.com\/wp53\/","name":"Industrias Jaapsa","description":"","publisher":{"@id":"https:\/\/jaapsa.com\/wp53\/#organization"},"potentialAction":[{"@type":"SearchAction","target":{"@type":"EntryPoint","urlTemplate":"https:\/\/jaapsa.com\/wp53\/?s={search_term_string}"},"query-input":{"@type":"PropertyValueSpecification","valueRequired":true,"valueName":"search_term_string"}}],"inLanguage":"es"},{"@type":"Organization","@id":"https:\/\/jaapsa.com\/wp53\/#organization","name":"Industrias Jaapsa","url":"https:\/\/jaapsa.com\/wp53\/","logo":{"@type":"ImageObject","inLanguage":"es","@id":"https:\/\/jaapsa.com\/wp53\/#\/schema\/logo\/image\/","url":"https:\/\/jaapsa.com\/wp53\/wp-content\/uploads\/2021\/02\/cropped-LOGO-JAAPSA.png","contentUrl":"https:\/\/jaapsa.com\/wp53\/wp-content\/uploads\/2021\/02\/cropped-LOGO-JAAPSA.png","width":882,"height":242,"caption":"Industrias Jaapsa"},"image":{"@id":"https:\/\/jaapsa.com\/wp53\/#\/schema\/logo\/image\/"},"sameAs":["https:\/\/www.facebook.com\/IndustriasJAAPSA","https:\/\/www.youtube.com\/channel\/UCsI4XU5O7BtGc7_TqaKsX0Q"]}]}},"_links":{"self":[{"href":"https:\/\/jaapsa.com\/wp53\/wp-json\/wp\/v2\/pages\/1365","targetHints":{"allow":["GET"]}}],"collection":[{"href":"https:\/\/jaapsa.com\/wp53\/wp-json\/wp\/v2\/pages"}],"about":[{"href":"https:\/\/jaapsa.com\/wp53\/wp-json\/wp\/v2\/types\/page"}],"author":[{"embeddable":true,"href":"https:\/\/jaapsa.com\/wp53\/wp-json\/wp\/v2\/users\/1"}],"replies":[{"embeddable":true,"href":"https:\/\/jaapsa.com\/wp53\/wp-json\/wp\/v2\/comments?post=1365"}],"version-history":[{"count":23,"href":"https:\/\/jaapsa.com\/wp53\/wp-json\/wp\/v2\/pages\/1365\/revisions"}],"predecessor-version":[{"id":1626,"href":"https:\/\/jaapsa.com\/wp53\/wp-json\/wp\/v2\/pages\/1365\/revisions\/1626"}],"wp:attachment":[{"href":"https:\/\/jaapsa.com\/wp53\/wp-json\/wp\/v2\/media?parent=1365"}],"curies":[{"name":"wp","href":"https:\/\/api.w.org\/{rel}","templated":true}]}}