{"id":1286,"date":"2022-09-09T15:59:09","date_gmt":"2022-09-09T15:59:09","guid":{"rendered":"https:\/\/jaapsa.com\/wp53\/?page_id=1286"},"modified":"2026-03-25T12:37:26","modified_gmt":"2026-03-25T18:37:26","slug":"pisos-epoxicos","status":"publish","type":"page","link":"https:\/\/jaapsa.com\/wp53\/pisos-epoxicos\/","title":{"rendered":"Pisos Ep\u00f3xicos"},"content":{"rendered":"\n<h1 class=\"wp-block-heading\"><strong>\u00bfQu\u00e9 es un Piso Ep\u00f3xico?<\/strong><\/h1>\n\n\n\n<p>El piso ep\u00f3xico se compone de resina y catalizador, nos ayuda para proteger el piso de impactos o arrastre, choques t\u00e9rmicos, derrames qu\u00edmicos corrosivos, tr\u00e1nsito pesado, protecci\u00f3n contra grasa, aceites dif\u00edciles de limpiar y alta asepsia que requieran un estricto control de limpieza y sanidad.<\/p>\n\n\n\n<p>Expertos en recubrimientos que cumplen con los est\u00e1ndares de empresas de primer nivel.<\/p>\n\n\n\n<figure class=\"wp-block-image aligncenter size-full is-resized\"><img loading=\"lazy\" decoding=\"async\" width=\"747\" height=\"562\" src=\"https:\/\/jaapsa.com\/wp53\/wp-content\/uploads\/2026\/03\/Captura-de-pantalla-2026-03-25-122710.png\" alt=\"\" class=\"wp-image-1627\" style=\"width:684px;height:513px\" srcset=\"https:\/\/jaapsa.com\/wp53\/wp-content\/uploads\/2026\/03\/Captura-de-pantalla-2026-03-25-122710.png 747w, https:\/\/jaapsa.com\/wp53\/wp-content\/uploads\/2026\/03\/Captura-de-pantalla-2026-03-25-122710-300x226.png 300w, https:\/\/jaapsa.com\/wp53\/wp-content\/uploads\/2026\/03\/Captura-de-pantalla-2026-03-25-122710-16x12.png 16w\" sizes=\"auto, (max-width: 747px) 100vw, 747px\" \/><\/figure>\n\n\n\n<h3 class=\"wp-block-heading\"><strong>\u00bfD\u00f3nde Utilizar El Sistema Ep\u00f3xico De Recubrimiento?<\/strong><\/h3>\n\n\n\n<p>En \u00e1reas sometidas a fuertes cargas e impactos, producidas por tr\u00e1nsito pesado y operaci\u00f3n de maquinaria pesada, tambi\u00e9n y donde se requiera mejorar las caracter\u00edsticas de seguridad, limpieza y sanidad y reducir costos de mantenimiento por ejemplo:<\/p>\n\n\n\n<ul class=\"wp-block-list\">\n<li>Laboratorios qu\u00edmicos y farmac\u00e9uticos<\/li>\n\n\n\n<li>Zonas de carga y descarga<\/li>\n\n\n\n<li>Procesadoras de alimentos<\/li>\n\n\n\n<li>C\u00e1maras de refrigeraci\u00f3n<\/li>\n\n\n\n<li>Talleres mec\u00e1nicos<\/li>\n\n\n\n<li>Estacionamientos<\/li>\n\n\n\n<li>Hoteles y restaurantes<\/li>\n\n\n\n<li>Almacenes<\/li>\n\n\n\n<li>Cisternas<\/li>\n\n\n\n<li>Bodegas<\/li>\n\n\n\n<li>F\u00e1bricas, etc.<\/li>\n<\/ul>\n\n\n\n<p><strong>Ventajas<\/strong><\/p>\n\n\n\n<ul class=\"wp-block-list\">\n<li>Resistencia a alimentos procesados, solventes, aceites, \u00e1cidos y productos qu\u00edmicos.<\/li>\n\n\n\n<li>Pisos monol\u00edticos, sin juntas, que pueden ser f\u00e1cilmente desinfectados.<\/li>\n\n\n\n<li>Reducci\u00f3n de costos de mantenimiento a corto y largo plazo.<\/li>\n\n\n\n<li>No producen polvo, son impermeables, y no porosos.<\/li>\n\n\n\n<li>Capacidad excepcional para resistir cargas.<\/li>\n\n\n\n<li>Pueden aplicarse en lugares cerrados.<\/li>\n\n\n\n<li>Excelente resistencia al impacto.<\/li>\n\n\n\n<li>Alta resistencia a la abrasi\u00f3n.<\/li>\n\n\n\n<li>F\u00e1cil y r\u00e1pida aplicaci\u00f3n.<\/li>\n\n\n\n<li>Son 100% s\u00f3lidos.<\/li>\n<\/ul>\n\n\n\n<h3 class=\"wp-block-heading\"><strong>Tipos de Acabados<\/strong><\/h3>\n\n\n\n<h5 class=\"wp-block-heading\"><strong>Autonivelante<\/strong><\/h5>\n\n\n\n<figure class=\"wp-block-image aligncenter size-full\"><img loading=\"lazy\" decoding=\"async\" width=\"602\" height=\"561\" src=\"https:\/\/jaapsa.com\/wp53\/wp-content\/uploads\/2026\/03\/Captura-de-pantalla-2026-03-25-122548.png\" alt=\"\" class=\"wp-image-1628\" srcset=\"https:\/\/jaapsa.com\/wp53\/wp-content\/uploads\/2026\/03\/Captura-de-pantalla-2026-03-25-122548.png 602w, https:\/\/jaapsa.com\/wp53\/wp-content\/uploads\/2026\/03\/Captura-de-pantalla-2026-03-25-122548-300x280.png 300w, https:\/\/jaapsa.com\/wp53\/wp-content\/uploads\/2026\/03\/Captura-de-pantalla-2026-03-25-122548-13x12.png 13w\" sizes=\"auto, (max-width: 602px) 100vw, 602px\" \/><\/figure>\n\n\n\n<h5 class=\"wp-block-heading\"><strong>C\u00e1scara de Naranja<\/strong><\/h5>\n\n\n\n<figure class=\"wp-block-image aligncenter size-full\"><img loading=\"lazy\" decoding=\"async\" width=\"600\" height=\"562\" src=\"https:\/\/jaapsa.com\/wp53\/wp-content\/uploads\/2026\/03\/Captura-de-pantalla-2026-03-25-122737.png\" alt=\"\" class=\"wp-image-1630\" srcset=\"https:\/\/jaapsa.com\/wp53\/wp-content\/uploads\/2026\/03\/Captura-de-pantalla-2026-03-25-122737.png 600w, https:\/\/jaapsa.com\/wp53\/wp-content\/uploads\/2026\/03\/Captura-de-pantalla-2026-03-25-122737-300x281.png 300w, https:\/\/jaapsa.com\/wp53\/wp-content\/uploads\/2026\/03\/Captura-de-pantalla-2026-03-25-122737-13x12.png 13w\" sizes=\"auto, (max-width: 600px) 100vw, 600px\" \/><\/figure>\n\n\n\n<h5 class=\"wp-block-heading\"><strong>Antiderrapante<\/strong><\/h5>\n\n\n\n<figure class=\"wp-block-image aligncenter size-full\"><img loading=\"lazy\" decoding=\"async\" width=\"601\" height=\"560\" src=\"https:\/\/jaapsa.com\/wp53\/wp-content\/uploads\/2026\/03\/Captura-de-pantalla-2026-03-25-123033.png\" alt=\"\" class=\"wp-image-1631\" srcset=\"https:\/\/jaapsa.com\/wp53\/wp-content\/uploads\/2026\/03\/Captura-de-pantalla-2026-03-25-123033.png 601w, https:\/\/jaapsa.com\/wp53\/wp-content\/uploads\/2026\/03\/Captura-de-pantalla-2026-03-25-123033-300x280.png 300w, https:\/\/jaapsa.com\/wp53\/wp-content\/uploads\/2026\/03\/Captura-de-pantalla-2026-03-25-123033-13x12.png 13w\" sizes=\"auto, (max-width: 601px) 100vw, 601px\" \/><\/figure>\n\n\n\n<h5 class=\"wp-block-heading\"><strong>Uretano Cementico<\/strong><\/h5>\n\n\n\n<figure class=\"wp-block-image aligncenter size-full\"><img loading=\"lazy\" decoding=\"async\" width=\"600\" height=\"562\" src=\"https:\/\/jaapsa.com\/wp53\/wp-content\/uploads\/2026\/03\/Captura-de-pantalla-2026-03-25-123058.png\" alt=\"\" class=\"wp-image-1632\" srcset=\"https:\/\/jaapsa.com\/wp53\/wp-content\/uploads\/2026\/03\/Captura-de-pantalla-2026-03-25-123058.png 600w, https:\/\/jaapsa.com\/wp53\/wp-content\/uploads\/2026\/03\/Captura-de-pantalla-2026-03-25-123058-300x281.png 300w, https:\/\/jaapsa.com\/wp53\/wp-content\/uploads\/2026\/03\/Captura-de-pantalla-2026-03-25-123058-13x12.png 13w\" sizes=\"auto, (max-width: 600px) 100vw, 600px\" \/><\/figure>\n\n\n\n<h5 class=\"wp-block-heading\"><strong>Conductivo<\/strong><\/h5>\n\n\n\n<figure class=\"wp-block-image aligncenter size-full\"><img loading=\"lazy\" decoding=\"async\" width=\"599\" height=\"561\" src=\"https:\/\/jaapsa.com\/wp53\/wp-content\/uploads\/2026\/03\/Captura-de-pantalla-2026-03-25-123113.png\" alt=\"\" class=\"wp-image-1633\" srcset=\"https:\/\/jaapsa.com\/wp53\/wp-content\/uploads\/2026\/03\/Captura-de-pantalla-2026-03-25-123113.png 599w, https:\/\/jaapsa.com\/wp53\/wp-content\/uploads\/2026\/03\/Captura-de-pantalla-2026-03-25-123113-300x281.png 300w, https:\/\/jaapsa.com\/wp53\/wp-content\/uploads\/2026\/03\/Captura-de-pantalla-2026-03-25-123113-13x12.png 13w\" sizes=\"auto, (max-width: 599px) 100vw, 599px\" \/><\/figure>\n\n\n\n<h5 class=\"wp-block-heading\"><strong>Concreto Pulido<\/strong><\/h5>\n\n\n\n<figure class=\"wp-block-image aligncenter size-full\"><img loading=\"lazy\" decoding=\"async\" width=\"600\" height=\"561\" src=\"https:\/\/jaapsa.com\/wp53\/wp-content\/uploads\/2026\/03\/Captura-de-pantalla-2026-03-25-123141.png\" alt=\"\" class=\"wp-image-1634\" srcset=\"https:\/\/jaapsa.com\/wp53\/wp-content\/uploads\/2026\/03\/Captura-de-pantalla-2026-03-25-123141.png 600w, https:\/\/jaapsa.com\/wp53\/wp-content\/uploads\/2026\/03\/Captura-de-pantalla-2026-03-25-123141-300x281.png 300w, https:\/\/jaapsa.com\/wp53\/wp-content\/uploads\/2026\/03\/Captura-de-pantalla-2026-03-25-123141-13x12.png 13w\" sizes=\"auto, (max-width: 600px) 100vw, 600px\" \/><\/figure>\n\n\n\n<h5 class=\"wp-block-heading\"><strong>Mortero Ep\u00f3xico<\/strong><\/h5>\n\n\n\n<figure class=\"wp-block-image aligncenter size-full\"><img loading=\"lazy\" decoding=\"async\" width=\"600\" height=\"561\" src=\"https:\/\/jaapsa.com\/wp53\/wp-content\/uploads\/2026\/03\/Captura-de-pantalla-2026-03-25-123211.png\" alt=\"\" class=\"wp-image-1635\" srcset=\"https:\/\/jaapsa.com\/wp53\/wp-content\/uploads\/2026\/03\/Captura-de-pantalla-2026-03-25-123211.png 600w, https:\/\/jaapsa.com\/wp53\/wp-content\/uploads\/2026\/03\/Captura-de-pantalla-2026-03-25-123211-300x281.png 300w, https:\/\/jaapsa.com\/wp53\/wp-content\/uploads\/2026\/03\/Captura-de-pantalla-2026-03-25-123211-13x12.png 13w\" sizes=\"auto, (max-width: 600px) 100vw, 600px\" \/><\/figure>\n\n\n\n<h5 class=\"wp-block-heading\"><strong>Decorativo Hojuela<\/strong><\/h5>\n\n\n\n<figure class=\"wp-block-image aligncenter size-full\"><img loading=\"lazy\" decoding=\"async\" width=\"600\" height=\"561\" src=\"https:\/\/jaapsa.com\/wp53\/wp-content\/uploads\/2026\/03\/Captura-de-pantalla-2026-03-25-123234.png\" alt=\"\" class=\"wp-image-1636\" srcset=\"https:\/\/jaapsa.com\/wp53\/wp-content\/uploads\/2026\/03\/Captura-de-pantalla-2026-03-25-123234.png 600w, https:\/\/jaapsa.com\/wp53\/wp-content\/uploads\/2026\/03\/Captura-de-pantalla-2026-03-25-123234-300x281.png 300w, https:\/\/jaapsa.com\/wp53\/wp-content\/uploads\/2026\/03\/Captura-de-pantalla-2026-03-25-123234-13x12.png 13w\" sizes=\"auto, (max-width: 600px) 100vw, 600px\" \/><\/figure>\n\n\n\n<h5 class=\"wp-block-heading\"><strong>Decorativo Cuarzo<\/strong><\/h5>\n\n\n\n<figure class=\"wp-block-image aligncenter size-full\"><img loading=\"lazy\" decoding=\"async\" width=\"598\" height=\"561\" src=\"https:\/\/jaapsa.com\/wp53\/wp-content\/uploads\/2026\/03\/Captura-de-pantalla-2026-03-25-123256.png\" alt=\"\" class=\"wp-image-1637\" srcset=\"https:\/\/jaapsa.com\/wp53\/wp-content\/uploads\/2026\/03\/Captura-de-pantalla-2026-03-25-123256.png 598w, https:\/\/jaapsa.com\/wp53\/wp-content\/uploads\/2026\/03\/Captura-de-pantalla-2026-03-25-123256-300x281.png 300w, https:\/\/jaapsa.com\/wp53\/wp-content\/uploads\/2026\/03\/Captura-de-pantalla-2026-03-25-123256-13x12.png 13w\" sizes=\"auto, (max-width: 598px) 100vw, 598px\" \/><\/figure>\n\n\n\n<h5 class=\"wp-block-heading\">L\u00edneas Amarillas<\/h5>\n\n\n\n<figure class=\"wp-block-image aligncenter size-full\"><img loading=\"lazy\" decoding=\"async\" width=\"600\" height=\"561\" src=\"https:\/\/jaapsa.com\/wp53\/wp-content\/uploads\/2026\/03\/Captura-de-pantalla-2026-03-25-123316.png\" alt=\"\" class=\"wp-image-1638\" srcset=\"https:\/\/jaapsa.com\/wp53\/wp-content\/uploads\/2026\/03\/Captura-de-pantalla-2026-03-25-123316.png 600w, https:\/\/jaapsa.com\/wp53\/wp-content\/uploads\/2026\/03\/Captura-de-pantalla-2026-03-25-123316-300x281.png 300w, https:\/\/jaapsa.com\/wp53\/wp-content\/uploads\/2026\/03\/Captura-de-pantalla-2026-03-25-123316-13x12.png 13w\" sizes=\"auto, (max-width: 600px) 100vw, 600px\" \/><\/figure>\n\n\n\n<h5 class=\"wp-block-heading\"><strong>Caramelo (L\u00ednea de Precauci\u00f3n)<\/strong><\/h5>\n\n\n\n<figure class=\"wp-block-image aligncenter size-full\"><img loading=\"lazy\" decoding=\"async\" width=\"599\" height=\"562\" src=\"https:\/\/jaapsa.com\/wp53\/wp-content\/uploads\/2026\/03\/Captura-de-pantalla-2026-03-25-123331.png\" alt=\"\" class=\"wp-image-1639\" srcset=\"https:\/\/jaapsa.com\/wp53\/wp-content\/uploads\/2026\/03\/Captura-de-pantalla-2026-03-25-123331.png 599w, https:\/\/jaapsa.com\/wp53\/wp-content\/uploads\/2026\/03\/Captura-de-pantalla-2026-03-25-123331-300x281.png 300w, https:\/\/jaapsa.com\/wp53\/wp-content\/uploads\/2026\/03\/Captura-de-pantalla-2026-03-25-123331-13x12.png 13w\" sizes=\"auto, (max-width: 599px) 100vw, 599px\" \/><\/figure>\n\n\n\n<h5 class=\"wp-block-heading\"><strong>Ep\u00f3xico en Poliam\u00edda<\/strong><\/h5>\n\n\n\n<figure class=\"wp-block-image aligncenter size-full\"><img loading=\"lazy\" decoding=\"async\" width=\"599\" height=\"561\" src=\"https:\/\/jaapsa.com\/wp53\/wp-content\/uploads\/2026\/03\/Captura-de-pantalla-2026-03-25-123351.png\" alt=\"\" class=\"wp-image-1640\" srcset=\"https:\/\/jaapsa.com\/wp53\/wp-content\/uploads\/2026\/03\/Captura-de-pantalla-2026-03-25-123351.png 599w, https:\/\/jaapsa.com\/wp53\/wp-content\/uploads\/2026\/03\/Captura-de-pantalla-2026-03-25-123351-300x281.png 300w, https:\/\/jaapsa.com\/wp53\/wp-content\/uploads\/2026\/03\/Captura-de-pantalla-2026-03-25-123351-13x12.png 13w\" sizes=\"auto, (max-width: 599px) 100vw, 599px\" \/><\/figure>\n\n\n\n<h5 class=\"wp-block-heading\"><strong>Curva Sanitaria<\/strong><\/h5>\n\n\n\n<figure class=\"wp-block-image aligncenter size-full\"><img loading=\"lazy\" decoding=\"async\" width=\"599\" height=\"559\" src=\"https:\/\/jaapsa.com\/wp53\/wp-content\/uploads\/2026\/03\/Captura-de-pantalla-2026-03-25-123412.png\" alt=\"\" class=\"wp-image-1641\" srcset=\"https:\/\/jaapsa.com\/wp53\/wp-content\/uploads\/2026\/03\/Captura-de-pantalla-2026-03-25-123412.png 599w, https:\/\/jaapsa.com\/wp53\/wp-content\/uploads\/2026\/03\/Captura-de-pantalla-2026-03-25-123412-300x280.png 300w, https:\/\/jaapsa.com\/wp53\/wp-content\/uploads\/2026\/03\/Captura-de-pantalla-2026-03-25-123412-13x12.png 13w\" sizes=\"auto, (max-width: 599px) 100vw, 599px\" \/><\/figure>\n\n\n\n<h5 class=\"wp-block-heading\"><strong>Mesas Ep\u00f3xicas<\/strong><\/h5>\n\n\n\n<figure class=\"wp-block-image aligncenter size-full\"><img loading=\"lazy\" decoding=\"async\" width=\"599\" height=\"560\" src=\"https:\/\/jaapsa.com\/wp53\/wp-content\/uploads\/2026\/03\/Captura-de-pantalla-2026-03-25-123430.png\" alt=\"\" class=\"wp-image-1642\" srcset=\"https:\/\/jaapsa.com\/wp53\/wp-content\/uploads\/2026\/03\/Captura-de-pantalla-2026-03-25-123430.png 599w, https:\/\/jaapsa.com\/wp53\/wp-content\/uploads\/2026\/03\/Captura-de-pantalla-2026-03-25-123430-300x280.png 300w, https:\/\/jaapsa.com\/wp53\/wp-content\/uploads\/2026\/03\/Captura-de-pantalla-2026-03-25-123430-13x12.png 13w\" sizes=\"auto, (max-width: 599px) 100vw, 599px\" \/><\/figure>\n\n\n\n<h3 class=\"wp-block-heading\"><strong>Contacto<\/strong><\/h3>\n\n\n\n<p><strong><em>Lic. Libni Ampudia<\/em><\/strong><br><strong>Telefono: <\/strong>81 8665 9121<br><strong>Correo:<\/strong> lmepoxy@gmail.com<br><strong>Sitio Web:<\/strong> <a href=\"http:\/\/www.pisoepoxico.com.mx\" target=\"_blank\" rel=\"noreferrer noopener\">www.pisoepoxico.com.mx<\/a><\/p>\n","protected":false},"excerpt":{"rendered":"<p>\u00bfQu\u00e9 es un Piso Ep\u00f3xico? El piso ep\u00f3xico se compone de resina y catalizador, nos ayuda para proteger el piso de impactos o arrastre, choques t\u00e9rmicos, derrames qu\u00edmicos corrosivos, tr\u00e1nsito pesado, protecci\u00f3n contra grasa, aceites dif\u00edciles de limpiar y alta asepsia que requieran un estricto control de limpieza y sanidad.&hellip;<\/p>\n","protected":false},"author":1,"featured_media":0,"parent":0,"menu_order":0,"comment_status":"closed","ping_status":"closed","template":"","meta":{"_joinchat":[],"footnotes":""},"class_list":["post-1286","page","type-page","status-publish","hentry"],"yoast_head":"<!-- This site is optimized with the Yoast SEO plugin v25.1 - https:\/\/yoast.com\/wordpress\/plugins\/seo\/ -->\n<title>Pisos Ep\u00f3xicos -<\/title>\n<meta name=\"robots\" content=\"index, follow, max-snippet:-1, max-image-preview:large, max-video-preview:-1\" \/>\n<link rel=\"canonical\" href=\"https:\/\/jaapsa.com\/wp53\/pisos-epoxicos\/\" \/>\n<meta property=\"og:locale\" content=\"es_MX\" \/>\n<meta property=\"og:type\" content=\"article\" \/>\n<meta property=\"og:title\" content=\"Pisos Ep\u00f3xicos -\" \/>\n<meta property=\"og:description\" content=\"\u00bfQu\u00e9 es un Piso Ep\u00f3xico? El piso ep\u00f3xico se compone de resina y catalizador, nos ayuda para proteger el piso de impactos o arrastre, choques t\u00e9rmicos, derrames qu\u00edmicos corrosivos, tr\u00e1nsito pesado, protecci\u00f3n contra grasa, aceites dif\u00edciles de limpiar y alta asepsia que requieran un estricto control de limpieza y sanidad.&hellip;\" \/>\n<meta property=\"og:url\" content=\"https:\/\/jaapsa.com\/wp53\/pisos-epoxicos\/\" \/>\n<meta property=\"article:publisher\" content=\"https:\/\/www.facebook.com\/IndustriasJAAPSA\" \/>\n<meta property=\"article:modified_time\" content=\"2026-03-25T18:37:26+00:00\" \/>\n<meta property=\"og:image\" content=\"https:\/\/jaapsa.com\/wp53\/wp-content\/uploads\/2026\/03\/Captura-de-pantalla-2026-03-25-122710.png\" \/>\n\t<meta property=\"og:image:width\" content=\"747\" \/>\n\t<meta property=\"og:image:height\" content=\"562\" \/>\n\t<meta property=\"og:image:type\" content=\"image\/png\" \/>\n<meta name=\"twitter:card\" content=\"summary_large_image\" \/>\n<meta name=\"twitter:label1\" content=\"Tiempo de lectura\" \/>\n\t<meta name=\"twitter:data1\" content=\"5 minutos\" \/>\n<script type=\"application\/ld+json\" class=\"yoast-schema-graph\">{\"@context\":\"https:\/\/schema.org\",\"@graph\":[{\"@type\":\"WebPage\",\"@id\":\"https:\/\/jaapsa.com\/wp53\/pisos-epoxicos\/\",\"url\":\"https:\/\/jaapsa.com\/wp53\/pisos-epoxicos\/\",\"name\":\"Pisos Ep\u00f3xicos -\",\"isPartOf\":{\"@id\":\"https:\/\/jaapsa.com\/wp53\/#website\"},\"primaryImageOfPage\":{\"@id\":\"https:\/\/jaapsa.com\/wp53\/pisos-epoxicos\/#primaryimage\"},\"image\":{\"@id\":\"https:\/\/jaapsa.com\/wp53\/pisos-epoxicos\/#primaryimage\"},\"thumbnailUrl\":\"https:\/\/jaapsa.com\/wp53\/wp-content\/uploads\/2026\/03\/Captura-de-pantalla-2026-03-25-122710.png\",\"datePublished\":\"2022-09-09T15:59:09+00:00\",\"dateModified\":\"2026-03-25T18:37:26+00:00\",\"breadcrumb\":{\"@id\":\"https:\/\/jaapsa.com\/wp53\/pisos-epoxicos\/#breadcrumb\"},\"inLanguage\":\"es\",\"potentialAction\":[{\"@type\":\"ReadAction\",\"target\":[\"https:\/\/jaapsa.com\/wp53\/pisos-epoxicos\/\"]}]},{\"@type\":\"ImageObject\",\"inLanguage\":\"es\",\"@id\":\"https:\/\/jaapsa.com\/wp53\/pisos-epoxicos\/#primaryimage\",\"url\":\"https:\/\/jaapsa.com\/wp53\/wp-content\/uploads\/2026\/03\/Captura-de-pantalla-2026-03-25-122710.png\",\"contentUrl\":\"https:\/\/jaapsa.com\/wp53\/wp-content\/uploads\/2026\/03\/Captura-de-pantalla-2026-03-25-122710.png\",\"width\":747,\"height\":562},{\"@type\":\"BreadcrumbList\",\"@id\":\"https:\/\/jaapsa.com\/wp53\/pisos-epoxicos\/#breadcrumb\",\"itemListElement\":[{\"@type\":\"ListItem\",\"position\":1,\"name\":\"Inicio\",\"item\":\"https:\/\/jaapsa.com\/wp53\/\"},{\"@type\":\"ListItem\",\"position\":2,\"name\":\"Pisos Ep\u00f3xicos\"}]},{\"@type\":\"WebSite\",\"@id\":\"https:\/\/jaapsa.com\/wp53\/#website\",\"url\":\"https:\/\/jaapsa.com\/wp53\/\",\"name\":\"Industrias Jaapsa\",\"description\":\"\",\"publisher\":{\"@id\":\"https:\/\/jaapsa.com\/wp53\/#organization\"},\"potentialAction\":[{\"@type\":\"SearchAction\",\"target\":{\"@type\":\"EntryPoint\",\"urlTemplate\":\"https:\/\/jaapsa.com\/wp53\/?s={search_term_string}\"},\"query-input\":{\"@type\":\"PropertyValueSpecification\",\"valueRequired\":true,\"valueName\":\"search_term_string\"}}],\"inLanguage\":\"es\"},{\"@type\":\"Organization\",\"@id\":\"https:\/\/jaapsa.com\/wp53\/#organization\",\"name\":\"Industrias Jaapsa\",\"url\":\"https:\/\/jaapsa.com\/wp53\/\",\"logo\":{\"@type\":\"ImageObject\",\"inLanguage\":\"es\",\"@id\":\"https:\/\/jaapsa.com\/wp53\/#\/schema\/logo\/image\/\",\"url\":\"https:\/\/jaapsa.com\/wp53\/wp-content\/uploads\/2021\/02\/cropped-LOGO-JAAPSA.png\",\"contentUrl\":\"https:\/\/jaapsa.com\/wp53\/wp-content\/uploads\/2021\/02\/cropped-LOGO-JAAPSA.png\",\"width\":882,\"height\":242,\"caption\":\"Industrias Jaapsa\"},\"image\":{\"@id\":\"https:\/\/jaapsa.com\/wp53\/#\/schema\/logo\/image\/\"},\"sameAs\":[\"https:\/\/www.facebook.com\/IndustriasJAAPSA\",\"https:\/\/www.youtube.com\/channel\/UCsI4XU5O7BtGc7_TqaKsX0Q\"]}]}<\/script>\n<!-- \/ Yoast SEO plugin. -->","yoast_head_json":{"title":"Pisos Ep\u00f3xicos -","robots":{"index":"index","follow":"follow","max-snippet":"max-snippet:-1","max-image-preview":"max-image-preview:large","max-video-preview":"max-video-preview:-1"},"canonical":"https:\/\/jaapsa.com\/wp53\/pisos-epoxicos\/","og_locale":"es_MX","og_type":"article","og_title":"Pisos Ep\u00f3xicos -","og_description":"\u00bfQu\u00e9 es un Piso Ep\u00f3xico? El piso ep\u00f3xico se compone de resina y catalizador, nos ayuda para proteger el piso de impactos o arrastre, choques t\u00e9rmicos, derrames qu\u00edmicos corrosivos, tr\u00e1nsito pesado, protecci\u00f3n contra grasa, aceites dif\u00edciles de limpiar y alta asepsia que requieran un estricto control de limpieza y sanidad.&hellip;","og_url":"https:\/\/jaapsa.com\/wp53\/pisos-epoxicos\/","article_publisher":"https:\/\/www.facebook.com\/IndustriasJAAPSA","article_modified_time":"2026-03-25T18:37:26+00:00","og_image":[{"width":747,"height":562,"url":"https:\/\/jaapsa.com\/wp53\/wp-content\/uploads\/2026\/03\/Captura-de-pantalla-2026-03-25-122710.png","type":"image\/png"}],"twitter_card":"summary_large_image","twitter_misc":{"Tiempo de lectura":"5 minutos"},"schema":{"@context":"https:\/\/schema.org","@graph":[{"@type":"WebPage","@id":"https:\/\/jaapsa.com\/wp53\/pisos-epoxicos\/","url":"https:\/\/jaapsa.com\/wp53\/pisos-epoxicos\/","name":"Pisos Ep\u00f3xicos -","isPartOf":{"@id":"https:\/\/jaapsa.com\/wp53\/#website"},"primaryImageOfPage":{"@id":"https:\/\/jaapsa.com\/wp53\/pisos-epoxicos\/#primaryimage"},"image":{"@id":"https:\/\/jaapsa.com\/wp53\/pisos-epoxicos\/#primaryimage"},"thumbnailUrl":"https:\/\/jaapsa.com\/wp53\/wp-content\/uploads\/2026\/03\/Captura-de-pantalla-2026-03-25-122710.png","datePublished":"2022-09-09T15:59:09+00:00","dateModified":"2026-03-25T18:37:26+00:00","breadcrumb":{"@id":"https:\/\/jaapsa.com\/wp53\/pisos-epoxicos\/#breadcrumb"},"inLanguage":"es","potentialAction":[{"@type":"ReadAction","target":["https:\/\/jaapsa.com\/wp53\/pisos-epoxicos\/"]}]},{"@type":"ImageObject","inLanguage":"es","@id":"https:\/\/jaapsa.com\/wp53\/pisos-epoxicos\/#primaryimage","url":"https:\/\/jaapsa.com\/wp53\/wp-content\/uploads\/2026\/03\/Captura-de-pantalla-2026-03-25-122710.png","contentUrl":"https:\/\/jaapsa.com\/wp53\/wp-content\/uploads\/2026\/03\/Captura-de-pantalla-2026-03-25-122710.png","width":747,"height":562},{"@type":"BreadcrumbList","@id":"https:\/\/jaapsa.com\/wp53\/pisos-epoxicos\/#breadcrumb","itemListElement":[{"@type":"ListItem","position":1,"name":"Inicio","item":"https:\/\/jaapsa.com\/wp53\/"},{"@type":"ListItem","position":2,"name":"Pisos Ep\u00f3xicos"}]},{"@type":"WebSite","@id":"https:\/\/jaapsa.com\/wp53\/#website","url":"https:\/\/jaapsa.com\/wp53\/","name":"Industrias Jaapsa","description":"","publisher":{"@id":"https:\/\/jaapsa.com\/wp53\/#organization"},"potentialAction":[{"@type":"SearchAction","target":{"@type":"EntryPoint","urlTemplate":"https:\/\/jaapsa.com\/wp53\/?s={search_term_string}"},"query-input":{"@type":"PropertyValueSpecification","valueRequired":true,"valueName":"search_term_string"}}],"inLanguage":"es"},{"@type":"Organization","@id":"https:\/\/jaapsa.com\/wp53\/#organization","name":"Industrias Jaapsa","url":"https:\/\/jaapsa.com\/wp53\/","logo":{"@type":"ImageObject","inLanguage":"es","@id":"https:\/\/jaapsa.com\/wp53\/#\/schema\/logo\/image\/","url":"https:\/\/jaapsa.com\/wp53\/wp-content\/uploads\/2021\/02\/cropped-LOGO-JAAPSA.png","contentUrl":"https:\/\/jaapsa.com\/wp53\/wp-content\/uploads\/2021\/02\/cropped-LOGO-JAAPSA.png","width":882,"height":242,"caption":"Industrias Jaapsa"},"image":{"@id":"https:\/\/jaapsa.com\/wp53\/#\/schema\/logo\/image\/"},"sameAs":["https:\/\/www.facebook.com\/IndustriasJAAPSA","https:\/\/www.youtube.com\/channel\/UCsI4XU5O7BtGc7_TqaKsX0Q"]}]}},"_links":{"self":[{"href":"https:\/\/jaapsa.com\/wp53\/wp-json\/wp\/v2\/pages\/1286","targetHints":{"allow":["GET"]}}],"collection":[{"href":"https:\/\/jaapsa.com\/wp53\/wp-json\/wp\/v2\/pages"}],"about":[{"href":"https:\/\/jaapsa.com\/wp53\/wp-json\/wp\/v2\/types\/page"}],"author":[{"embeddable":true,"href":"https:\/\/jaapsa.com\/wp53\/wp-json\/wp\/v2\/users\/1"}],"replies":[{"embeddable":true,"href":"https:\/\/jaapsa.com\/wp53\/wp-json\/wp\/v2\/comments?post=1286"}],"version-history":[{"count":15,"href":"https:\/\/jaapsa.com\/wp53\/wp-json\/wp\/v2\/pages\/1286\/revisions"}],"predecessor-version":[{"id":1643,"href":"https:\/\/jaapsa.com\/wp53\/wp-json\/wp\/v2\/pages\/1286\/revisions\/1643"}],"wp:attachment":[{"href":"https:\/\/jaapsa.com\/wp53\/wp-json\/wp\/v2\/media?parent=1286"}],"curies":[{"name":"wp","href":"https:\/\/api.w.org\/{rel}","templated":true}]}}