{"id":1102,"date":"2021-10-06T22:34:31","date_gmt":"2021-10-06T22:34:31","guid":{"rendered":"https:\/\/jaapsa.com\/wp53\/?page_id=1102"},"modified":"2026-03-25T09:31:08","modified_gmt":"2026-03-25T15:31:08","slug":"refuerzo-con-varillas-de-fibra-de-carbono","status":"publish","type":"page","link":"https:\/\/jaapsa.com\/wp53\/refuerzo-con-varillas-de-fibra-de-carbono\/","title":{"rendered":"Refuerzo con Varillas de Fibra de Carbono"},"content":{"rendered":"\n<h1 class=\"wp-block-heading\"><strong>El Sistema Jaapsa FC-60<\/strong><\/h1>\n\n\n\n<p>El Sistema Jaapsa FC-60, es un refuerzo en base a fibras de carbono y varillas, con pol\u00edmeros de alta calidad y de alta resistencia para reforzar estructuras formando un laminado externo al elemento.<br><br>\u00c9ste es un sistema para remplazo estructural. El empleo de materiales compuestos de ultima innovaci\u00f3n, como lo es el Sistema Jaapsa FC-60, refuerza y repara estructuras existentes de hormig\u00f3n armado, estructuras con deterioro, corrosi\u00f3n, errores de dise\u00f1o o construcci\u00f3n, modificaciones de uso o aumento de cargas.<br><\/p>\n\n\n\n<p>Esta innovaci\u00f3n se utiliza para reforzar, restaurar y reparar. Adem\u00e1s, da un aumento de capacidad de resistencia s\u00edsmico, siendo la alternativa m\u00e1s econ\u00f3mica.<br><br>Estos materiales han sido utilizados para reforzar puentes y edificios alrededor del mundo. Rigurosas pruebas estructurales y de durabilidad fueron realizadas para obtener la aceptaci\u00f3n de Ministerios y Departamentos de Transporte a nivel mundial. El sistema Jaapsa FC-60 esta mejorado por compuestos de varilla de alta resistencia mec\u00e1nica.<\/p>\n\n\n\n<figure class=\"wp-block-image aligncenter size-full is-resized\"><img loading=\"lazy\" decoding=\"async\" width=\"742\" height=\"562\" src=\"https:\/\/jaapsa.com\/wp53\/wp-content\/uploads\/2026\/03\/Captura-de-pantalla-2026-03-25-092229.png\" alt=\"\" class=\"wp-image-1521\" style=\"width:459px;height:346px\" srcset=\"https:\/\/jaapsa.com\/wp53\/wp-content\/uploads\/2026\/03\/Captura-de-pantalla-2026-03-25-092229.png 742w, https:\/\/jaapsa.com\/wp53\/wp-content\/uploads\/2026\/03\/Captura-de-pantalla-2026-03-25-092229-300x227.png 300w, https:\/\/jaapsa.com\/wp53\/wp-content\/uploads\/2026\/03\/Captura-de-pantalla-2026-03-25-092229-16x12.png 16w\" sizes=\"auto, (max-width: 742px) 100vw, 742px\" \/><\/figure>\n\n\n\n<h4 class=\"wp-block-heading\"><strong>Trabajos que se realizan con Sistemas Jaapsa FC-60<\/strong><\/h4>\n\n\n\n<div class=\"wp-block-media-text alignwide has-media-on-the-right is-stacked-on-mobile is-vertically-aligned-center\" style=\"grid-template-columns:auto 27%\"><div class=\"wp-block-media-text__content\">\n<ul class=\"wp-block-list\">\n<li>Inyecci\u00f3n de Grietas y fisuras<\/li>\n\n\n\n<li>Reparaci\u00f3n y refuerzo de columnas, vigas, losas de hormig\u00f3n<\/li>\n\n\n\n<li>Reparaci\u00f3n y refuerzo de Alba\u00f1iler\u00edas<\/li>\n\n\n\n<li>Reparaci\u00f3n y refuerzo de chimeneas, silos, estanques, ductos, tuber\u00edas<\/li>\n\n\n\n<li>Reparaci\u00f3n y refuerzo de estructuras de madera<\/li>\n\n\n\n<li>Rehabilitaci\u00f3n s\u00edsmica<\/li>\n\n\n\n<li>Estructuras Retrofit<\/li>\n\n\n\n<li>Reparaci\u00f3n bajo agua\/ zonas costeras<\/li>\n\n\n\n<li>Protecci\u00f3n de fuego avanzada<\/li>\n<\/ul>\n<\/div><figure class=\"wp-block-media-text__media\"><img loading=\"lazy\" decoding=\"async\" width=\"392\" height=\"561\" src=\"https:\/\/jaapsa.com\/wp53\/wp-content\/uploads\/2026\/03\/Captura-de-pantalla-2026-03-25-092258.png\" alt=\"\" class=\"wp-image-1522 size-full\" srcset=\"https:\/\/jaapsa.com\/wp53\/wp-content\/uploads\/2026\/03\/Captura-de-pantalla-2026-03-25-092258.png 392w, https:\/\/jaapsa.com\/wp53\/wp-content\/uploads\/2026\/03\/Captura-de-pantalla-2026-03-25-092258-210x300.png 210w, https:\/\/jaapsa.com\/wp53\/wp-content\/uploads\/2026\/03\/Captura-de-pantalla-2026-03-25-092258-8x12.png 8w\" sizes=\"auto, (max-width: 392px) 100vw, 392px\" \/><\/figure><\/div>\n\n\n\n<h4 class=\"wp-block-heading\">Tambi\u00e9n son utilizados para:<\/h4>\n\n\n\n<div class=\"wp-block-media-text alignwide has-media-on-the-right is-stacked-on-mobile is-vertically-aligned-center\" style=\"grid-template-columns:auto 45%\"><div class=\"wp-block-media-text__content\">\n<p>\u2022 Incremento de carga.<br>\u2022 Reforzamiento s\u00edsmico.<br>\u2022 Reparaci\u00f3n de da\u00f1o por impacto.<br>\u2022 Extensi\u00f3n de la vida de servicio.<br>\u2022 Remediaci\u00f3n de errores de construcci\u00f3n.<br>\u2022 Reparaci\u00f3n de da\u00f1os por corrosi\u00f3n y protecci\u00f3n.<br>\u2022 Reforzamiento a cortante de diafragmas.<br>\u2022 Reforzamiento de columnas rectangulares o cortante<br>ductilidad.<br>\u2022 Reforzamiento de vigas y losas para flexi\u00f3n o<br>cortante.<br>\u2022 Reforzamiento de paredes de<br>mamposter\u00eda o concreto<br>\u2022 Reforzamiento de juntas viga columna<br>\u2022 Conexiones BT \/ JT y Superanclas.<br>\u2022 Cambios de uso.<br>\u2022 Corrosi\u00f3n<br>\u2022 Incremento de cargas<br>\u2022 Rehabilitaci\u00f3n de tuber\u00edas.<br>\u2022 Encamisados para estructuras marinas.<br>\u2022 Mitigaci\u00f3n de explosiones.<\/p>\n<\/div><figure class=\"wp-block-media-text__media\"><img loading=\"lazy\" decoding=\"async\" width=\"623\" height=\"561\" src=\"https:\/\/jaapsa.com\/wp53\/wp-content\/uploads\/2026\/03\/Captura-de-pantalla-2026-03-25-092347.png\" alt=\"\" class=\"wp-image-1524 size-full\" srcset=\"https:\/\/jaapsa.com\/wp53\/wp-content\/uploads\/2026\/03\/Captura-de-pantalla-2026-03-25-092347.png 623w, https:\/\/jaapsa.com\/wp53\/wp-content\/uploads\/2026\/03\/Captura-de-pantalla-2026-03-25-092347-300x270.png 300w, https:\/\/jaapsa.com\/wp53\/wp-content\/uploads\/2026\/03\/Captura-de-pantalla-2026-03-25-092347-13x12.png 13w\" sizes=\"auto, (max-width: 623px) 100vw, 623px\" \/><\/figure><\/div>\n\n\n\n<h3 class=\"wp-block-heading\">Proceso para el Reforzamiento<\/h3>\n\n\n\n<ol class=\"wp-block-list\">\n<li>Inspecci\u00f3n de la estructura<\/li>\n\n\n\n<li>Analizar la estructura existente. Determinar las causas para el reforzamiento.<\/li>\n\n\n\n<li>Ejecutar el Proyecto de Reforzamiento.<br>Para ello analizar la estructura considerando las diferentes t\u00e9cnicas, para reforzar, en funci\u00f3n de los tipos de esfuerzos (tensi\u00f3n, compresi\u00f3n, flexi\u00f3n, estabilidad, contante, etc.) requeridos en los elementos.<br>\u2022 Rigidizar la estructura (Inclusi\u00f3n de muros de corte, diagonales de acero, etc.)<br>\u2022 Enganchamiento de secci\u00f3n.<br>\u2022 Construcci\u00f3n compuesta. (FRP) (ACERO) etc.<br>\u2022 Post tensado interior y\/o exterior.<br>\u2022 Reducci\u00f3n de esfuerzos y\/o carga.<br>\u2022 Inclusi\u00f3n de estructuras met\u00e1licas para reducir luces.<br>\u2022 Etc.<br>Se debe lograr un balance entre Costo, funcionamiento, est\u00e9tica, espacio, urgencia, dificultad y seguridad.<\/li>\n<\/ol>\n\n\n\n<figure class=\"wp-block-image aligncenter size-full is-resized\"><img loading=\"lazy\" decoding=\"async\" width=\"997\" height=\"563\" src=\"https:\/\/jaapsa.com\/wp53\/wp-content\/uploads\/2026\/03\/Captura-de-pantalla-2026-03-25-092429.png\" alt=\"\" class=\"wp-image-1525\" style=\"width:600px;height:338px\" srcset=\"https:\/\/jaapsa.com\/wp53\/wp-content\/uploads\/2026\/03\/Captura-de-pantalla-2026-03-25-092429.png 997w, https:\/\/jaapsa.com\/wp53\/wp-content\/uploads\/2026\/03\/Captura-de-pantalla-2026-03-25-092429-300x169.png 300w, https:\/\/jaapsa.com\/wp53\/wp-content\/uploads\/2026\/03\/Captura-de-pantalla-2026-03-25-092429-768x434.png 768w, https:\/\/jaapsa.com\/wp53\/wp-content\/uploads\/2026\/03\/Captura-de-pantalla-2026-03-25-092429-18x10.png 18w\" sizes=\"auto, (max-width: 997px) 100vw, 997px\" \/><figcaption class=\"wp-element-caption\"><strong>Reforzamiento de puente<\/strong><\/figcaption><\/figure>\n\n\n\n<h4 class=\"wp-block-heading\">Ventajas Fibra de Carbono y de Vidrio<\/h4>\n\n\n\n<p><strong>Peso Ligero<\/strong> un 20% el peso del Acero<br><strong>No es Corrosivo<\/strong> Resistente a ataques qu\u00edmicos<br><strong>F\u00e1cil de Aplicar<\/strong> Instalaci\u00f3n en \u00c1reas de Limitado Acceso, Tela de fibra puede ser cortada en dimensiones deseadas<br><strong>Vers\u00e1til<\/strong> Se adapta a geometr\u00edas, F\u00e1cil de Transportar<br><strong>Espesor M\u00ednimo<\/strong> 1 mm Instalado<\/p>\n\n\n\n<h4 class=\"wp-block-heading\">Propiedades del Material<\/h4>\n\n\n\n<div class=\"wp-block-media-text alignwide has-media-on-the-right is-stacked-on-mobile\" style=\"grid-template-columns:auto 36%\"><div class=\"wp-block-media-text__content\">\n<p><strong>M\u00f3dulo de Elasticidad<\/strong>:<br>E = (700,a 2\u2019300, ) Kg\/cm2<br><strong>Esfuerzo de Rotura \u2013 Tensi\u00f3n<\/strong>:<br>Fu = (15, a 40, )Kg\/cm2<br><strong>Deformaci\u00f3n Unitaria de Falla:<\/strong><br>Mbrace cf 130 \u2013 cf 130 ou =0.016 mm\/mm<\/p>\n<\/div><figure class=\"wp-block-media-text__media\"><img loading=\"lazy\" decoding=\"async\" width=\"748\" height=\"560\" src=\"https:\/\/jaapsa.com\/wp53\/wp-content\/uploads\/2026\/03\/Captura-de-pantalla-2026-03-25-092505.png\" alt=\"\" class=\"wp-image-1526 size-full\" srcset=\"https:\/\/jaapsa.com\/wp53\/wp-content\/uploads\/2026\/03\/Captura-de-pantalla-2026-03-25-092505.png 748w, https:\/\/jaapsa.com\/wp53\/wp-content\/uploads\/2026\/03\/Captura-de-pantalla-2026-03-25-092505-300x225.png 300w, https:\/\/jaapsa.com\/wp53\/wp-content\/uploads\/2026\/03\/Captura-de-pantalla-2026-03-25-092505-16x12.png 16w\" sizes=\"auto, (max-width: 748px) 100vw, 748px\" \/><\/figure><\/div>\n\n\n\n<div class=\"wp-block-columns is-layout-flex wp-container-core-columns-is-layout-28f84493 wp-block-columns-is-layout-flex\">\n<div class=\"wp-block-column is-layout-flow wp-block-column-is-layout-flow\"><\/div>\n\n\n\n<div class=\"wp-block-column is-layout-flow wp-block-column-is-layout-flow\"><\/div>\n\n\n\n<div class=\"wp-block-column is-layout-flow wp-block-column-is-layout-flow\"><\/div>\n<\/div>\n\n\n\n<figure class=\"wp-block-image aligncenter size-full is-resized\"><img loading=\"lazy\" decoding=\"async\" width=\"748\" height=\"561\" src=\"https:\/\/jaapsa.com\/wp53\/wp-content\/uploads\/2026\/03\/Captura-de-pantalla-2026-03-25-092529.png\" alt=\"\" class=\"wp-image-1527\" style=\"aspect-ratio:1.3413654618473896;width:588px;height:auto\" srcset=\"https:\/\/jaapsa.com\/wp53\/wp-content\/uploads\/2026\/03\/Captura-de-pantalla-2026-03-25-092529.png 748w, https:\/\/jaapsa.com\/wp53\/wp-content\/uploads\/2026\/03\/Captura-de-pantalla-2026-03-25-092529-300x225.png 300w, https:\/\/jaapsa.com\/wp53\/wp-content\/uploads\/2026\/03\/Captura-de-pantalla-2026-03-25-092529-16x12.png 16w\" sizes=\"auto, (max-width: 748px) 100vw, 748px\" \/><figcaption class=\"wp-element-caption\"><strong>Reforzamiento de viga<\/strong><\/figcaption><\/figure>\n\n\n\n<figure class=\"wp-block-image aligncenter size-full is-resized\"><img loading=\"lazy\" decoding=\"async\" width=\"750\" height=\"562\" src=\"https:\/\/jaapsa.com\/wp53\/wp-content\/uploads\/2026\/03\/Captura-de-pantalla-2026-03-25-092554.png\" alt=\"\" class=\"wp-image-1528\" style=\"width:496px;height:370px\" srcset=\"https:\/\/jaapsa.com\/wp53\/wp-content\/uploads\/2026\/03\/Captura-de-pantalla-2026-03-25-092554.png 750w, https:\/\/jaapsa.com\/wp53\/wp-content\/uploads\/2026\/03\/Captura-de-pantalla-2026-03-25-092554-300x225.png 300w, https:\/\/jaapsa.com\/wp53\/wp-content\/uploads\/2026\/03\/Captura-de-pantalla-2026-03-25-092554-16x12.png 16w\" sizes=\"auto, (max-width: 750px) 100vw, 750px\" \/><figcaption class=\"wp-element-caption\"><strong>Reforzamiento de viga de puente<\/strong><\/figcaption><\/figure>\n\n\n\n<figure class=\"wp-block-image aligncenter size-full is-resized\"><img loading=\"lazy\" decoding=\"async\" width=\"747\" height=\"561\" src=\"https:\/\/jaapsa.com\/wp53\/wp-content\/uploads\/2026\/03\/Captura-de-pantalla-2026-03-25-092618.png\" alt=\"\" class=\"wp-image-1529\" style=\"aspect-ratio:1.3421052631578947;width:591px;height:auto\" srcset=\"https:\/\/jaapsa.com\/wp53\/wp-content\/uploads\/2026\/03\/Captura-de-pantalla-2026-03-25-092618.png 747w, https:\/\/jaapsa.com\/wp53\/wp-content\/uploads\/2026\/03\/Captura-de-pantalla-2026-03-25-092618-300x225.png 300w, https:\/\/jaapsa.com\/wp53\/wp-content\/uploads\/2026\/03\/Captura-de-pantalla-2026-03-25-092618-16x12.png 16w\" sizes=\"auto, (max-width: 747px) 100vw, 747px\" \/><figcaption class=\"wp-element-caption\"><strong>Reforzamiento de paredes en s\u00f3tano<\/strong><\/figcaption><\/figure>\n","protected":false},"excerpt":{"rendered":"<p>El Sistema Jaapsa FC-60 El Sistema Jaapsa FC-60, es un refuerzo en base a fibras de carbono y varillas, con pol\u00edmeros de alta calidad y de alta resistencia para reforzar estructuras formando un laminado externo al elemento. \u00c9ste es un sistema para remplazo estructural. El empleo de materiales compuestos de&hellip;<\/p>\n","protected":false},"author":1,"featured_media":0,"parent":0,"menu_order":0,"comment_status":"closed","ping_status":"closed","template":"","meta":{"_joinchat":[],"footnotes":""},"class_list":["post-1102","page","type-page","status-publish","hentry"],"yoast_head":"<!-- This site is optimized with the Yoast SEO plugin v25.1 - https:\/\/yoast.com\/wordpress\/plugins\/seo\/ -->\n<title>Refuerzo con Varillas de Fibra de Carbono -<\/title>\n<meta name=\"robots\" content=\"index, follow, max-snippet:-1, max-image-preview:large, max-video-preview:-1\" \/>\n<link rel=\"canonical\" href=\"https:\/\/jaapsa.com\/wp53\/refuerzo-con-varillas-de-fibra-de-carbono\/\" \/>\n<meta property=\"og:locale\" content=\"es_MX\" \/>\n<meta property=\"og:type\" content=\"article\" \/>\n<meta property=\"og:title\" content=\"Refuerzo con Varillas de Fibra de Carbono -\" \/>\n<meta property=\"og:description\" content=\"El Sistema Jaapsa FC-60 El Sistema Jaapsa FC-60, es un refuerzo en base a fibras de carbono y varillas, con pol\u00edmeros de alta calidad y de alta resistencia para reforzar estructuras formando un laminado externo al elemento. \u00c9ste es un sistema para remplazo estructural. El empleo de materiales compuestos de&hellip;\" \/>\n<meta property=\"og:url\" content=\"https:\/\/jaapsa.com\/wp53\/refuerzo-con-varillas-de-fibra-de-carbono\/\" \/>\n<meta property=\"article:publisher\" content=\"https:\/\/www.facebook.com\/IndustriasJAAPSA\" \/>\n<meta property=\"article:modified_time\" content=\"2026-03-25T15:31:08+00:00\" \/>\n<meta property=\"og:image\" content=\"https:\/\/jaapsa.com\/wp53\/wp-content\/uploads\/2026\/03\/Captura-de-pantalla-2026-03-25-092229.png\" \/>\n\t<meta property=\"og:image:width\" content=\"742\" \/>\n\t<meta property=\"og:image:height\" content=\"562\" \/>\n\t<meta property=\"og:image:type\" content=\"image\/png\" \/>\n<meta name=\"twitter:card\" content=\"summary_large_image\" \/>\n<meta name=\"twitter:label1\" content=\"Tiempo de lectura\" \/>\n\t<meta name=\"twitter:data1\" content=\"5 minutos\" \/>\n<script type=\"application\/ld+json\" class=\"yoast-schema-graph\">{\"@context\":\"https:\/\/schema.org\",\"@graph\":[{\"@type\":\"WebPage\",\"@id\":\"https:\/\/jaapsa.com\/wp53\/refuerzo-con-varillas-de-fibra-de-carbono\/\",\"url\":\"https:\/\/jaapsa.com\/wp53\/refuerzo-con-varillas-de-fibra-de-carbono\/\",\"name\":\"Refuerzo con Varillas de Fibra de Carbono -\",\"isPartOf\":{\"@id\":\"https:\/\/jaapsa.com\/wp53\/#website\"},\"primaryImageOfPage\":{\"@id\":\"https:\/\/jaapsa.com\/wp53\/refuerzo-con-varillas-de-fibra-de-carbono\/#primaryimage\"},\"image\":{\"@id\":\"https:\/\/jaapsa.com\/wp53\/refuerzo-con-varillas-de-fibra-de-carbono\/#primaryimage\"},\"thumbnailUrl\":\"https:\/\/jaapsa.com\/wp53\/wp-content\/uploads\/2026\/03\/Captura-de-pantalla-2026-03-25-092229.png\",\"datePublished\":\"2021-10-06T22:34:31+00:00\",\"dateModified\":\"2026-03-25T15:31:08+00:00\",\"breadcrumb\":{\"@id\":\"https:\/\/jaapsa.com\/wp53\/refuerzo-con-varillas-de-fibra-de-carbono\/#breadcrumb\"},\"inLanguage\":\"es\",\"potentialAction\":[{\"@type\":\"ReadAction\",\"target\":[\"https:\/\/jaapsa.com\/wp53\/refuerzo-con-varillas-de-fibra-de-carbono\/\"]}]},{\"@type\":\"ImageObject\",\"inLanguage\":\"es\",\"@id\":\"https:\/\/jaapsa.com\/wp53\/refuerzo-con-varillas-de-fibra-de-carbono\/#primaryimage\",\"url\":\"https:\/\/jaapsa.com\/wp53\/wp-content\/uploads\/2026\/03\/Captura-de-pantalla-2026-03-25-092229.png\",\"contentUrl\":\"https:\/\/jaapsa.com\/wp53\/wp-content\/uploads\/2026\/03\/Captura-de-pantalla-2026-03-25-092229.png\",\"width\":742,\"height\":562},{\"@type\":\"BreadcrumbList\",\"@id\":\"https:\/\/jaapsa.com\/wp53\/refuerzo-con-varillas-de-fibra-de-carbono\/#breadcrumb\",\"itemListElement\":[{\"@type\":\"ListItem\",\"position\":1,\"name\":\"Inicio\",\"item\":\"https:\/\/jaapsa.com\/wp53\/\"},{\"@type\":\"ListItem\",\"position\":2,\"name\":\"Refuerzo con Varillas de Fibra de Carbono\"}]},{\"@type\":\"WebSite\",\"@id\":\"https:\/\/jaapsa.com\/wp53\/#website\",\"url\":\"https:\/\/jaapsa.com\/wp53\/\",\"name\":\"Industrias Jaapsa\",\"description\":\"\",\"publisher\":{\"@id\":\"https:\/\/jaapsa.com\/wp53\/#organization\"},\"potentialAction\":[{\"@type\":\"SearchAction\",\"target\":{\"@type\":\"EntryPoint\",\"urlTemplate\":\"https:\/\/jaapsa.com\/wp53\/?s={search_term_string}\"},\"query-input\":{\"@type\":\"PropertyValueSpecification\",\"valueRequired\":true,\"valueName\":\"search_term_string\"}}],\"inLanguage\":\"es\"},{\"@type\":\"Organization\",\"@id\":\"https:\/\/jaapsa.com\/wp53\/#organization\",\"name\":\"Industrias Jaapsa\",\"url\":\"https:\/\/jaapsa.com\/wp53\/\",\"logo\":{\"@type\":\"ImageObject\",\"inLanguage\":\"es\",\"@id\":\"https:\/\/jaapsa.com\/wp53\/#\/schema\/logo\/image\/\",\"url\":\"https:\/\/jaapsa.com\/wp53\/wp-content\/uploads\/2021\/02\/cropped-LOGO-JAAPSA.png\",\"contentUrl\":\"https:\/\/jaapsa.com\/wp53\/wp-content\/uploads\/2021\/02\/cropped-LOGO-JAAPSA.png\",\"width\":882,\"height\":242,\"caption\":\"Industrias Jaapsa\"},\"image\":{\"@id\":\"https:\/\/jaapsa.com\/wp53\/#\/schema\/logo\/image\/\"},\"sameAs\":[\"https:\/\/www.facebook.com\/IndustriasJAAPSA\",\"https:\/\/www.youtube.com\/channel\/UCsI4XU5O7BtGc7_TqaKsX0Q\"]}]}<\/script>\n<!-- \/ Yoast SEO plugin. -->","yoast_head_json":{"title":"Refuerzo con Varillas de Fibra de Carbono -","robots":{"index":"index","follow":"follow","max-snippet":"max-snippet:-1","max-image-preview":"max-image-preview:large","max-video-preview":"max-video-preview:-1"},"canonical":"https:\/\/jaapsa.com\/wp53\/refuerzo-con-varillas-de-fibra-de-carbono\/","og_locale":"es_MX","og_type":"article","og_title":"Refuerzo con Varillas de Fibra de Carbono -","og_description":"El Sistema Jaapsa FC-60 El Sistema Jaapsa FC-60, es un refuerzo en base a fibras de carbono y varillas, con pol\u00edmeros de alta calidad y de alta resistencia para reforzar estructuras formando un laminado externo al elemento. \u00c9ste es un sistema para remplazo estructural. El empleo de materiales compuestos de&hellip;","og_url":"https:\/\/jaapsa.com\/wp53\/refuerzo-con-varillas-de-fibra-de-carbono\/","article_publisher":"https:\/\/www.facebook.com\/IndustriasJAAPSA","article_modified_time":"2026-03-25T15:31:08+00:00","og_image":[{"width":742,"height":562,"url":"https:\/\/jaapsa.com\/wp53\/wp-content\/uploads\/2026\/03\/Captura-de-pantalla-2026-03-25-092229.png","type":"image\/png"}],"twitter_card":"summary_large_image","twitter_misc":{"Tiempo de lectura":"5 minutos"},"schema":{"@context":"https:\/\/schema.org","@graph":[{"@type":"WebPage","@id":"https:\/\/jaapsa.com\/wp53\/refuerzo-con-varillas-de-fibra-de-carbono\/","url":"https:\/\/jaapsa.com\/wp53\/refuerzo-con-varillas-de-fibra-de-carbono\/","name":"Refuerzo con Varillas de Fibra de Carbono -","isPartOf":{"@id":"https:\/\/jaapsa.com\/wp53\/#website"},"primaryImageOfPage":{"@id":"https:\/\/jaapsa.com\/wp53\/refuerzo-con-varillas-de-fibra-de-carbono\/#primaryimage"},"image":{"@id":"https:\/\/jaapsa.com\/wp53\/refuerzo-con-varillas-de-fibra-de-carbono\/#primaryimage"},"thumbnailUrl":"https:\/\/jaapsa.com\/wp53\/wp-content\/uploads\/2026\/03\/Captura-de-pantalla-2026-03-25-092229.png","datePublished":"2021-10-06T22:34:31+00:00","dateModified":"2026-03-25T15:31:08+00:00","breadcrumb":{"@id":"https:\/\/jaapsa.com\/wp53\/refuerzo-con-varillas-de-fibra-de-carbono\/#breadcrumb"},"inLanguage":"es","potentialAction":[{"@type":"ReadAction","target":["https:\/\/jaapsa.com\/wp53\/refuerzo-con-varillas-de-fibra-de-carbono\/"]}]},{"@type":"ImageObject","inLanguage":"es","@id":"https:\/\/jaapsa.com\/wp53\/refuerzo-con-varillas-de-fibra-de-carbono\/#primaryimage","url":"https:\/\/jaapsa.com\/wp53\/wp-content\/uploads\/2026\/03\/Captura-de-pantalla-2026-03-25-092229.png","contentUrl":"https:\/\/jaapsa.com\/wp53\/wp-content\/uploads\/2026\/03\/Captura-de-pantalla-2026-03-25-092229.png","width":742,"height":562},{"@type":"BreadcrumbList","@id":"https:\/\/jaapsa.com\/wp53\/refuerzo-con-varillas-de-fibra-de-carbono\/#breadcrumb","itemListElement":[{"@type":"ListItem","position":1,"name":"Inicio","item":"https:\/\/jaapsa.com\/wp53\/"},{"@type":"ListItem","position":2,"name":"Refuerzo con Varillas de Fibra de Carbono"}]},{"@type":"WebSite","@id":"https:\/\/jaapsa.com\/wp53\/#website","url":"https:\/\/jaapsa.com\/wp53\/","name":"Industrias Jaapsa","description":"","publisher":{"@id":"https:\/\/jaapsa.com\/wp53\/#organization"},"potentialAction":[{"@type":"SearchAction","target":{"@type":"EntryPoint","urlTemplate":"https:\/\/jaapsa.com\/wp53\/?s={search_term_string}"},"query-input":{"@type":"PropertyValueSpecification","valueRequired":true,"valueName":"search_term_string"}}],"inLanguage":"es"},{"@type":"Organization","@id":"https:\/\/jaapsa.com\/wp53\/#organization","name":"Industrias Jaapsa","url":"https:\/\/jaapsa.com\/wp53\/","logo":{"@type":"ImageObject","inLanguage":"es","@id":"https:\/\/jaapsa.com\/wp53\/#\/schema\/logo\/image\/","url":"https:\/\/jaapsa.com\/wp53\/wp-content\/uploads\/2021\/02\/cropped-LOGO-JAAPSA.png","contentUrl":"https:\/\/jaapsa.com\/wp53\/wp-content\/uploads\/2021\/02\/cropped-LOGO-JAAPSA.png","width":882,"height":242,"caption":"Industrias Jaapsa"},"image":{"@id":"https:\/\/jaapsa.com\/wp53\/#\/schema\/logo\/image\/"},"sameAs":["https:\/\/www.facebook.com\/IndustriasJAAPSA","https:\/\/www.youtube.com\/channel\/UCsI4XU5O7BtGc7_TqaKsX0Q"]}]}},"_links":{"self":[{"href":"https:\/\/jaapsa.com\/wp53\/wp-json\/wp\/v2\/pages\/1102","targetHints":{"allow":["GET"]}}],"collection":[{"href":"https:\/\/jaapsa.com\/wp53\/wp-json\/wp\/v2\/pages"}],"about":[{"href":"https:\/\/jaapsa.com\/wp53\/wp-json\/wp\/v2\/types\/page"}],"author":[{"embeddable":true,"href":"https:\/\/jaapsa.com\/wp53\/wp-json\/wp\/v2\/users\/1"}],"replies":[{"embeddable":true,"href":"https:\/\/jaapsa.com\/wp53\/wp-json\/wp\/v2\/comments?post=1102"}],"version-history":[{"count":5,"href":"https:\/\/jaapsa.com\/wp53\/wp-json\/wp\/v2\/pages\/1102\/revisions"}],"predecessor-version":[{"id":1532,"href":"https:\/\/jaapsa.com\/wp53\/wp-json\/wp\/v2\/pages\/1102\/revisions\/1532"}],"wp:attachment":[{"href":"https:\/\/jaapsa.com\/wp53\/wp-json\/wp\/v2\/media?parent=1102"}],"curies":[{"name":"wp","href":"https:\/\/api.w.org\/{rel}","templated":true}]}}