{"id":106,"date":"2020-08-06T07:06:43","date_gmt":"2020-08-06T07:06:43","guid":{"rendered":"https:\/\/jaapsa.com\/wp53\/?page_id=106"},"modified":"2020-08-08T10:03:30","modified_gmt":"2020-08-08T10:03:30","slug":"gama-de-colores-y-texturas","status":"publish","type":"page","link":"https:\/\/jaapsa.com\/wp53\/gama-de-colores-y-texturas\/","title":{"rendered":"Gama de colores y texturas"},"content":{"rendered":"\n<p class=\"has-medium-font-size\">Tonos y variaciones de colores<\/p>\n\n\n\n<figure class=\"wp-block-gallery aligncenter columns-5 is-cropped wp-block-gallery-1 is-layout-flex wp-block-gallery-is-layout-flex\"><ul class=\"blocks-gallery-grid\"><li class=\"blocks-gallery-item\"><figure><img loading=\"lazy\" decoding=\"async\" width=\"77\" height=\"111\" src=\"https:\/\/jaapsa.com\/wp53\/wp-content\/uploads\/2020\/08\/tono_1.gif\" alt=\"\" data-id=\"107\" data-link=\"https:\/\/jaapsa.com\/wp53\/?attachment_id=107\" class=\"wp-image-107\"\/><\/figure><\/li><li class=\"blocks-gallery-item\"><figure><img loading=\"lazy\" decoding=\"async\" width=\"77\" height=\"111\" src=\"https:\/\/jaapsa.com\/wp53\/wp-content\/uploads\/2020\/08\/tono_2.gif\" alt=\"\" data-id=\"108\" data-link=\"https:\/\/jaapsa.com\/wp53\/?attachment_id=108\" class=\"wp-image-108\"\/><\/figure><\/li><li class=\"blocks-gallery-item\"><figure><img loading=\"lazy\" decoding=\"async\" width=\"77\" height=\"111\" src=\"https:\/\/jaapsa.com\/wp53\/wp-content\/uploads\/2020\/08\/tono_3.gif\" alt=\"\" data-id=\"109\" data-link=\"https:\/\/jaapsa.com\/wp53\/?attachment_id=109\" class=\"wp-image-109\"\/><\/figure><\/li><li class=\"blocks-gallery-item\"><figure><img loading=\"lazy\" decoding=\"async\" width=\"77\" height=\"111\" src=\"https:\/\/jaapsa.com\/wp53\/wp-content\/uploads\/2020\/08\/tono_4.gif\" alt=\"\" data-id=\"110\" data-link=\"https:\/\/jaapsa.com\/wp53\/?attachment_id=110\" class=\"wp-image-110\"\/><\/figure><\/li><li class=\"blocks-gallery-item\"><figure><img loading=\"lazy\" decoding=\"async\" width=\"77\" height=\"111\" src=\"https:\/\/jaapsa.com\/wp53\/wp-content\/uploads\/2020\/08\/tono_5.gif\" alt=\"\" data-id=\"111\" data-link=\"https:\/\/jaapsa.com\/wp53\/?attachment_id=111\" class=\"wp-image-111\"\/><\/figure><\/li><\/ul><\/figure>\n\n\n\n<figure class=\"wp-block-image size-large is-resized\"><img loading=\"lazy\" decoding=\"async\" src=\"https:\/\/jaapsa.com\/wp53\/wp-content\/uploads\/2020\/08\/tono_6-2.gif\" alt=\"\" class=\"wp-image-154\" width=\"115\" height=\"166\"\/><\/figure>\n\n\n\n<p class=\"has-medium-font-size\">Textura<\/p>\n\n\n\n<figure class=\"wp-block-gallery aligncenter columns-4 is-cropped wp-block-gallery-2 is-layout-flex wp-block-gallery-is-layout-flex\"><ul class=\"blocks-gallery-grid\"><li class=\"blocks-gallery-item\"><figure><img loading=\"lazy\" decoding=\"async\" width=\"120\" height=\"137\" src=\"https:\/\/jaapsa.com\/wp53\/wp-content\/uploads\/2020\/08\/texturas_1.gif\" alt=\"\" data-id=\"113\" data-link=\"https:\/\/jaapsa.com\/wp53\/?attachment_id=113\" class=\"wp-image-113\"\/><\/figure><\/li><li class=\"blocks-gallery-item\"><figure><img loading=\"lazy\" decoding=\"async\" width=\"120\" height=\"137\" src=\"https:\/\/jaapsa.com\/wp53\/wp-content\/uploads\/2020\/08\/texturas_2.gif\" alt=\"\" data-id=\"114\" data-link=\"https:\/\/jaapsa.com\/wp53\/?attachment_id=114\" class=\"wp-image-114\"\/><\/figure><\/li><li class=\"blocks-gallery-item\"><figure><img loading=\"lazy\" decoding=\"async\" width=\"120\" height=\"137\" src=\"https:\/\/jaapsa.com\/wp53\/wp-content\/uploads\/2020\/08\/texturas_3.gif\" alt=\"\" data-id=\"115\" data-link=\"https:\/\/jaapsa.com\/wp53\/?attachment_id=115\" class=\"wp-image-115\"\/><\/figure><\/li><li class=\"blocks-gallery-item\"><figure><img loading=\"lazy\" decoding=\"async\" width=\"120\" height=\"137\" src=\"https:\/\/jaapsa.com\/wp53\/wp-content\/uploads\/2020\/08\/texturas_4.gif\" alt=\"\" data-id=\"116\" data-link=\"https:\/\/jaapsa.com\/wp53\/?attachment_id=116\" class=\"wp-image-116\"\/><\/figure><\/li><\/ul><\/figure>\n\n\n\n<p class=\"has-medium-font-size\">Acabados<\/p>\n\n\n\n<figure class=\"wp-block-gallery aligncenter columns-3 is-cropped wp-block-gallery-3 is-layout-flex wp-block-gallery-is-layout-flex\"><ul class=\"blocks-gallery-grid\"><li class=\"blocks-gallery-item\"><figure><a href=\"https:\/\/jaapsa.com\/wp53\/wp-content\/uploads\/2020\/08\/acabados_1.gif\"><img loading=\"lazy\" decoding=\"async\" width=\"123\" height=\"110\" src=\"https:\/\/jaapsa.com\/wp53\/wp-content\/uploads\/2020\/08\/acabados_1.gif\" alt=\"\" data-id=\"117\" data-link=\"https:\/\/jaapsa.com\/wp53\/?attachment_id=117\" class=\"wp-image-117\"\/><\/a><\/figure><\/li><li class=\"blocks-gallery-item\"><figure><a href=\"https:\/\/jaapsa.com\/wp53\/wp-content\/uploads\/2020\/08\/acabados_2.gif\"><img loading=\"lazy\" decoding=\"async\" width=\"123\" height=\"110\" src=\"https:\/\/jaapsa.com\/wp53\/wp-content\/uploads\/2020\/08\/acabados_2.gif\" alt=\"\" data-id=\"118\" data-link=\"https:\/\/jaapsa.com\/wp53\/?attachment_id=118\" class=\"wp-image-118\"\/><\/a><\/figure><\/li><li class=\"blocks-gallery-item\"><figure><a href=\"https:\/\/jaapsa.com\/wp53\/wp-content\/uploads\/2020\/08\/acabados_3.gif\"><img loading=\"lazy\" decoding=\"async\" width=\"123\" height=\"110\" src=\"https:\/\/jaapsa.com\/wp53\/wp-content\/uploads\/2020\/08\/acabados_3.gif\" alt=\"\" data-id=\"119\" data-link=\"https:\/\/jaapsa.com\/wp53\/?attachment_id=119\" class=\"wp-image-119\"\/><\/a><\/figure><\/li><\/ul><\/figure>\n\n\n\n<p>Contamos con una gran gama de colores y texturas para satisfacer sus necesidades en de su obra. Ya sea imitaci\u00f3n m\u00e1rmol, cantera aluminizado o piedras naturales. Ya sea acabado brillante u opaco.<br> <br> Estos son solo ejemplos comunes de los tipos de tonos que podemos aplicar en las placas de fachadas y pisos POLIPLAQUE o en molduras y columnas Industrias JAAPSA S.A. de C.V..<br> <br> Podemos crear combinaciones innovadoras con las texturas y tonalidades para interior como en el exterior.<\/p>\n\n\n\n<p style=\"background-color:#0943a6\" class=\"has-text-color has-background has-very-light-gray-color\">Cualidades de Poliplaque para fachadas y pisos de edificios<\/p>\n\n\n\n<ul class=\"wp-block-list\"><li>5 veces m\u00e1s resistente a la compresi\u00f3n que concreto Portland<\/li><li>Nula absorci\u00f3n de la humedad a\u00fan en constante inmersi\u00f3n<\/li><li>Son inatacables por mohos y microorganismos en general<\/li><li>10 veces menos peso y presenta m\u00e1s resistencia mec\u00e1nica y abrasiva <\/li><li>No necesita mantenimiento ni pintura<\/li><\/ul>\n","protected":false},"excerpt":{"rendered":"<p>Tonos y variaciones de colores Textura Acabados Contamos con una gran gama de colores y texturas para satisfacer sus necesidades en de su obra. Ya sea imitaci\u00f3n m\u00e1rmol, cantera aluminizado o piedras naturales. Ya sea acabado brillante u opaco. Estos son solo ejemplos comunes de los tipos de tonos que&hellip;<\/p>\n","protected":false},"author":1,"featured_media":0,"parent":0,"menu_order":0,"comment_status":"closed","ping_status":"closed","template":"","meta":{"_joinchat":[],"footnotes":""},"class_list":["post-106","page","type-page","status-publish","hentry"],"yoast_head":"<!-- This site is optimized with the Yoast SEO plugin v25.1 - https:\/\/yoast.com\/wordpress\/plugins\/seo\/ -->\n<title>Gama de colores y texturas -<\/title>\n<meta name=\"robots\" content=\"index, follow, max-snippet:-1, max-image-preview:large, max-video-preview:-1\" \/>\n<link rel=\"canonical\" href=\"https:\/\/jaapsa.com\/wp53\/gama-de-colores-y-texturas\/\" \/>\n<meta property=\"og:locale\" content=\"es_MX\" \/>\n<meta property=\"og:type\" content=\"article\" \/>\n<meta property=\"og:title\" content=\"Gama de colores y texturas -\" \/>\n<meta property=\"og:description\" content=\"Tonos y variaciones de colores Textura Acabados Contamos con una gran gama de colores y texturas para satisfacer sus necesidades en de su obra. Ya sea imitaci\u00f3n m\u00e1rmol, cantera aluminizado o piedras naturales. Ya sea acabado brillante u opaco. Estos son solo ejemplos comunes de los tipos de tonos que&hellip;\" \/>\n<meta property=\"og:url\" content=\"https:\/\/jaapsa.com\/wp53\/gama-de-colores-y-texturas\/\" \/>\n<meta property=\"article:publisher\" content=\"https:\/\/www.facebook.com\/IndustriasJAAPSA\" \/>\n<meta property=\"article:modified_time\" content=\"2020-08-08T10:03:30+00:00\" \/>\n<meta property=\"og:image\" content=\"https:\/\/jaapsa.com\/wp53\/wp-content\/uploads\/2020\/08\/tono_1.gif\" \/>\n<meta name=\"twitter:card\" content=\"summary_large_image\" \/>\n<meta name=\"twitter:label1\" content=\"Tiempo de lectura\" \/>\n\t<meta name=\"twitter:data1\" content=\"1 minuto\" \/>\n<script type=\"application\/ld+json\" class=\"yoast-schema-graph\">{\"@context\":\"https:\/\/schema.org\",\"@graph\":[{\"@type\":\"WebPage\",\"@id\":\"https:\/\/jaapsa.com\/wp53\/gama-de-colores-y-texturas\/\",\"url\":\"https:\/\/jaapsa.com\/wp53\/gama-de-colores-y-texturas\/\",\"name\":\"Gama de colores y texturas -\",\"isPartOf\":{\"@id\":\"https:\/\/jaapsa.com\/wp53\/#website\"},\"primaryImageOfPage\":{\"@id\":\"https:\/\/jaapsa.com\/wp53\/gama-de-colores-y-texturas\/#primaryimage\"},\"image\":{\"@id\":\"https:\/\/jaapsa.com\/wp53\/gama-de-colores-y-texturas\/#primaryimage\"},\"thumbnailUrl\":\"https:\/\/jaapsa.com\/wp53\/wp-content\/uploads\/2020\/08\/tono_1.gif\",\"datePublished\":\"2020-08-06T07:06:43+00:00\",\"dateModified\":\"2020-08-08T10:03:30+00:00\",\"breadcrumb\":{\"@id\":\"https:\/\/jaapsa.com\/wp53\/gama-de-colores-y-texturas\/#breadcrumb\"},\"inLanguage\":\"es\",\"potentialAction\":[{\"@type\":\"ReadAction\",\"target\":[\"https:\/\/jaapsa.com\/wp53\/gama-de-colores-y-texturas\/\"]}]},{\"@type\":\"ImageObject\",\"inLanguage\":\"es\",\"@id\":\"https:\/\/jaapsa.com\/wp53\/gama-de-colores-y-texturas\/#primaryimage\",\"url\":\"https:\/\/jaapsa.com\/wp53\/wp-content\/uploads\/2020\/08\/tono_1.gif\",\"contentUrl\":\"https:\/\/jaapsa.com\/wp53\/wp-content\/uploads\/2020\/08\/tono_1.gif\",\"width\":77,\"height\":111},{\"@type\":\"BreadcrumbList\",\"@id\":\"https:\/\/jaapsa.com\/wp53\/gama-de-colores-y-texturas\/#breadcrumb\",\"itemListElement\":[{\"@type\":\"ListItem\",\"position\":1,\"name\":\"Inicio\",\"item\":\"https:\/\/jaapsa.com\/wp53\/\"},{\"@type\":\"ListItem\",\"position\":2,\"name\":\"Gama de colores y texturas\"}]},{\"@type\":\"WebSite\",\"@id\":\"https:\/\/jaapsa.com\/wp53\/#website\",\"url\":\"https:\/\/jaapsa.com\/wp53\/\",\"name\":\"Industrias Jaapsa\",\"description\":\"\",\"publisher\":{\"@id\":\"https:\/\/jaapsa.com\/wp53\/#organization\"},\"potentialAction\":[{\"@type\":\"SearchAction\",\"target\":{\"@type\":\"EntryPoint\",\"urlTemplate\":\"https:\/\/jaapsa.com\/wp53\/?s={search_term_string}\"},\"query-input\":{\"@type\":\"PropertyValueSpecification\",\"valueRequired\":true,\"valueName\":\"search_term_string\"}}],\"inLanguage\":\"es\"},{\"@type\":\"Organization\",\"@id\":\"https:\/\/jaapsa.com\/wp53\/#organization\",\"name\":\"Industrias Jaapsa\",\"url\":\"https:\/\/jaapsa.com\/wp53\/\",\"logo\":{\"@type\":\"ImageObject\",\"inLanguage\":\"es\",\"@id\":\"https:\/\/jaapsa.com\/wp53\/#\/schema\/logo\/image\/\",\"url\":\"https:\/\/jaapsa.com\/wp53\/wp-content\/uploads\/2021\/02\/cropped-LOGO-JAAPSA.png\",\"contentUrl\":\"https:\/\/jaapsa.com\/wp53\/wp-content\/uploads\/2021\/02\/cropped-LOGO-JAAPSA.png\",\"width\":882,\"height\":242,\"caption\":\"Industrias Jaapsa\"},\"image\":{\"@id\":\"https:\/\/jaapsa.com\/wp53\/#\/schema\/logo\/image\/\"},\"sameAs\":[\"https:\/\/www.facebook.com\/IndustriasJAAPSA\",\"https:\/\/www.youtube.com\/channel\/UCsI4XU5O7BtGc7_TqaKsX0Q\"]}]}<\/script>\n<!-- \/ Yoast SEO plugin. -->","yoast_head_json":{"title":"Gama de colores y texturas -","robots":{"index":"index","follow":"follow","max-snippet":"max-snippet:-1","max-image-preview":"max-image-preview:large","max-video-preview":"max-video-preview:-1"},"canonical":"https:\/\/jaapsa.com\/wp53\/gama-de-colores-y-texturas\/","og_locale":"es_MX","og_type":"article","og_title":"Gama de colores y texturas -","og_description":"Tonos y variaciones de colores Textura Acabados Contamos con una gran gama de colores y texturas para satisfacer sus necesidades en de su obra. Ya sea imitaci\u00f3n m\u00e1rmol, cantera aluminizado o piedras naturales. Ya sea acabado brillante u opaco. Estos son solo ejemplos comunes de los tipos de tonos que&hellip;","og_url":"https:\/\/jaapsa.com\/wp53\/gama-de-colores-y-texturas\/","article_publisher":"https:\/\/www.facebook.com\/IndustriasJAAPSA","article_modified_time":"2020-08-08T10:03:30+00:00","og_image":[{"url":"https:\/\/jaapsa.com\/wp53\/wp-content\/uploads\/2020\/08\/tono_1.gif","type":"","width":"","height":""}],"twitter_card":"summary_large_image","twitter_misc":{"Tiempo de lectura":"1 minuto"},"schema":{"@context":"https:\/\/schema.org","@graph":[{"@type":"WebPage","@id":"https:\/\/jaapsa.com\/wp53\/gama-de-colores-y-texturas\/","url":"https:\/\/jaapsa.com\/wp53\/gama-de-colores-y-texturas\/","name":"Gama de colores y texturas -","isPartOf":{"@id":"https:\/\/jaapsa.com\/wp53\/#website"},"primaryImageOfPage":{"@id":"https:\/\/jaapsa.com\/wp53\/gama-de-colores-y-texturas\/#primaryimage"},"image":{"@id":"https:\/\/jaapsa.com\/wp53\/gama-de-colores-y-texturas\/#primaryimage"},"thumbnailUrl":"https:\/\/jaapsa.com\/wp53\/wp-content\/uploads\/2020\/08\/tono_1.gif","datePublished":"2020-08-06T07:06:43+00:00","dateModified":"2020-08-08T10:03:30+00:00","breadcrumb":{"@id":"https:\/\/jaapsa.com\/wp53\/gama-de-colores-y-texturas\/#breadcrumb"},"inLanguage":"es","potentialAction":[{"@type":"ReadAction","target":["https:\/\/jaapsa.com\/wp53\/gama-de-colores-y-texturas\/"]}]},{"@type":"ImageObject","inLanguage":"es","@id":"https:\/\/jaapsa.com\/wp53\/gama-de-colores-y-texturas\/#primaryimage","url":"https:\/\/jaapsa.com\/wp53\/wp-content\/uploads\/2020\/08\/tono_1.gif","contentUrl":"https:\/\/jaapsa.com\/wp53\/wp-content\/uploads\/2020\/08\/tono_1.gif","width":77,"height":111},{"@type":"BreadcrumbList","@id":"https:\/\/jaapsa.com\/wp53\/gama-de-colores-y-texturas\/#breadcrumb","itemListElement":[{"@type":"ListItem","position":1,"name":"Inicio","item":"https:\/\/jaapsa.com\/wp53\/"},{"@type":"ListItem","position":2,"name":"Gama de colores y texturas"}]},{"@type":"WebSite","@id":"https:\/\/jaapsa.com\/wp53\/#website","url":"https:\/\/jaapsa.com\/wp53\/","name":"Industrias Jaapsa","description":"","publisher":{"@id":"https:\/\/jaapsa.com\/wp53\/#organization"},"potentialAction":[{"@type":"SearchAction","target":{"@type":"EntryPoint","urlTemplate":"https:\/\/jaapsa.com\/wp53\/?s={search_term_string}"},"query-input":{"@type":"PropertyValueSpecification","valueRequired":true,"valueName":"search_term_string"}}],"inLanguage":"es"},{"@type":"Organization","@id":"https:\/\/jaapsa.com\/wp53\/#organization","name":"Industrias Jaapsa","url":"https:\/\/jaapsa.com\/wp53\/","logo":{"@type":"ImageObject","inLanguage":"es","@id":"https:\/\/jaapsa.com\/wp53\/#\/schema\/logo\/image\/","url":"https:\/\/jaapsa.com\/wp53\/wp-content\/uploads\/2021\/02\/cropped-LOGO-JAAPSA.png","contentUrl":"https:\/\/jaapsa.com\/wp53\/wp-content\/uploads\/2021\/02\/cropped-LOGO-JAAPSA.png","width":882,"height":242,"caption":"Industrias Jaapsa"},"image":{"@id":"https:\/\/jaapsa.com\/wp53\/#\/schema\/logo\/image\/"},"sameAs":["https:\/\/www.facebook.com\/IndustriasJAAPSA","https:\/\/www.youtube.com\/channel\/UCsI4XU5O7BtGc7_TqaKsX0Q"]}]}},"_links":{"self":[{"href":"https:\/\/jaapsa.com\/wp53\/wp-json\/wp\/v2\/pages\/106","targetHints":{"allow":["GET"]}}],"collection":[{"href":"https:\/\/jaapsa.com\/wp53\/wp-json\/wp\/v2\/pages"}],"about":[{"href":"https:\/\/jaapsa.com\/wp53\/wp-json\/wp\/v2\/types\/page"}],"author":[{"embeddable":true,"href":"https:\/\/jaapsa.com\/wp53\/wp-json\/wp\/v2\/users\/1"}],"replies":[{"embeddable":true,"href":"https:\/\/jaapsa.com\/wp53\/wp-json\/wp\/v2\/comments?post=106"}],"version-history":[{"count":4,"href":"https:\/\/jaapsa.com\/wp53\/wp-json\/wp\/v2\/pages\/106\/revisions"}],"predecessor-version":[{"id":225,"href":"https:\/\/jaapsa.com\/wp53\/wp-json\/wp\/v2\/pages\/106\/revisions\/225"}],"wp:attachment":[{"href":"https:\/\/jaapsa.com\/wp53\/wp-json\/wp\/v2\/media?parent=106"}],"curies":[{"name":"wp","href":"https:\/\/api.w.org\/{rel}","templated":true}]}}