{"id":63,"date":"2020-08-06T01:03:22","date_gmt":"2020-08-06T01:03:22","guid":{"rendered":"https:\/\/jaapsa.com\/wp53\/?page_id=63"},"modified":"2026-03-26T12:44:32","modified_gmt":"2026-03-26T18:44:32","slug":"contacto","status":"publish","type":"page","link":"https:\/\/jaapsa.com\/wp53\/en\/contacto\/","title":{"rendered":"Contact"},"content":{"rendered":"<p><strong>Please send us your information and we will answer you soon as posible.<\/strong> <\/p>\n\n\n\n\n<div class=\"wpcf7 no-js\" id=\"wpcf7-f234-o1\" lang=\"en-US\" dir=\"ltr\" data-wpcf7-id=\"234\">\n<div class=\"screen-reader-response\"><p role=\"status\" aria-live=\"polite\" aria-atomic=\"true\"><\/p> <ul><\/ul><\/div>\n<form action=\"\/wp53\/en\/wp-json\/wp\/v2\/pages\/63#wpcf7-f234-o1\" method=\"post\" class=\"wpcf7-form init\" aria-label=\"Contact form\" novalidate=\"novalidate\" data-status=\"init\" data-trp-original-action=\"\/wp53\/en\/wp-json\/wp\/v2\/pages\/63#wpcf7-f234-o1\">\n<div style=\"display: none;\">\n<input type=\"hidden\" name=\"_wpcf7\" value=\"234\" \/>\n<input type=\"hidden\" name=\"_wpcf7_version\" value=\"6.0.6\" \/>\n<input type=\"hidden\" name=\"_wpcf7_locale\" value=\"en_US\" \/>\n<input type=\"hidden\" name=\"_wpcf7_unit_tag\" value=\"wpcf7-f234-o1\" \/>\n<input type=\"hidden\" name=\"_wpcf7_container_post\" value=\"0\" \/>\n<input type=\"hidden\" name=\"_wpcf7_posted_data_hash\" value=\"\" \/>\n<\/div>\n<p><label> Name<br \/>\n<span class=\"wpcf7-form-control-wrap\" data-name=\"your-name\"><input size=\"40\" maxlength=\"400\" class=\"wpcf7-form-control wpcf7-text wpcf7-validates-as-required\" aria-required=\"true\" aria-invalid=\"false\" value=\"\" type=\"text\" name=\"your-name\" \/><\/span> <\/label>\n<\/p>\n<p><label> Company<br \/>\n<span class=\"wpcf7-form-control-wrap\" data-name=\"your-subject\"><input size=\"40\" maxlength=\"400\" class=\"wpcf7-form-control wpcf7-text wpcf7-validates-as-required\" aria-required=\"true\" aria-invalid=\"false\" value=\"\" type=\"text\" name=\"your-subject\" \/><\/span> <\/label>\n<\/p>\n<p><label> Telephone<br \/>\n<span class=\"wpcf7-form-control-wrap\" data-name=\"tel-56\"><input size=\"40\" maxlength=\"400\" class=\"wpcf7-form-control wpcf7-tel wpcf7-validates-as-required wpcf7-text wpcf7-validates-as-tel\" aria-required=\"true\" aria-invalid=\"false\" value=\"\" type=\"tel\" name=\"tel-56\" \/><\/span> <\/label>\n<\/p>\n<p><label> e-mail<br \/>\n<span class=\"wpcf7-form-control-wrap\" data-name=\"your-email\"><input size=\"40\" maxlength=\"400\" class=\"wpcf7-form-control wpcf7-email wpcf7-validates-as-required wpcf7-text wpcf7-validates-as-email\" aria-required=\"true\" aria-invalid=\"false\" value=\"\" type=\"email\" name=\"your-email\" \/><\/span> <\/label>\n<\/p>\n<p><label> Message<br \/>\n<span class=\"wpcf7-form-control-wrap\" data-name=\"your-message\"><textarea cols=\"40\" rows=\"10\" maxlength=\"2000\" class=\"wpcf7-form-control wpcf7-textarea\" aria-invalid=\"false\" name=\"your-message\"><\/textarea><\/span> <\/label>\n<\/p>\n<p><input class=\"wpcf7-form-control wpcf7-submit has-spinner\" type=\"submit\" value=\"Send\" \/>\n<\/p><div class=\"wpcf7-response-output\" aria-hidden=\"true\"><\/div>\n<input type=\"hidden\" name=\"trp-form-language\" value=\"en\"\/><\/form>\n<\/div>\n\n\n\n\n<p class=\"has-text-align-center has-vivid-red-color has-very-light-gray-background-color has-text-color has-background\"><a href=\"https:\/\/jaapsa.com\/wp53\/en\/mapa-de-ubicacion\/\">Location map<\/a><\/p>\n\n\n\n<p class=\"has-text-align-center\"><strong>We are located in:<\/strong><\/p>\n\n\n\n<p>Manuel G\u00f3mez de Castro 4736, Bur\u00f3cratas del Estado, 64380 Monterrey, N.L<\/p>\n\n\n\n<p>Tel\u00e9fonos:<\/p>\n\n\n\n<p class=\"has-text-align-center\"><strong>(81) 1365 6500<br>(81) 1365 6501<br>(81) 1365 6503<\/strong><\/p>\n\n\n\n<p class=\"has-text-align-left\">Escribenos por WhatsApp:<\/p>\n\n\n\n<p class=\"has-text-align-center\"><strong>+52 81 2941 5975<\/strong><\/p>\n\n\n\n<div class=\"wp-block-joinchat-button joinchat-button--qr-both has-border-color\" style=\"border-color:#25d366;border-style:solid;border-width:6px;border-radius:30px\"><figure><figcaption>Escanea el c\u00f3digo<\/figcaption><a class=\"joinchat-button__qr has-border-color\" style=\"border-color:#25d366;border-style:solid;border-width:6px;border-radius:30px\" href=\"#whatsapp\"><\/a><\/figure><a class=\"wp-block-button__link joinchat-button__link has-ffffff-color has-text-color has-background has-border-color\" style=\"border-color:#25d366;border-style:solid;border-width:6px;border-radius:30px;background-color:#25d366\" href=\"#whatsapp\"><span><strong>Open Chat<\/strong><\/span><\/a><\/div>\n\n\n\n<p><\/p>","protected":false},"excerpt":{"rendered":"<p>Solicita una cotizaci\u00f3n con nosotros y con gusto te responderemos a la brevedad posible Mapa de ubicaci\u00f3n Estamos ubicados en: Manuel G\u00f3mez de Castro 4736, Bur\u00f3cratas del Estado, 64380 Monterrey, N.L Tel\u00e9fonos: (81) 1365 6500(81) 1365 6501(81) 1365 6503 Escribenos por WhatsApp: +52 81 2941 5975<\/p>","protected":false},"author":1,"featured_media":0,"parent":0,"menu_order":0,"comment_status":"closed","ping_status":"closed","template":"","meta":{"_joinchat":[],"footnotes":""},"class_list":["post-63","page","type-page","status-publish","hentry"],"yoast_head":"<!-- This site is optimized with the Yoast SEO plugin v25.1 - https:\/\/yoast.com\/wordpress\/plugins\/seo\/ -->\n<title>Contacto -<\/title>\n<meta name=\"robots\" content=\"index, follow, max-snippet:-1, max-image-preview:large, max-video-preview:-1\" \/>\n<link rel=\"canonical\" href=\"https:\/\/jaapsa.com\/wp53\/en\/contacto\/\" \/>\n<meta property=\"og:locale\" content=\"en_US\" \/>\n<meta property=\"og:type\" content=\"article\" \/>\n<meta property=\"og:title\" content=\"Contacto -\" \/>\n<meta property=\"og:description\" content=\"Solicita una cotizaci\u00f3n con nosotros y con gusto te responderemos a la brevedad posible Mapa de ubicaci\u00f3n Estamos ubicados en: Manuel G\u00f3mez de Castro 4736, Bur\u00f3cratas del Estado, 64380 Monterrey, N.L Tel\u00e9fonos: (81) 1365 6500(81) 1365 6501(81) 1365 6503 Escribenos por WhatsApp: +52 81 2941 5975\" \/>\n<meta property=\"og:url\" content=\"https:\/\/jaapsa.com\/wp53\/en\/contacto\/\" \/>\n<meta property=\"article:publisher\" content=\"https:\/\/www.facebook.com\/IndustriasJAAPSA\" \/>\n<meta property=\"article:modified_time\" content=\"2026-03-26T18:44:32+00:00\" \/>\n<meta name=\"twitter:card\" content=\"summary_large_image\" \/>\n<meta name=\"twitter:label1\" content=\"Est. reading time\" \/>\n\t<meta name=\"twitter:data1\" content=\"1 minute\" \/>\n<script type=\"application\/ld+json\" class=\"yoast-schema-graph\">{\"@context\":\"https:\/\/schema.org\",\"@graph\":[{\"@type\":\"WebPage\",\"@id\":\"https:\/\/jaapsa.com\/wp53\/contacto\/\",\"url\":\"https:\/\/jaapsa.com\/wp53\/contacto\/\",\"name\":\"Contacto -\",\"isPartOf\":{\"@id\":\"https:\/\/jaapsa.com\/wp53\/#website\"},\"datePublished\":\"2020-08-06T01:03:22+00:00\",\"dateModified\":\"2026-03-26T18:44:32+00:00\",\"breadcrumb\":{\"@id\":\"https:\/\/jaapsa.com\/wp53\/contacto\/#breadcrumb\"},\"inLanguage\":\"en-US\",\"potentialAction\":[{\"@type\":\"ReadAction\",\"target\":[\"https:\/\/jaapsa.com\/wp53\/contacto\/\"]}]},{\"@type\":\"BreadcrumbList\",\"@id\":\"https:\/\/jaapsa.com\/wp53\/contacto\/#breadcrumb\",\"itemListElement\":[{\"@type\":\"ListItem\",\"position\":1,\"name\":\"Inicio\",\"item\":\"https:\/\/jaapsa.com\/wp53\/\"},{\"@type\":\"ListItem\",\"position\":2,\"name\":\"Contacto\"}]},{\"@type\":\"WebSite\",\"@id\":\"https:\/\/jaapsa.com\/wp53\/#website\",\"url\":\"https:\/\/jaapsa.com\/wp53\/\",\"name\":\"Industrias Jaapsa\",\"description\":\"\",\"publisher\":{\"@id\":\"https:\/\/jaapsa.com\/wp53\/#organization\"},\"potentialAction\":[{\"@type\":\"SearchAction\",\"target\":{\"@type\":\"EntryPoint\",\"urlTemplate\":\"https:\/\/jaapsa.com\/wp53\/?s={search_term_string}\"},\"query-input\":{\"@type\":\"PropertyValueSpecification\",\"valueRequired\":true,\"valueName\":\"search_term_string\"}}],\"inLanguage\":\"en-US\"},{\"@type\":\"Organization\",\"@id\":\"https:\/\/jaapsa.com\/wp53\/#organization\",\"name\":\"Industrias Jaapsa\",\"url\":\"https:\/\/jaapsa.com\/wp53\/\",\"logo\":{\"@type\":\"ImageObject\",\"inLanguage\":\"en-US\",\"@id\":\"https:\/\/jaapsa.com\/wp53\/#\/schema\/logo\/image\/\",\"url\":\"https:\/\/jaapsa.com\/wp53\/wp-content\/uploads\/2021\/02\/cropped-LOGO-JAAPSA.png\",\"contentUrl\":\"https:\/\/jaapsa.com\/wp53\/wp-content\/uploads\/2021\/02\/cropped-LOGO-JAAPSA.png\",\"width\":882,\"height\":242,\"caption\":\"Industrias Jaapsa\"},\"image\":{\"@id\":\"https:\/\/jaapsa.com\/wp53\/#\/schema\/logo\/image\/\"},\"sameAs\":[\"https:\/\/www.facebook.com\/IndustriasJAAPSA\",\"https:\/\/www.youtube.com\/channel\/UCsI4XU5O7BtGc7_TqaKsX0Q\"]}]}<\/script>\n<!-- \/ Yoast SEO plugin. -->","yoast_head_json":{"title":"Contacto -","robots":{"index":"index","follow":"follow","max-snippet":"max-snippet:-1","max-image-preview":"max-image-preview:large","max-video-preview":"max-video-preview:-1"},"canonical":"https:\/\/jaapsa.com\/wp53\/en\/contacto\/","og_locale":"en_US","og_type":"article","og_title":"Contacto -","og_description":"Solicita una cotizaci\u00f3n con nosotros y con gusto te responderemos a la brevedad posible Mapa de ubicaci\u00f3n Estamos ubicados en: Manuel G\u00f3mez de Castro 4736, Bur\u00f3cratas del Estado, 64380 Monterrey, N.L Tel\u00e9fonos: (81) 1365 6500(81) 1365 6501(81) 1365 6503 Escribenos por WhatsApp: +52 81 2941 5975","og_url":"https:\/\/jaapsa.com\/wp53\/en\/contacto\/","article_publisher":"https:\/\/www.facebook.com\/IndustriasJAAPSA","article_modified_time":"2026-03-26T18:44:32+00:00","twitter_card":"summary_large_image","twitter_misc":{"Est. reading time":"1 minute"},"schema":{"@context":"https:\/\/schema.org","@graph":[{"@type":"WebPage","@id":"https:\/\/jaapsa.com\/wp53\/contacto\/","url":"https:\/\/jaapsa.com\/wp53\/contacto\/","name":"Contacto -","isPartOf":{"@id":"https:\/\/jaapsa.com\/wp53\/#website"},"datePublished":"2020-08-06T01:03:22+00:00","dateModified":"2026-03-26T18:44:32+00:00","breadcrumb":{"@id":"https:\/\/jaapsa.com\/wp53\/contacto\/#breadcrumb"},"inLanguage":"en-US","potentialAction":[{"@type":"ReadAction","target":["https:\/\/jaapsa.com\/wp53\/contacto\/"]}]},{"@type":"BreadcrumbList","@id":"https:\/\/jaapsa.com\/wp53\/contacto\/#breadcrumb","itemListElement":[{"@type":"ListItem","position":1,"name":"Inicio","item":"https:\/\/jaapsa.com\/wp53\/"},{"@type":"ListItem","position":2,"name":"Contacto"}]},{"@type":"WebSite","@id":"https:\/\/jaapsa.com\/wp53\/#website","url":"https:\/\/jaapsa.com\/wp53\/","name":"Industrias Jaapsa","description":"","publisher":{"@id":"https:\/\/jaapsa.com\/wp53\/#organization"},"potentialAction":[{"@type":"SearchAction","target":{"@type":"EntryPoint","urlTemplate":"https:\/\/jaapsa.com\/wp53\/?s={search_term_string}"},"query-input":{"@type":"PropertyValueSpecification","valueRequired":true,"valueName":"search_term_string"}}],"inLanguage":"en-US"},{"@type":"Organization","@id":"https:\/\/jaapsa.com\/wp53\/#organization","name":"Industrias Jaapsa","url":"https:\/\/jaapsa.com\/wp53\/","logo":{"@type":"ImageObject","inLanguage":"en-US","@id":"https:\/\/jaapsa.com\/wp53\/#\/schema\/logo\/image\/","url":"https:\/\/jaapsa.com\/wp53\/wp-content\/uploads\/2021\/02\/cropped-LOGO-JAAPSA.png","contentUrl":"https:\/\/jaapsa.com\/wp53\/wp-content\/uploads\/2021\/02\/cropped-LOGO-JAAPSA.png","width":882,"height":242,"caption":"Industrias Jaapsa"},"image":{"@id":"https:\/\/jaapsa.com\/wp53\/#\/schema\/logo\/image\/"},"sameAs":["https:\/\/www.facebook.com\/IndustriasJAAPSA","https:\/\/www.youtube.com\/channel\/UCsI4XU5O7BtGc7_TqaKsX0Q"]}]}},"_links":{"self":[{"href":"https:\/\/jaapsa.com\/wp53\/en\/wp-json\/wp\/v2\/pages\/63","targetHints":{"allow":["GET"]}}],"collection":[{"href":"https:\/\/jaapsa.com\/wp53\/en\/wp-json\/wp\/v2\/pages"}],"about":[{"href":"https:\/\/jaapsa.com\/wp53\/en\/wp-json\/wp\/v2\/types\/page"}],"author":[{"embeddable":true,"href":"https:\/\/jaapsa.com\/wp53\/en\/wp-json\/wp\/v2\/users\/1"}],"replies":[{"embeddable":true,"href":"https:\/\/jaapsa.com\/wp53\/en\/wp-json\/wp\/v2\/comments?post=63"}],"version-history":[{"count":15,"href":"https:\/\/jaapsa.com\/wp53\/en\/wp-json\/wp\/v2\/pages\/63\/revisions"}],"predecessor-version":[{"id":1750,"href":"https:\/\/jaapsa.com\/wp53\/en\/wp-json\/wp\/v2\/pages\/63\/revisions\/1750"}],"wp:attachment":[{"href":"https:\/\/jaapsa.com\/wp53\/en\/wp-json\/wp\/v2\/media?parent=63"}],"curies":[{"name":"wp","href":"https:\/\/api.w.org\/{rel}","templated":true}]}}