{"id":62,"date":"2020-08-06T01:03:22","date_gmt":"2020-08-06T01:03:22","guid":{"rendered":"https:\/\/jaapsa.com\/wp53\/?page_id=62"},"modified":"2026-03-25T11:31:09","modified_gmt":"2026-03-25T17:31:09","slug":"pozos-y-registros","status":"publish","type":"page","link":"https:\/\/jaapsa.com\/wp53\/en\/pozos-y-registros\/","title":{"rendered":"Registros y Pozos de Visita"},"content":{"rendered":"<figure class=\"wp-block-image aligncenter size-large\"><img loading=\"lazy\" decoding=\"async\" width=\"431\" height=\"173\" src=\"https:\/\/jaapsa.com\/wp53\/wp-content\/uploads\/2020\/08\/patentedsistem_manholes.jpg\" alt=\"\" class=\"wp-image-143\" srcset=\"https:\/\/jaapsa.com\/wp53\/wp-content\/uploads\/2020\/08\/patentedsistem_manholes.jpg 431w, https:\/\/jaapsa.com\/wp53\/wp-content\/uploads\/2020\/08\/patentedsistem_manholes-300x120.jpg 300w\" sizes=\"auto, (max-width: 431px) 100vw, 431px\" \/><\/figure>\n\n\n\n<div class=\"wp-block-columns is-layout-flex wp-container-core-columns-is-layout-28f84493 wp-block-columns-is-layout-flex\">\n<div class=\"wp-block-column is-layout-flow wp-block-column-is-layout-flow\" style=\"flex-basis:33.33%\">\n<figure class=\"wp-block-image size-full\"><img loading=\"lazy\" decoding=\"async\" width=\"315\" height=\"560\" src=\"https:\/\/jaapsa.com\/wp53\/wp-content\/uploads\/2026\/03\/Captura-de-pantalla-2026-03-25-111950-1.png\" alt=\"\" class=\"wp-image-1609\" srcset=\"https:\/\/jaapsa.com\/wp53\/wp-content\/uploads\/2026\/03\/Captura-de-pantalla-2026-03-25-111950-1.png 315w, https:\/\/jaapsa.com\/wp53\/wp-content\/uploads\/2026\/03\/Captura-de-pantalla-2026-03-25-111950-1-169x300.png 169w, https:\/\/jaapsa.com\/wp53\/wp-content\/uploads\/2026\/03\/Captura-de-pantalla-2026-03-25-111950-1-7x12.png 7w\" sizes=\"auto, (max-width: 315px) 100vw, 315px\" \/><\/figure>\n<\/div>\n\n\n\n<div class=\"wp-block-column is-layout-flow wp-block-column-is-layout-flow\" style=\"flex-basis:66.66%\">\n<figure class=\"wp-block-image size-full is-resized\"><img loading=\"lazy\" decoding=\"async\" width=\"559\" height=\"560\" src=\"https:\/\/jaapsa.com\/wp53\/wp-content\/uploads\/2026\/03\/Captura-de-pantalla-2026-03-25-112014-1.png\" alt=\"\" class=\"wp-image-1610\" style=\"width:444px;height:auto\" srcset=\"https:\/\/jaapsa.com\/wp53\/wp-content\/uploads\/2026\/03\/Captura-de-pantalla-2026-03-25-112014-1.png 559w, https:\/\/jaapsa.com\/wp53\/wp-content\/uploads\/2026\/03\/Captura-de-pantalla-2026-03-25-112014-1-300x300.png 300w, https:\/\/jaapsa.com\/wp53\/wp-content\/uploads\/2026\/03\/Captura-de-pantalla-2026-03-25-112014-1-150x150.png 150w, https:\/\/jaapsa.com\/wp53\/wp-content\/uploads\/2026\/03\/Captura-de-pantalla-2026-03-25-112014-1-12x12.png 12w, https:\/\/jaapsa.com\/wp53\/wp-content\/uploads\/2026\/03\/Captura-de-pantalla-2026-03-25-112014-1-475x475.png 475w\" sizes=\"auto, (max-width: 559px) 100vw, 559px\" \/><\/figure>\n<\/div>\n<\/div>\n\n\n\n<figure class=\"wp-block-gallery has-nested-images columns-default is-cropped wp-block-gallery-1 is-layout-flex wp-block-gallery-is-layout-flex\"><\/figure>\n\n\n\n<p><strong>Manholes and Wetwells<\/strong>&nbsp;elements for\ninspection and maintenance, are placed on changes of direction or\nslope in the sewage or rainwater collectors.<\/p>\n\n\n\n<p>Our products are made with POLYMER\nREINFORCED, which makes them extremely light and resistant to attacks\nchemicals, with which you will benefit from an easy and fast installation.<\/p>\n\n\n\n<p class=\"has-text-align-center\"><strong>We make any required measurement in your project<\/strong><\/p>\n\n\n\n<p class=\"has-very-light-gray-color has-text-color has-background\" style=\"background-color:#62676b\">Pozos de Visita<\/p>\n\n\n\n<p><strong>Manholes\/Wetwells<\/strong>&nbsp;made in a single polymer piece reinforced with fiber glass, it includes steps of concrete polymeric&nbsp;<strong>Measures<\/strong>&nbsp;1.20m of diameter.\nDifferent measures from height according to its projects.<\/p>\n\n\n\n<figure class=\"wp-block-gallery has-nested-images columns-2 is-cropped wp-block-gallery-2 is-layout-flex wp-block-gallery-is-layout-flex\">\n<figure class=\"wp-block-image size-full\"><img loading=\"lazy\" decoding=\"async\" width=\"685\" height=\"560\" data-id=\"1597\" src=\"https:\/\/jaapsa.com\/wp53\/wp-content\/uploads\/2026\/03\/Captura-de-pantalla-2026-03-25-112050.png\" alt=\"\" class=\"wp-image-1597\" srcset=\"https:\/\/jaapsa.com\/wp53\/wp-content\/uploads\/2026\/03\/Captura-de-pantalla-2026-03-25-112050.png 685w, https:\/\/jaapsa.com\/wp53\/wp-content\/uploads\/2026\/03\/Captura-de-pantalla-2026-03-25-112050-300x245.png 300w, https:\/\/jaapsa.com\/wp53\/wp-content\/uploads\/2026\/03\/Captura-de-pantalla-2026-03-25-112050-15x12.png 15w\" sizes=\"auto, (max-width: 685px) 100vw, 685px\" \/><\/figure>\n\n\n\n<figure class=\"wp-block-image size-full\"><img loading=\"lazy\" decoding=\"async\" width=\"655\" height=\"559\" data-id=\"1598\" src=\"https:\/\/jaapsa.com\/wp53\/wp-content\/uploads\/2026\/03\/Captura-de-pantalla-2026-03-25-112123.png\" alt=\"\" class=\"wp-image-1598\" srcset=\"https:\/\/jaapsa.com\/wp53\/wp-content\/uploads\/2026\/03\/Captura-de-pantalla-2026-03-25-112123.png 655w, https:\/\/jaapsa.com\/wp53\/wp-content\/uploads\/2026\/03\/Captura-de-pantalla-2026-03-25-112123-300x256.png 300w, https:\/\/jaapsa.com\/wp53\/wp-content\/uploads\/2026\/03\/Captura-de-pantalla-2026-03-25-112123-14x12.png 14w\" sizes=\"auto, (max-width: 655px) 100vw, 655px\" \/><\/figure>\n\n\n\n<figure class=\"wp-block-image size-full\"><img loading=\"lazy\" decoding=\"async\" width=\"559\" height=\"562\" data-id=\"1599\" src=\"https:\/\/jaapsa.com\/wp53\/wp-content\/uploads\/2026\/03\/Captura-de-pantalla-2026-03-25-112151.png\" alt=\"\" class=\"wp-image-1599\" srcset=\"https:\/\/jaapsa.com\/wp53\/wp-content\/uploads\/2026\/03\/Captura-de-pantalla-2026-03-25-112151.png 559w, https:\/\/jaapsa.com\/wp53\/wp-content\/uploads\/2026\/03\/Captura-de-pantalla-2026-03-25-112151-298x300.png 298w, https:\/\/jaapsa.com\/wp53\/wp-content\/uploads\/2026\/03\/Captura-de-pantalla-2026-03-25-112151-150x150.png 150w, https:\/\/jaapsa.com\/wp53\/wp-content\/uploads\/2026\/03\/Captura-de-pantalla-2026-03-25-112151-12x12.png 12w\" sizes=\"auto, (max-width: 559px) 100vw, 559px\" \/><\/figure>\n<\/figure>\n\n\n\n<ul class=\"wp-block-list\">\n<li>100% airtight<\/li>\n\n\n\n<li>Does not require maintenance, watertightness guaranteed<\/li>\n\n\n\n<li>Resist the attack of hydrogen s\u00edlfide and most sever weather conditions.<\/li>\n\n\n\n<li>Site safety<\/li>\n\n\n\n<li>Light. Does not require heavy equipment for handling and installation<\/li>\n\n\n\n<li>Wide range of heights, obtained by its extensions<\/li>\n\n\n\n<li>Receive a wide range of pipe dimensions<\/li>\n<\/ul>\n\n\n\n<figure class=\"wp-block-embed is-type-video is-provider-youtube wp-block-embed-youtube wp-embed-aspect-16-9 wp-has-aspect-ratio\"><div class=\"wp-block-embed__wrapper\">\n<iframe loading=\"lazy\" title=\"Pozos de Visita - Industrias Jaapsa\" width=\"640\" height=\"360\" src=\"https:\/\/www.youtube.com\/embed\/ZB1ZPmzq9sA?feature=oembed&#038;enablejsapi=1&#038;origin=https:\/\/jaapsa.com\" frameborder=\"0\" allow=\"accelerometer; autoplay; clipboard-write; encrypted-media; gyroscope; picture-in-picture; web-share\" referrerpolicy=\"strict-origin-when-cross-origin\" allowfullscreen><\/iframe>\n<\/div><\/figure>\n\n\n\n<figure class=\"wp-block-embed is-type-video is-provider-youtube wp-block-embed-youtube wp-embed-aspect-16-9 wp-has-aspect-ratio\"><div class=\"wp-block-embed__wrapper\">\n<iframe loading=\"lazy\" title=\"POZO DE VISITA POR DENTRO - Industrias Jaapsa\" width=\"640\" height=\"360\" src=\"https:\/\/www.youtube.com\/embed\/k_fyiamcq9k?feature=oembed&#038;enablejsapi=1&#038;origin=https:\/\/jaapsa.com\" frameborder=\"0\" allow=\"accelerometer; autoplay; clipboard-write; encrypted-media; gyroscope; picture-in-picture; web-share\" referrerpolicy=\"strict-origin-when-cross-origin\" allowfullscreen><\/iframe>\n<\/div><figcaption class=\"wp-element-caption\"><strong>POZO DE VISITA POR DENTRO<\/strong><\/figcaption><\/figure>\n\n\n\n<p class=\"has-very-light-gray-color has-text-color has-background\" style=\"background-color:#62676b\">Covers of Manholes\/ Wetwells<\/p>\n\n\n\n<div class=\"wp-block-media-text alignwide is-stacked-on-mobile\" style=\"grid-template-columns:36% auto\"><figure class=\"wp-block-media-text__media\"><img loading=\"lazy\" decoding=\"async\" width=\"421\" height=\"559\" src=\"https:\/\/jaapsa.com\/wp53\/wp-content\/uploads\/2026\/03\/Captura-de-pantalla-2026-03-25-112219.png\" alt=\"\" class=\"wp-image-1600 size-full\" srcset=\"https:\/\/jaapsa.com\/wp53\/wp-content\/uploads\/2026\/03\/Captura-de-pantalla-2026-03-25-112219.png 421w, https:\/\/jaapsa.com\/wp53\/wp-content\/uploads\/2026\/03\/Captura-de-pantalla-2026-03-25-112219-226x300.png 226w, https:\/\/jaapsa.com\/wp53\/wp-content\/uploads\/2026\/03\/Captura-de-pantalla-2026-03-25-112219-9x12.png 9w\" sizes=\"auto, (max-width: 421px) 100vw, 421px\" \/><\/figure><div class=\"wp-block-media-text__content\">\n<p>Covers of Manholes made of&nbsp;<strong>Polymeric Concrete.<\/strong>&nbsp;Cover with nonskid surface for its easy rise.<\/p>\n\n\n\n<p><strong>Measures&nbsp;<\/strong>26\u201d of diameter x 3\u201d of thickness<br><strong>Overall weight<\/strong>&nbsp;60 kg <\/p>\n<\/div><\/div>\n\n\n\n<p>Propieties<\/p>\n\n\n\n<ul class=\"wp-block-list\">\n<li>Material approved by the FDA. None polluting<\/li>\n\n\n\n<li>Eliminates the high costs<\/li>\n\n\n\n<li>Made specially for use in ideal heavy<\/li>\n\n\n\n<li>It reduces the inner and outer filtrations<\/li>\n\n\n\n<li>Covers and curbstone in polymer concrete, resists 1,8000kg of load<\/li>\n\n\n\n<li>Light material, easy installation<\/li>\n<\/ul>\n\n\n\n<p><strong>Ficha T\u00e9cnica Tapas y Brocales en Concreto Polim\u00e9rico:<\/strong><\/p>\n\n\n\n<div data-wp-interactive=\"core\/file\" class=\"wp-block-file\"><object data-wp-bind--hidden=\"!state.hasPdfPreview\" hidden class=\"wp-block-file__embed\" data=\"https:\/\/jaapsa.com\/wp53\/wp-content\/uploads\/2024\/06\/Ficha-Tecnica-Tapas-y-Brocales-Industrias-Jaapsa.pdf\" type=\"application\/pdf\" style=\"width:100%;height:200px\" aria-label=\"Embed of Ficha Tecnica Tapas y Brocales - Industrias-Jaapsa.\"><\/object><a id=\"wp-block-file--media-bfddbca3-517e-414a-b7e4-4a18dee0c6c5\" href=\"https:\/\/jaapsa.com\/wp53\/wp-content\/uploads\/2024\/06\/Ficha-Tecnica-Tapas-y-Brocales-Industrias-Jaapsa.pdf\">Ficha Tecnica Tapas y Brocales &#8211; Industrias-Jaapsa<\/a><a href=\"https:\/\/jaapsa.com\/wp53\/wp-content\/uploads\/2024\/06\/Ficha-Tecnica-Tapas-y-Brocales-Industrias-Jaapsa.pdf\" class=\"wp-block-file__button wp-element-button\" download aria-describedby=\"wp-block-file--media-bfddbca3-517e-414a-b7e4-4a18dee0c6c5\">Descarga<\/a><\/div>\n\n\n\n<div class=\"wp-block-file\"><a id=\"wp-block-file--media-ac8b7c17-9ca9-4f35-829a-cfea20cf2c46\" href=\"https:\/\/jaapsa.com\/wp53\/wp-content\/uploads\/2021\/04\/JAAPSA-Caps-and-Curbstones-Technical-Data-Sheet.pdf\">JAAPSA Caps and Curbstones Technical Data Sheet<\/a><a href=\"https:\/\/jaapsa.com\/wp53\/wp-content\/uploads\/2021\/04\/JAAPSA-Caps-and-Curbstones-Technical-Data-Sheet.pdf\" class=\"wp-block-file__button wp-element-button\" download aria-describedby=\"wp-block-file--media-ac8b7c17-9ca9-4f35-829a-cfea20cf2c46\">Descarga<\/a><\/div>\n\n\n\n<p class=\"has-very-light-gray-color has-text-color has-background\" style=\"background-color:#62676b\">Covers<\/p>\n\n\n\n<figure class=\"wp-block-gallery has-nested-images columns-default is-cropped wp-block-gallery-3 is-layout-flex wp-block-gallery-is-layout-flex\">\n<figure class=\"wp-block-image size-full\"><img loading=\"lazy\" decoding=\"async\" width=\"811\" height=\"562\" data-id=\"1601\" src=\"https:\/\/jaapsa.com\/wp53\/wp-content\/uploads\/2026\/03\/Captura-de-pantalla-2026-03-25-112243.png\" alt=\"\" class=\"wp-image-1601\" srcset=\"https:\/\/jaapsa.com\/wp53\/wp-content\/uploads\/2026\/03\/Captura-de-pantalla-2026-03-25-112243.png 811w, https:\/\/jaapsa.com\/wp53\/wp-content\/uploads\/2026\/03\/Captura-de-pantalla-2026-03-25-112243-300x208.png 300w, https:\/\/jaapsa.com\/wp53\/wp-content\/uploads\/2026\/03\/Captura-de-pantalla-2026-03-25-112243-768x532.png 768w, https:\/\/jaapsa.com\/wp53\/wp-content\/uploads\/2026\/03\/Captura-de-pantalla-2026-03-25-112243-18x12.png 18w\" sizes=\"auto, (max-width: 811px) 100vw, 811px\" \/><\/figure>\n\n\n\n<figure class=\"wp-block-image size-full\"><img loading=\"lazy\" decoding=\"async\" width=\"840\" height=\"561\" data-id=\"1602\" src=\"https:\/\/jaapsa.com\/wp53\/wp-content\/uploads\/2026\/03\/Captura-de-pantalla-2026-03-25-112310.png\" alt=\"\" class=\"wp-image-1602\" srcset=\"https:\/\/jaapsa.com\/wp53\/wp-content\/uploads\/2026\/03\/Captura-de-pantalla-2026-03-25-112310.png 840w, https:\/\/jaapsa.com\/wp53\/wp-content\/uploads\/2026\/03\/Captura-de-pantalla-2026-03-25-112310-300x200.png 300w, https:\/\/jaapsa.com\/wp53\/wp-content\/uploads\/2026\/03\/Captura-de-pantalla-2026-03-25-112310-768x513.png 768w, https:\/\/jaapsa.com\/wp53\/wp-content\/uploads\/2026\/03\/Captura-de-pantalla-2026-03-25-112310-18x12.png 18w\" sizes=\"auto, (max-width: 840px) 100vw, 840px\" \/><\/figure>\n\n\n\n<figure class=\"wp-block-image size-full\"><img loading=\"lazy\" decoding=\"async\" width=\"841\" height=\"560\" data-id=\"1603\" src=\"https:\/\/jaapsa.com\/wp53\/wp-content\/uploads\/2026\/03\/Captura-de-pantalla-2026-03-25-112346.png\" alt=\"\" class=\"wp-image-1603\" srcset=\"https:\/\/jaapsa.com\/wp53\/wp-content\/uploads\/2026\/03\/Captura-de-pantalla-2026-03-25-112346.png 841w, https:\/\/jaapsa.com\/wp53\/wp-content\/uploads\/2026\/03\/Captura-de-pantalla-2026-03-25-112346-300x200.png 300w, https:\/\/jaapsa.com\/wp53\/wp-content\/uploads\/2026\/03\/Captura-de-pantalla-2026-03-25-112346-768x511.png 768w, https:\/\/jaapsa.com\/wp53\/wp-content\/uploads\/2026\/03\/Captura-de-pantalla-2026-03-25-112346-18x12.png 18w\" sizes=\"auto, (max-width: 841px) 100vw, 841px\" \/><\/figure>\n<\/figure>\n\n\n\n<p>Industrias JAAPSA S.A. de C.V. formulate for the\nmanufacture of logs a reinforced plastic composite material\napplied with isophthalic polymer resins and mineral fillers and with numerous\nadvantages, including that it does not need maintenance or painting and can be\nintegrate any color upon request or specification.<\/p>\n\n\n\n<figure class=\"wp-block-image aligncenter is-resized\"><img loading=\"lazy\" decoding=\"async\" width=\"600\" height=\"219\" src=\"https:\/\/jaapsa.com\/wp53\/wp-content\/uploads\/2021\/04\/TAPA-REGISTRO.jpg\" alt=\"\" class=\"wp-image-865\" style=\"width:237px;height:86px\" srcset=\"https:\/\/jaapsa.com\/wp53\/wp-content\/uploads\/2021\/04\/TAPA-REGISTRO.jpg 600w, https:\/\/jaapsa.com\/wp53\/wp-content\/uploads\/2021\/04\/TAPA-REGISTRO-300x110.jpg 300w\" sizes=\"auto, (max-width: 600px) 100vw, 600px\" \/><\/figure>\n\n\n\n<p>The polymeric concrete\u00ae cap and curb with\na&nbsp;&nbsp;<strong>Resistance of: 366 kg x cm2<\/strong><\/p>\n\n\n\n<h4 class=\"wp-block-heading\"><strong>Explicaci\u00f3n de Registro Pluvial<\/strong><\/h4>\n\n\n\n<figure class=\"wp-block-video\"><video controls src=\"https:\/\/jaapsa.com\/wp53\/wp-content\/uploads\/2023\/06\/My-Video.mp4\"><\/video><\/figure>\n\n\n\n<p class=\"has-very-light-gray-color has-text-color has-background\" style=\"background-color:#62676b\">Type of Register<\/p>\n\n\n\n<div class=\"wp-block-media-text alignwide has-media-on-the-right is-stacked-on-mobile\" style=\"grid-template-columns:auto 48%\"><div class=\"wp-block-media-text__content\">\n<ul class=\"wp-block-list\">\n<li>Medium and Low Voltage Register<\/li>\n\n\n\n<li>Lighting Register<\/li>\n\n\n\n<li>Register Telephone<\/li>\n\n\n\n<li>Register Sanitary<\/li>\n<\/ul>\n<\/div><figure class=\"wp-block-media-text__media\"><img loading=\"lazy\" decoding=\"async\" width=\"458\" height=\"258\" src=\"https:\/\/jaapsa.com\/wp53\/wp-content\/uploads\/2021\/04\/Tipo-de-registro.jpg\" alt=\"\" class=\"wp-image-868 size-full\" srcset=\"https:\/\/jaapsa.com\/wp53\/wp-content\/uploads\/2021\/04\/Tipo-de-registro.jpg 458w, https:\/\/jaapsa.com\/wp53\/wp-content\/uploads\/2021\/04\/Tipo-de-registro-300x169.jpg 300w\" sizes=\"auto, (max-width: 458px) 100vw, 458px\" \/><\/figure><\/div>\n\n\n\n<p><\/p>","protected":false},"excerpt":{"rendered":"<p>POZOS DE VISITA Y REGISTROS\u00ae&nbsp;elementos para inspecci\u00f3n y mantenimiento, se colocan en los cambios de direcci\u00f3n o de pendiente en los colectores de aguas negras o pluviales. Nuestros productos est\u00e1n fabricados con POLIMERO REFORZADO, lo cual los hace sumamente livianos y resistentes a ataques qu\u00edmicos, con lo que usted se&hellip;<\/p>","protected":false},"author":1,"featured_media":0,"parent":0,"menu_order":0,"comment_status":"closed","ping_status":"closed","template":"","meta":{"_joinchat":[],"footnotes":""},"class_list":["post-62","page","type-page","status-publish","hentry"],"yoast_head":"<!-- This site is optimized with the Yoast SEO plugin v25.1 - https:\/\/yoast.com\/wordpress\/plugins\/seo\/ -->\n<title>Registros y Pozos de Visita -<\/title>\n<meta name=\"robots\" content=\"index, follow, max-snippet:-1, max-image-preview:large, max-video-preview:-1\" \/>\n<link rel=\"canonical\" href=\"https:\/\/jaapsa.com\/wp53\/en\/pozos-y-registros\/\" \/>\n<meta property=\"og:locale\" content=\"en_US\" \/>\n<meta property=\"og:type\" content=\"article\" \/>\n<meta property=\"og:title\" content=\"Registros y Pozos de Visita -\" \/>\n<meta property=\"og:description\" content=\"POZOS DE VISITA Y REGISTROS\u00ae&nbsp;elementos para inspecci\u00f3n y mantenimiento, se colocan en los cambios de direcci\u00f3n o de pendiente en los colectores de aguas negras o pluviales. Nuestros productos est\u00e1n fabricados con POLIMERO REFORZADO, lo cual los hace sumamente livianos y resistentes a ataques qu\u00edmicos, con lo que usted se&hellip;\" \/>\n<meta property=\"og:url\" content=\"https:\/\/jaapsa.com\/wp53\/en\/pozos-y-registros\/\" \/>\n<meta property=\"article:publisher\" content=\"https:\/\/www.facebook.com\/IndustriasJAAPSA\" \/>\n<meta property=\"article:modified_time\" content=\"2026-03-25T17:31:09+00:00\" \/>\n<meta property=\"og:image\" content=\"https:\/\/jaapsa.com\/wp53\/wp-content\/uploads\/2020\/08\/sistemapatentado_pozos.jpg\" \/>\n\t<meta property=\"og:image:width\" content=\"431\" \/>\n\t<meta property=\"og:image:height\" content=\"173\" \/>\n\t<meta property=\"og:image:type\" content=\"image\/jpeg\" \/>\n<meta name=\"twitter:card\" content=\"summary_large_image\" \/>\n<meta name=\"twitter:label1\" content=\"Est. reading time\" \/>\n\t<meta name=\"twitter:data1\" content=\"4 minutes\" \/>\n<script type=\"application\/ld+json\" class=\"yoast-schema-graph\">{\"@context\":\"https:\/\/schema.org\",\"@graph\":[{\"@type\":\"WebPage\",\"@id\":\"https:\/\/jaapsa.com\/wp53\/pozos-y-registros\/\",\"url\":\"https:\/\/jaapsa.com\/wp53\/pozos-y-registros\/\",\"name\":\"Registros y Pozos de Visita -\",\"isPartOf\":{\"@id\":\"https:\/\/jaapsa.com\/wp53\/#website\"},\"primaryImageOfPage\":{\"@id\":\"https:\/\/jaapsa.com\/wp53\/pozos-y-registros\/#primaryimage\"},\"image\":{\"@id\":\"https:\/\/jaapsa.com\/wp53\/pozos-y-registros\/#primaryimage\"},\"thumbnailUrl\":\"https:\/\/jaapsa.com\/wp53\/wp-content\/uploads\/2020\/08\/sistemapatentado_pozos.jpg\",\"datePublished\":\"2020-08-06T01:03:22+00:00\",\"dateModified\":\"2026-03-25T17:31:09+00:00\",\"breadcrumb\":{\"@id\":\"https:\/\/jaapsa.com\/wp53\/pozos-y-registros\/#breadcrumb\"},\"inLanguage\":\"en-US\",\"potentialAction\":[{\"@type\":\"ReadAction\",\"target\":[\"https:\/\/jaapsa.com\/wp53\/pozos-y-registros\/\"]}]},{\"@type\":\"ImageObject\",\"inLanguage\":\"en-US\",\"@id\":\"https:\/\/jaapsa.com\/wp53\/pozos-y-registros\/#primaryimage\",\"url\":\"https:\/\/jaapsa.com\/wp53\/wp-content\/uploads\/2020\/08\/sistemapatentado_pozos.jpg\",\"contentUrl\":\"https:\/\/jaapsa.com\/wp53\/wp-content\/uploads\/2020\/08\/sistemapatentado_pozos.jpg\"},{\"@type\":\"BreadcrumbList\",\"@id\":\"https:\/\/jaapsa.com\/wp53\/pozos-y-registros\/#breadcrumb\",\"itemListElement\":[{\"@type\":\"ListItem\",\"position\":1,\"name\":\"Inicio\",\"item\":\"https:\/\/jaapsa.com\/wp53\/\"},{\"@type\":\"ListItem\",\"position\":2,\"name\":\"Registros y Pozos de Visita\"}]},{\"@type\":\"WebSite\",\"@id\":\"https:\/\/jaapsa.com\/wp53\/#website\",\"url\":\"https:\/\/jaapsa.com\/wp53\/\",\"name\":\"Industrias Jaapsa\",\"description\":\"\",\"publisher\":{\"@id\":\"https:\/\/jaapsa.com\/wp53\/#organization\"},\"potentialAction\":[{\"@type\":\"SearchAction\",\"target\":{\"@type\":\"EntryPoint\",\"urlTemplate\":\"https:\/\/jaapsa.com\/wp53\/?s={search_term_string}\"},\"query-input\":{\"@type\":\"PropertyValueSpecification\",\"valueRequired\":true,\"valueName\":\"search_term_string\"}}],\"inLanguage\":\"en-US\"},{\"@type\":\"Organization\",\"@id\":\"https:\/\/jaapsa.com\/wp53\/#organization\",\"name\":\"Industrias Jaapsa\",\"url\":\"https:\/\/jaapsa.com\/wp53\/\",\"logo\":{\"@type\":\"ImageObject\",\"inLanguage\":\"en-US\",\"@id\":\"https:\/\/jaapsa.com\/wp53\/#\/schema\/logo\/image\/\",\"url\":\"https:\/\/jaapsa.com\/wp53\/wp-content\/uploads\/2021\/02\/cropped-LOGO-JAAPSA.png\",\"contentUrl\":\"https:\/\/jaapsa.com\/wp53\/wp-content\/uploads\/2021\/02\/cropped-LOGO-JAAPSA.png\",\"width\":882,\"height\":242,\"caption\":\"Industrias Jaapsa\"},\"image\":{\"@id\":\"https:\/\/jaapsa.com\/wp53\/#\/schema\/logo\/image\/\"},\"sameAs\":[\"https:\/\/www.facebook.com\/IndustriasJAAPSA\",\"https:\/\/www.youtube.com\/channel\/UCsI4XU5O7BtGc7_TqaKsX0Q\"]}]}<\/script>\n<!-- \/ Yoast SEO plugin. -->","yoast_head_json":{"title":"Registros y Pozos de Visita -","robots":{"index":"index","follow":"follow","max-snippet":"max-snippet:-1","max-image-preview":"max-image-preview:large","max-video-preview":"max-video-preview:-1"},"canonical":"https:\/\/jaapsa.com\/wp53\/en\/pozos-y-registros\/","og_locale":"en_US","og_type":"article","og_title":"Registros y Pozos de Visita -","og_description":"POZOS DE VISITA Y REGISTROS\u00ae&nbsp;elementos para inspecci\u00f3n y mantenimiento, se colocan en los cambios de direcci\u00f3n o de pendiente en los colectores de aguas negras o pluviales. Nuestros productos est\u00e1n fabricados con POLIMERO REFORZADO, lo cual los hace sumamente livianos y resistentes a ataques qu\u00edmicos, con lo que usted se&hellip;","og_url":"https:\/\/jaapsa.com\/wp53\/en\/pozos-y-registros\/","article_publisher":"https:\/\/www.facebook.com\/IndustriasJAAPSA","article_modified_time":"2026-03-25T17:31:09+00:00","og_image":[{"width":431,"height":173,"url":"https:\/\/jaapsa.com\/wp53\/wp-content\/uploads\/2020\/08\/sistemapatentado_pozos.jpg","type":"image\/jpeg"}],"twitter_card":"summary_large_image","twitter_misc":{"Est. reading time":"4 minutes"},"schema":{"@context":"https:\/\/schema.org","@graph":[{"@type":"WebPage","@id":"https:\/\/jaapsa.com\/wp53\/pozos-y-registros\/","url":"https:\/\/jaapsa.com\/wp53\/pozos-y-registros\/","name":"Registros y Pozos de Visita -","isPartOf":{"@id":"https:\/\/jaapsa.com\/wp53\/#website"},"primaryImageOfPage":{"@id":"https:\/\/jaapsa.com\/wp53\/pozos-y-registros\/#primaryimage"},"image":{"@id":"https:\/\/jaapsa.com\/wp53\/pozos-y-registros\/#primaryimage"},"thumbnailUrl":"https:\/\/jaapsa.com\/wp53\/wp-content\/uploads\/2020\/08\/sistemapatentado_pozos.jpg","datePublished":"2020-08-06T01:03:22+00:00","dateModified":"2026-03-25T17:31:09+00:00","breadcrumb":{"@id":"https:\/\/jaapsa.com\/wp53\/pozos-y-registros\/#breadcrumb"},"inLanguage":"en-US","potentialAction":[{"@type":"ReadAction","target":["https:\/\/jaapsa.com\/wp53\/pozos-y-registros\/"]}]},{"@type":"ImageObject","inLanguage":"en-US","@id":"https:\/\/jaapsa.com\/wp53\/pozos-y-registros\/#primaryimage","url":"https:\/\/jaapsa.com\/wp53\/wp-content\/uploads\/2020\/08\/sistemapatentado_pozos.jpg","contentUrl":"https:\/\/jaapsa.com\/wp53\/wp-content\/uploads\/2020\/08\/sistemapatentado_pozos.jpg"},{"@type":"BreadcrumbList","@id":"https:\/\/jaapsa.com\/wp53\/pozos-y-registros\/#breadcrumb","itemListElement":[{"@type":"ListItem","position":1,"name":"Inicio","item":"https:\/\/jaapsa.com\/wp53\/"},{"@type":"ListItem","position":2,"name":"Registros y Pozos de Visita"}]},{"@type":"WebSite","@id":"https:\/\/jaapsa.com\/wp53\/#website","url":"https:\/\/jaapsa.com\/wp53\/","name":"Industrias Jaapsa","description":"","publisher":{"@id":"https:\/\/jaapsa.com\/wp53\/#organization"},"potentialAction":[{"@type":"SearchAction","target":{"@type":"EntryPoint","urlTemplate":"https:\/\/jaapsa.com\/wp53\/?s={search_term_string}"},"query-input":{"@type":"PropertyValueSpecification","valueRequired":true,"valueName":"search_term_string"}}],"inLanguage":"en-US"},{"@type":"Organization","@id":"https:\/\/jaapsa.com\/wp53\/#organization","name":"Industrias Jaapsa","url":"https:\/\/jaapsa.com\/wp53\/","logo":{"@type":"ImageObject","inLanguage":"en-US","@id":"https:\/\/jaapsa.com\/wp53\/#\/schema\/logo\/image\/","url":"https:\/\/jaapsa.com\/wp53\/wp-content\/uploads\/2021\/02\/cropped-LOGO-JAAPSA.png","contentUrl":"https:\/\/jaapsa.com\/wp53\/wp-content\/uploads\/2021\/02\/cropped-LOGO-JAAPSA.png","width":882,"height":242,"caption":"Industrias Jaapsa"},"image":{"@id":"https:\/\/jaapsa.com\/wp53\/#\/schema\/logo\/image\/"},"sameAs":["https:\/\/www.facebook.com\/IndustriasJAAPSA","https:\/\/www.youtube.com\/channel\/UCsI4XU5O7BtGc7_TqaKsX0Q"]}]}},"_links":{"self":[{"href":"https:\/\/jaapsa.com\/wp53\/en\/wp-json\/wp\/v2\/pages\/62","targetHints":{"allow":["GET"]}}],"collection":[{"href":"https:\/\/jaapsa.com\/wp53\/en\/wp-json\/wp\/v2\/pages"}],"about":[{"href":"https:\/\/jaapsa.com\/wp53\/en\/wp-json\/wp\/v2\/types\/page"}],"author":[{"embeddable":true,"href":"https:\/\/jaapsa.com\/wp53\/en\/wp-json\/wp\/v2\/users\/1"}],"replies":[{"embeddable":true,"href":"https:\/\/jaapsa.com\/wp53\/en\/wp-json\/wp\/v2\/comments?post=62"}],"version-history":[{"count":46,"href":"https:\/\/jaapsa.com\/wp53\/en\/wp-json\/wp\/v2\/pages\/62\/revisions"}],"predecessor-version":[{"id":1614,"href":"https:\/\/jaapsa.com\/wp53\/en\/wp-json\/wp\/v2\/pages\/62\/revisions\/1614"}],"wp:attachment":[{"href":"https:\/\/jaapsa.com\/wp53\/en\/wp-json\/wp\/v2\/media?parent=62"}],"curies":[{"name":"wp","href":"https:\/\/api.w.org\/{rel}","templated":true}]}}