{"id":47,"date":"2020-08-06T00:59:33","date_gmt":"2020-08-06T00:59:33","guid":{"rendered":"https:\/\/jaapsa.com\/wp53\/?page_id=47"},"modified":"2026-03-25T13:56:50","modified_gmt":"2026-03-25T19:56:50","slug":"molduras-de-edificios","status":"publish","type":"page","link":"https:\/\/jaapsa.com\/wp53\/en\/molduras-de-edificios\/","title":{"rendered":"Moldings of Buildings"},"content":{"rendered":"<figure class=\"wp-block-gallery has-nested-images columns-default is-cropped wp-block-gallery-1 is-layout-flex wp-block-gallery-is-layout-flex\">\n<figure class=\"wp-block-image size-full\"><img loading=\"lazy\" decoding=\"async\" width=\"743\" height=\"476\" data-id=\"1697\" src=\"https:\/\/jaapsa.com\/wp53\/wp-content\/uploads\/2026\/03\/Captura-de-pantalla-2026-03-25-135502.png\" alt=\"\" class=\"wp-image-1697\" srcset=\"https:\/\/jaapsa.com\/wp53\/wp-content\/uploads\/2026\/03\/Captura-de-pantalla-2026-03-25-135502.png 743w, https:\/\/jaapsa.com\/wp53\/wp-content\/uploads\/2026\/03\/Captura-de-pantalla-2026-03-25-135502-300x192.png 300w, https:\/\/jaapsa.com\/wp53\/wp-content\/uploads\/2026\/03\/Captura-de-pantalla-2026-03-25-135502-18x12.png 18w\" sizes=\"auto, (max-width: 743px) 100vw, 743px\" \/><\/figure>\n\n\n\n<figure class=\"wp-block-image size-full\"><img loading=\"lazy\" decoding=\"async\" width=\"734\" height=\"477\" data-id=\"1698\" src=\"https:\/\/jaapsa.com\/wp53\/wp-content\/uploads\/2026\/03\/Captura-de-pantalla-2026-03-25-135518.png\" alt=\"\" class=\"wp-image-1698\" srcset=\"https:\/\/jaapsa.com\/wp53\/wp-content\/uploads\/2026\/03\/Captura-de-pantalla-2026-03-25-135518.png 734w, https:\/\/jaapsa.com\/wp53\/wp-content\/uploads\/2026\/03\/Captura-de-pantalla-2026-03-25-135518-300x195.png 300w, https:\/\/jaapsa.com\/wp53\/wp-content\/uploads\/2026\/03\/Captura-de-pantalla-2026-03-25-135518-18x12.png 18w\" sizes=\"auto, (max-width: 734px) 100vw, 734px\" \/><\/figure>\n\n\n\n<figure class=\"wp-block-image size-full\"><img loading=\"lazy\" decoding=\"async\" width=\"741\" height=\"477\" data-id=\"1699\" src=\"https:\/\/jaapsa.com\/wp53\/wp-content\/uploads\/2026\/03\/Captura-de-pantalla-2026-03-25-135538.png\" alt=\"\" class=\"wp-image-1699\" srcset=\"https:\/\/jaapsa.com\/wp53\/wp-content\/uploads\/2026\/03\/Captura-de-pantalla-2026-03-25-135538.png 741w, https:\/\/jaapsa.com\/wp53\/wp-content\/uploads\/2026\/03\/Captura-de-pantalla-2026-03-25-135538-300x193.png 300w, https:\/\/jaapsa.com\/wp53\/wp-content\/uploads\/2026\/03\/Captura-de-pantalla-2026-03-25-135538-18x12.png 18w\" sizes=\"auto, (max-width: 741px) 100vw, 741px\" \/><\/figure>\n\n\n\n<figure class=\"wp-block-image size-full\"><img loading=\"lazy\" decoding=\"async\" width=\"731\" height=\"477\" data-id=\"1700\" src=\"https:\/\/jaapsa.com\/wp53\/wp-content\/uploads\/2026\/03\/Captura-de-pantalla-2026-03-25-135549.png\" alt=\"\" class=\"wp-image-1700\" srcset=\"https:\/\/jaapsa.com\/wp53\/wp-content\/uploads\/2026\/03\/Captura-de-pantalla-2026-03-25-135549.png 731w, https:\/\/jaapsa.com\/wp53\/wp-content\/uploads\/2026\/03\/Captura-de-pantalla-2026-03-25-135549-300x196.png 300w, https:\/\/jaapsa.com\/wp53\/wp-content\/uploads\/2026\/03\/Captura-de-pantalla-2026-03-25-135549-18x12.png 18w\" sizes=\"auto, (max-width: 731px) 100vw, 731px\" \/><\/figure>\n<\/figure>\n\n\n\n<p>Moldings and Buildinds Facades<\/p>\n\n\n\n<p>Industrias JAAPSA S.A. de C.V. develops special designs for buildings and businesses.<\/p>\n\n\n\n<p>Our Formulation<\/p>\n\n\n\n<p>Result of 30 years of research and pioneers in Mexico with industrial applications with proven optimal results. Its easy installation makes it a very viable and economical material. It is mounted by mounting on a PTR frame, giving ease to building renovations. Polyplaque is used in facades as in polymeric concrete plates with the same qualities and easy installation.<\/p>\n\n\n\n<p>Qualities<\/p>\n\n\n\n<ul class=\"wp-block-list\">\n<li>10 resistant mas times that the concrete Portland.<\/li>\n\n\n\n<li>Light its weight is of single 30 to 45 kg\/m2.<\/li>\n\n\n\n<li>Its thickness is of 1 to 3 cm.<\/li>\n\n\n\n<li>It has a compressive strength of 500 to 700 kg\/cm2<\/li>\n\n\n\n<li>High resistant durability and to rays UV.<\/li>\n\n\n\n<li>It does not need maintenance nor painting. Finished with multiple textures and colors.<\/li>\n\n\n\n<li>Null absorption of water.<\/li>\n\n\n\n<li>it is self extinguishing<\/li>\n<\/ul>\n\n\n\n<p>Specialized Designs for Buildings<\/p>\n\n\n\n<div class=\"wp-block-media-text alignwide has-media-on-the-right is-stacked-on-mobile\" style=\"grid-template-columns:auto 44%\"><div class=\"wp-block-media-text__content\">\n<ul class=\"wp-block-list\">\n<li>Moldings<\/li>\n\n\n\n<li>Columns<\/li>\n\n\n\n<li>Capitals Marks of Window<\/li>\n\n\n\n<li>Zoclo <\/li>\n<\/ul>\n<\/div><figure class=\"wp-block-media-text__media\"><img loading=\"lazy\" decoding=\"async\" width=\"599\" height=\"355\" src=\"https:\/\/jaapsa.com\/wp53\/wp-content\/uploads\/2021\/05\/depositphotos_3366698-stock-photo-abstract-modern-background-6asd.jpg\" alt=\"\" class=\"wp-image-988 size-full\" srcset=\"https:\/\/jaapsa.com\/wp53\/wp-content\/uploads\/2021\/05\/depositphotos_3366698-stock-photo-abstract-modern-background-6asd.jpg 599w, https:\/\/jaapsa.com\/wp53\/wp-content\/uploads\/2021\/05\/depositphotos_3366698-stock-photo-abstract-modern-background-6asd-300x178.jpg 300w\" sizes=\"auto, (max-width: 599px) 100vw, 599px\" \/><\/figure><\/div>\n\n\n\n<div class=\"wp-block-media-text alignwide has-media-on-the-right is-stacked-on-mobile is-vertically-aligned-top\" style=\"grid-template-columns:auto 44%\"><div class=\"wp-block-media-text__content\">\n<ul class=\"wp-block-list\">\n<li>Fence <\/li>\n\n\n\n<li>Bench<\/li>\n\n\n\n<li>Cornices<\/li>\n<\/ul>\n<\/div><figure class=\"wp-block-media-text__media\"><img loading=\"lazy\" decoding=\"async\" width=\"600\" height=\"342\" src=\"https:\/\/jaapsa.com\/wp53\/wp-content\/uploads\/2021\/05\/Molduras-de-Edificios-.jpg\" alt=\"\" class=\"wp-image-989 size-full\" srcset=\"https:\/\/jaapsa.com\/wp53\/wp-content\/uploads\/2021\/05\/Molduras-de-Edificios-.jpg 600w, https:\/\/jaapsa.com\/wp53\/wp-content\/uploads\/2021\/05\/Molduras-de-Edificios--300x171.jpg 300w\" sizes=\"auto, (max-width: 600px) 100vw, 600px\" \/><\/figure><\/div>\n\n\n\n<div class=\"wp-block-media-text alignwide has-media-on-the-right is-stacked-on-mobile\" style=\"grid-template-columns:auto 15%\"><div class=\"wp-block-media-text__content\">\n<ul class=\"wp-block-list\">\n<li>Planters <\/li>\n\n\n\n<li>And more...<\/li>\n<\/ul>\n<\/div><figure class=\"wp-block-media-text__media\"><img decoding=\"async\" src=\"https:\/\/jaapsa.com\/wp53\/wp-content\/uploads\/2020\/08\/planter-2.jpg\" alt=\"\" class=\"wp-image-103 size-full\"\/><\/figure><\/div>\n\n\n\n<p>As you require the work, we were realised it. We do works on:<strong>&nbsp;Stone, Plaster, Polyurethane, Polymer Concrete, Fiber Glass.<\/strong><\/p>\n\n\n\n<p class=\"has-text-align-center has-vivid-red-color has-very-light-gray-background-color has-text-color has-background\"><a href=\"https:\/\/jaapsa.com\/wp53\/en\/gama-de-colores-y-texturas\/\">Range of colors and texture<\/a><\/p>","protected":false},"excerpt":{"rendered":"<p>Molduras y Fachadas para Edificios Industrias JAAPSA S.A. de C.V. desarrolla dise\u00f1os especiales para edificios y comercios. Nuestra Formulaci\u00f3n Resultado de 30 a\u00f1os de investigaci\u00f3n y pioneros en M\u00e9xico con aplicaciones industriales de \u00f3ptimos resultados ya comprobados. Su f\u00e1cil instalaci\u00f3n lo hace un material muy viable y econ\u00f3mico. Se coloca&hellip;<\/p>","protected":false},"author":1,"featured_media":0,"parent":0,"menu_order":0,"comment_status":"closed","ping_status":"closed","template":"","meta":{"_joinchat":[],"footnotes":""},"class_list":["post-47","page","type-page","status-publish","hentry"],"yoast_head":"<!-- This site is optimized with the Yoast SEO plugin v25.1 - https:\/\/yoast.com\/wordpress\/plugins\/seo\/ -->\n<title>Molduras de Edificios -<\/title>\n<meta name=\"robots\" content=\"index, follow, max-snippet:-1, max-image-preview:large, max-video-preview:-1\" \/>\n<link rel=\"canonical\" href=\"https:\/\/jaapsa.com\/wp53\/en\/molduras-de-edificios\/\" \/>\n<meta property=\"og:locale\" content=\"en_US\" \/>\n<meta property=\"og:type\" content=\"article\" \/>\n<meta property=\"og:title\" content=\"Molduras de Edificios -\" \/>\n<meta property=\"og:description\" content=\"Molduras y Fachadas para Edificios Industrias JAAPSA S.A. de C.V. desarrolla dise\u00f1os especiales para edificios y comercios. Nuestra Formulaci\u00f3n Resultado de 30 a\u00f1os de investigaci\u00f3n y pioneros en M\u00e9xico con aplicaciones industriales de \u00f3ptimos resultados ya comprobados. Su f\u00e1cil instalaci\u00f3n lo hace un material muy viable y econ\u00f3mico. Se coloca&hellip;\" \/>\n<meta property=\"og:url\" content=\"https:\/\/jaapsa.com\/wp53\/en\/molduras-de-edificios\/\" \/>\n<meta property=\"article:publisher\" content=\"https:\/\/www.facebook.com\/IndustriasJAAPSA\" \/>\n<meta property=\"article:modified_time\" content=\"2026-03-25T19:56:50+00:00\" \/>\n<meta property=\"og:image\" content=\"https:\/\/jaapsa.com\/wp53\/wp-content\/uploads\/2026\/03\/Captura-de-pantalla-2026-03-25-135502.png\" \/>\n\t<meta property=\"og:image:width\" content=\"743\" \/>\n\t<meta property=\"og:image:height\" content=\"476\" \/>\n\t<meta property=\"og:image:type\" content=\"image\/png\" \/>\n<meta name=\"twitter:card\" content=\"summary_large_image\" \/>\n<meta name=\"twitter:label1\" content=\"Est. reading time\" \/>\n\t<meta name=\"twitter:data1\" content=\"3 minutes\" \/>\n<script type=\"application\/ld+json\" class=\"yoast-schema-graph\">{\"@context\":\"https:\/\/schema.org\",\"@graph\":[{\"@type\":\"WebPage\",\"@id\":\"https:\/\/jaapsa.com\/wp53\/molduras-de-edificios\/\",\"url\":\"https:\/\/jaapsa.com\/wp53\/molduras-de-edificios\/\",\"name\":\"Molduras de Edificios -\",\"isPartOf\":{\"@id\":\"https:\/\/jaapsa.com\/wp53\/#website\"},\"primaryImageOfPage\":{\"@id\":\"https:\/\/jaapsa.com\/wp53\/molduras-de-edificios\/#primaryimage\"},\"image\":{\"@id\":\"https:\/\/jaapsa.com\/wp53\/molduras-de-edificios\/#primaryimage\"},\"thumbnailUrl\":\"https:\/\/jaapsa.com\/wp53\/wp-content\/uploads\/2026\/03\/Captura-de-pantalla-2026-03-25-135502.png\",\"datePublished\":\"2020-08-06T00:59:33+00:00\",\"dateModified\":\"2026-03-25T19:56:50+00:00\",\"breadcrumb\":{\"@id\":\"https:\/\/jaapsa.com\/wp53\/molduras-de-edificios\/#breadcrumb\"},\"inLanguage\":\"en-US\",\"potentialAction\":[{\"@type\":\"ReadAction\",\"target\":[\"https:\/\/jaapsa.com\/wp53\/molduras-de-edificios\/\"]}]},{\"@type\":\"ImageObject\",\"inLanguage\":\"en-US\",\"@id\":\"https:\/\/jaapsa.com\/wp53\/molduras-de-edificios\/#primaryimage\",\"url\":\"https:\/\/jaapsa.com\/wp53\/wp-content\/uploads\/2026\/03\/Captura-de-pantalla-2026-03-25-135502.png\",\"contentUrl\":\"https:\/\/jaapsa.com\/wp53\/wp-content\/uploads\/2026\/03\/Captura-de-pantalla-2026-03-25-135502.png\"},{\"@type\":\"BreadcrumbList\",\"@id\":\"https:\/\/jaapsa.com\/wp53\/molduras-de-edificios\/#breadcrumb\",\"itemListElement\":[{\"@type\":\"ListItem\",\"position\":1,\"name\":\"Inicio\",\"item\":\"https:\/\/jaapsa.com\/wp53\/\"},{\"@type\":\"ListItem\",\"position\":2,\"name\":\"Molduras de Edificios\"}]},{\"@type\":\"WebSite\",\"@id\":\"https:\/\/jaapsa.com\/wp53\/#website\",\"url\":\"https:\/\/jaapsa.com\/wp53\/\",\"name\":\"Industrias Jaapsa\",\"description\":\"\",\"publisher\":{\"@id\":\"https:\/\/jaapsa.com\/wp53\/#organization\"},\"potentialAction\":[{\"@type\":\"SearchAction\",\"target\":{\"@type\":\"EntryPoint\",\"urlTemplate\":\"https:\/\/jaapsa.com\/wp53\/?s={search_term_string}\"},\"query-input\":{\"@type\":\"PropertyValueSpecification\",\"valueRequired\":true,\"valueName\":\"search_term_string\"}}],\"inLanguage\":\"en-US\"},{\"@type\":\"Organization\",\"@id\":\"https:\/\/jaapsa.com\/wp53\/#organization\",\"name\":\"Industrias Jaapsa\",\"url\":\"https:\/\/jaapsa.com\/wp53\/\",\"logo\":{\"@type\":\"ImageObject\",\"inLanguage\":\"en-US\",\"@id\":\"https:\/\/jaapsa.com\/wp53\/#\/schema\/logo\/image\/\",\"url\":\"https:\/\/jaapsa.com\/wp53\/wp-content\/uploads\/2021\/02\/cropped-LOGO-JAAPSA.png\",\"contentUrl\":\"https:\/\/jaapsa.com\/wp53\/wp-content\/uploads\/2021\/02\/cropped-LOGO-JAAPSA.png\",\"width\":882,\"height\":242,\"caption\":\"Industrias Jaapsa\"},\"image\":{\"@id\":\"https:\/\/jaapsa.com\/wp53\/#\/schema\/logo\/image\/\"},\"sameAs\":[\"https:\/\/www.facebook.com\/IndustriasJAAPSA\",\"https:\/\/www.youtube.com\/channel\/UCsI4XU5O7BtGc7_TqaKsX0Q\"]}]}<\/script>\n<!-- \/ Yoast SEO plugin. -->","yoast_head_json":{"title":"Molduras de Edificios -","robots":{"index":"index","follow":"follow","max-snippet":"max-snippet:-1","max-image-preview":"max-image-preview:large","max-video-preview":"max-video-preview:-1"},"canonical":"https:\/\/jaapsa.com\/wp53\/en\/molduras-de-edificios\/","og_locale":"en_US","og_type":"article","og_title":"Molduras de Edificios -","og_description":"Molduras y Fachadas para Edificios Industrias JAAPSA S.A. de C.V. desarrolla dise\u00f1os especiales para edificios y comercios. Nuestra Formulaci\u00f3n Resultado de 30 a\u00f1os de investigaci\u00f3n y pioneros en M\u00e9xico con aplicaciones industriales de \u00f3ptimos resultados ya comprobados. Su f\u00e1cil instalaci\u00f3n lo hace un material muy viable y econ\u00f3mico. Se coloca&hellip;","og_url":"https:\/\/jaapsa.com\/wp53\/en\/molduras-de-edificios\/","article_publisher":"https:\/\/www.facebook.com\/IndustriasJAAPSA","article_modified_time":"2026-03-25T19:56:50+00:00","og_image":[{"width":743,"height":476,"url":"https:\/\/jaapsa.com\/wp53\/wp-content\/uploads\/2026\/03\/Captura-de-pantalla-2026-03-25-135502.png","type":"image\/png"}],"twitter_card":"summary_large_image","twitter_misc":{"Est. reading time":"3 minutes"},"schema":{"@context":"https:\/\/schema.org","@graph":[{"@type":"WebPage","@id":"https:\/\/jaapsa.com\/wp53\/molduras-de-edificios\/","url":"https:\/\/jaapsa.com\/wp53\/molduras-de-edificios\/","name":"Molduras de Edificios -","isPartOf":{"@id":"https:\/\/jaapsa.com\/wp53\/#website"},"primaryImageOfPage":{"@id":"https:\/\/jaapsa.com\/wp53\/molduras-de-edificios\/#primaryimage"},"image":{"@id":"https:\/\/jaapsa.com\/wp53\/molduras-de-edificios\/#primaryimage"},"thumbnailUrl":"https:\/\/jaapsa.com\/wp53\/wp-content\/uploads\/2026\/03\/Captura-de-pantalla-2026-03-25-135502.png","datePublished":"2020-08-06T00:59:33+00:00","dateModified":"2026-03-25T19:56:50+00:00","breadcrumb":{"@id":"https:\/\/jaapsa.com\/wp53\/molduras-de-edificios\/#breadcrumb"},"inLanguage":"en-US","potentialAction":[{"@type":"ReadAction","target":["https:\/\/jaapsa.com\/wp53\/molduras-de-edificios\/"]}]},{"@type":"ImageObject","inLanguage":"en-US","@id":"https:\/\/jaapsa.com\/wp53\/molduras-de-edificios\/#primaryimage","url":"https:\/\/jaapsa.com\/wp53\/wp-content\/uploads\/2026\/03\/Captura-de-pantalla-2026-03-25-135502.png","contentUrl":"https:\/\/jaapsa.com\/wp53\/wp-content\/uploads\/2026\/03\/Captura-de-pantalla-2026-03-25-135502.png"},{"@type":"BreadcrumbList","@id":"https:\/\/jaapsa.com\/wp53\/molduras-de-edificios\/#breadcrumb","itemListElement":[{"@type":"ListItem","position":1,"name":"Inicio","item":"https:\/\/jaapsa.com\/wp53\/"},{"@type":"ListItem","position":2,"name":"Molduras de Edificios"}]},{"@type":"WebSite","@id":"https:\/\/jaapsa.com\/wp53\/#website","url":"https:\/\/jaapsa.com\/wp53\/","name":"Industrias Jaapsa","description":"","publisher":{"@id":"https:\/\/jaapsa.com\/wp53\/#organization"},"potentialAction":[{"@type":"SearchAction","target":{"@type":"EntryPoint","urlTemplate":"https:\/\/jaapsa.com\/wp53\/?s={search_term_string}"},"query-input":{"@type":"PropertyValueSpecification","valueRequired":true,"valueName":"search_term_string"}}],"inLanguage":"en-US"},{"@type":"Organization","@id":"https:\/\/jaapsa.com\/wp53\/#organization","name":"Industrias Jaapsa","url":"https:\/\/jaapsa.com\/wp53\/","logo":{"@type":"ImageObject","inLanguage":"en-US","@id":"https:\/\/jaapsa.com\/wp53\/#\/schema\/logo\/image\/","url":"https:\/\/jaapsa.com\/wp53\/wp-content\/uploads\/2021\/02\/cropped-LOGO-JAAPSA.png","contentUrl":"https:\/\/jaapsa.com\/wp53\/wp-content\/uploads\/2021\/02\/cropped-LOGO-JAAPSA.png","width":882,"height":242,"caption":"Industrias Jaapsa"},"image":{"@id":"https:\/\/jaapsa.com\/wp53\/#\/schema\/logo\/image\/"},"sameAs":["https:\/\/www.facebook.com\/IndustriasJAAPSA","https:\/\/www.youtube.com\/channel\/UCsI4XU5O7BtGc7_TqaKsX0Q"]}]}},"_links":{"self":[{"href":"https:\/\/jaapsa.com\/wp53\/en\/wp-json\/wp\/v2\/pages\/47","targetHints":{"allow":["GET"]}}],"collection":[{"href":"https:\/\/jaapsa.com\/wp53\/en\/wp-json\/wp\/v2\/pages"}],"about":[{"href":"https:\/\/jaapsa.com\/wp53\/en\/wp-json\/wp\/v2\/types\/page"}],"author":[{"embeddable":true,"href":"https:\/\/jaapsa.com\/wp53\/en\/wp-json\/wp\/v2\/users\/1"}],"replies":[{"embeddable":true,"href":"https:\/\/jaapsa.com\/wp53\/en\/wp-json\/wp\/v2\/comments?post=47"}],"version-history":[{"count":15,"href":"https:\/\/jaapsa.com\/wp53\/en\/wp-json\/wp\/v2\/pages\/47\/revisions"}],"predecessor-version":[{"id":1702,"href":"https:\/\/jaapsa.com\/wp53\/en\/wp-json\/wp\/v2\/pages\/47\/revisions\/1702"}],"wp:attachment":[{"href":"https:\/\/jaapsa.com\/wp53\/en\/wp-json\/wp\/v2\/media?parent=47"}],"curies":[{"name":"wp","href":"https:\/\/api.w.org\/{rel}","templated":true}]}}