{"id":46,"date":"2020-08-06T00:59:33","date_gmt":"2020-08-06T00:59:33","guid":{"rendered":"https:\/\/jaapsa.com\/wp53\/?page_id=46"},"modified":"2026-03-25T13:49:05","modified_gmt":"2026-03-25T19:49:05","slug":"fachadas-de-edificios","status":"publish","type":"page","link":"https:\/\/jaapsa.com\/wp53\/en\/fachadas-de-edificios\/","title":{"rendered":"Buildign Facades"},"content":{"rendered":"<figure class=\"wp-block-image aligncenter size-full\"><img loading=\"lazy\" decoding=\"async\" width=\"581\" height=\"477\" src=\"https:\/\/jaapsa.com\/wp53\/wp-content\/uploads\/2026\/03\/Captura-de-pantalla-2026-03-25-134744.png\" alt=\"\" class=\"wp-image-1692\" srcset=\"https:\/\/jaapsa.com\/wp53\/wp-content\/uploads\/2026\/03\/Captura-de-pantalla-2026-03-25-134744.png 581w, https:\/\/jaapsa.com\/wp53\/wp-content\/uploads\/2026\/03\/Captura-de-pantalla-2026-03-25-134744-300x246.png 300w, https:\/\/jaapsa.com\/wp53\/wp-content\/uploads\/2026\/03\/Captura-de-pantalla-2026-03-25-134744-15x12.png 15w\" sizes=\"auto, (max-width: 581px) 100vw, 581px\" \/><\/figure>\n\n\n\n<figure class=\"wp-block-gallery has-nested-images columns-2 is-cropped wp-block-gallery-1 is-layout-flex wp-block-gallery-is-layout-flex\">\n<figure class=\"wp-block-image size-full\"><img loading=\"lazy\" decoding=\"async\" width=\"739\" height=\"478\" data-id=\"1693\" src=\"https:\/\/jaapsa.com\/wp53\/wp-content\/uploads\/2026\/03\/Captura-de-pantalla-2026-03-25-134759.png\" alt=\"\" class=\"wp-image-1693\" srcset=\"https:\/\/jaapsa.com\/wp53\/wp-content\/uploads\/2026\/03\/Captura-de-pantalla-2026-03-25-134759.png 739w, https:\/\/jaapsa.com\/wp53\/wp-content\/uploads\/2026\/03\/Captura-de-pantalla-2026-03-25-134759-300x194.png 300w, https:\/\/jaapsa.com\/wp53\/wp-content\/uploads\/2026\/03\/Captura-de-pantalla-2026-03-25-134759-18x12.png 18w\" sizes=\"auto, (max-width: 739px) 100vw, 739px\" \/><\/figure>\n\n\n\n<figure class=\"wp-block-image size-full\"><img loading=\"lazy\" decoding=\"async\" width=\"729\" height=\"476\" data-id=\"1694\" src=\"https:\/\/jaapsa.com\/wp53\/wp-content\/uploads\/2026\/03\/Captura-de-pantalla-2026-03-25-134810.png\" alt=\"\" class=\"wp-image-1694\" srcset=\"https:\/\/jaapsa.com\/wp53\/wp-content\/uploads\/2026\/03\/Captura-de-pantalla-2026-03-25-134810.png 729w, https:\/\/jaapsa.com\/wp53\/wp-content\/uploads\/2026\/03\/Captura-de-pantalla-2026-03-25-134810-300x196.png 300w, https:\/\/jaapsa.com\/wp53\/wp-content\/uploads\/2026\/03\/Captura-de-pantalla-2026-03-25-134810-18x12.png 18w\" sizes=\"auto, (max-width: 729px) 100vw, 729px\" \/><\/figure>\n\n\n\n<figure class=\"wp-block-image size-full\"><img loading=\"lazy\" decoding=\"async\" width=\"737\" height=\"477\" data-id=\"1695\" src=\"https:\/\/jaapsa.com\/wp53\/wp-content\/uploads\/2026\/03\/Captura-de-pantalla-2026-03-25-134823.png\" alt=\"\" class=\"wp-image-1695\" srcset=\"https:\/\/jaapsa.com\/wp53\/wp-content\/uploads\/2026\/03\/Captura-de-pantalla-2026-03-25-134823.png 737w, https:\/\/jaapsa.com\/wp53\/wp-content\/uploads\/2026\/03\/Captura-de-pantalla-2026-03-25-134823-300x194.png 300w, https:\/\/jaapsa.com\/wp53\/wp-content\/uploads\/2026\/03\/Captura-de-pantalla-2026-03-25-134823-18x12.png 18w\" sizes=\"auto, (max-width: 737px) 100vw, 737px\" \/><\/figure>\n<\/figure>\n\n\n\n<p><strong>Polyplaque<\/strong>&nbsp;It is the Industrias JAAPSA brand that is for the application of the facade of buildings with different types of finishes for reconstruction and modernization of old buildings and has the property that does not generate weight load to the structure.<\/p>\n\n\n\n<p>Result of 20 years of research and pioneers in Mexico with industrial applications of optimal results already proven by their economy and better finish of the construction of modern buildings.<\/p>\n\n\n\n<p>Its easy installation makes very viable and economic a material. It is placed mounting on a PTR frame, giving the facility to renew  buildings.<\/p>\n\n\n\n<ul class=\"wp-block-list\">\n<li>10 resistant mas times that the concrete Portland.<\/li>\n\n\n\n<li>Light its weight is of single 30 to 45 kg\/m2.<\/li>\n\n\n\n<li>Its thickness is of 1 to 3 cm.<\/li>\n\n\n\n<li>It has a compressive strength of 500 to 700 kg\/cm2<\/li>\n\n\n\n<li>High resistant durability and to rays UV.<\/li>\n\n\n\n<li>It does not need maintenance or painting.<\/li>\n\n\n\n<li>Finished with multiple textures and colors.<\/li>\n\n\n\n<li>Null absorption of water.<\/li>\n\n\n\n<li>it is self extinguishing<\/li>\n<\/ul>","protected":false},"excerpt":{"rendered":"<p>Polyplaque&nbsp;es la marca de Industrias JAAPSA que es para la aplicaci\u00f3n de fachada de edificios con diferentes tipos de acabados para reconstrucci\u00f3n y modernizaci\u00f3n de edificios antiguos y tiene la propiedad que no genera carga de peso a la estructura. Resultado de 20 a\u00f1os de investigaci\u00f3n y pioneros en M\u00e9xico&hellip;<\/p>","protected":false},"author":1,"featured_media":0,"parent":0,"menu_order":0,"comment_status":"closed","ping_status":"closed","template":"","meta":{"_joinchat":[],"footnotes":""},"class_list":["post-46","page","type-page","status-publish","hentry"],"yoast_head":"<!-- This site is optimized with the Yoast SEO plugin v25.1 - https:\/\/yoast.com\/wordpress\/plugins\/seo\/ -->\n<title>Fachadas de Edificios -<\/title>\n<meta name=\"robots\" content=\"index, follow, max-snippet:-1, max-image-preview:large, max-video-preview:-1\" \/>\n<link rel=\"canonical\" href=\"https:\/\/jaapsa.com\/wp53\/en\/fachadas-de-edificios\/\" \/>\n<meta property=\"og:locale\" content=\"en_US\" \/>\n<meta property=\"og:type\" content=\"article\" \/>\n<meta property=\"og:title\" content=\"Fachadas de Edificios -\" \/>\n<meta property=\"og:description\" content=\"Polyplaque&nbsp;es la marca de Industrias JAAPSA que es para la aplicaci\u00f3n de fachada de edificios con diferentes tipos de acabados para reconstrucci\u00f3n y modernizaci\u00f3n de edificios antiguos y tiene la propiedad que no genera carga de peso a la estructura. Resultado de 20 a\u00f1os de investigaci\u00f3n y pioneros en M\u00e9xico&hellip;\" \/>\n<meta property=\"og:url\" content=\"https:\/\/jaapsa.com\/wp53\/en\/fachadas-de-edificios\/\" \/>\n<meta property=\"article:publisher\" content=\"https:\/\/www.facebook.com\/IndustriasJAAPSA\" \/>\n<meta property=\"article:modified_time\" content=\"2026-03-25T19:49:05+00:00\" \/>\n<meta property=\"og:image\" content=\"https:\/\/jaapsa.com\/wp53\/wp-content\/uploads\/2026\/03\/Captura-de-pantalla-2026-03-25-134744.png\" \/>\n\t<meta property=\"og:image:width\" content=\"581\" \/>\n\t<meta property=\"og:image:height\" content=\"477\" \/>\n\t<meta property=\"og:image:type\" content=\"image\/png\" \/>\n<meta name=\"twitter:card\" content=\"summary_large_image\" \/>\n<meta name=\"twitter:label1\" content=\"Est. reading time\" \/>\n\t<meta name=\"twitter:data1\" content=\"2 minutes\" \/>\n<script type=\"application\/ld+json\" class=\"yoast-schema-graph\">{\"@context\":\"https:\/\/schema.org\",\"@graph\":[{\"@type\":\"WebPage\",\"@id\":\"https:\/\/jaapsa.com\/wp53\/fachadas-de-edificios\/\",\"url\":\"https:\/\/jaapsa.com\/wp53\/fachadas-de-edificios\/\",\"name\":\"Fachadas de Edificios -\",\"isPartOf\":{\"@id\":\"https:\/\/jaapsa.com\/wp53\/#website\"},\"primaryImageOfPage\":{\"@id\":\"https:\/\/jaapsa.com\/wp53\/fachadas-de-edificios\/#primaryimage\"},\"image\":{\"@id\":\"https:\/\/jaapsa.com\/wp53\/fachadas-de-edificios\/#primaryimage\"},\"thumbnailUrl\":\"https:\/\/jaapsa.com\/wp53\/wp-content\/uploads\/2026\/03\/Captura-de-pantalla-2026-03-25-134744.png\",\"datePublished\":\"2020-08-06T00:59:33+00:00\",\"dateModified\":\"2026-03-25T19:49:05+00:00\",\"breadcrumb\":{\"@id\":\"https:\/\/jaapsa.com\/wp53\/fachadas-de-edificios\/#breadcrumb\"},\"inLanguage\":\"en-US\",\"potentialAction\":[{\"@type\":\"ReadAction\",\"target\":[\"https:\/\/jaapsa.com\/wp53\/fachadas-de-edificios\/\"]}]},{\"@type\":\"ImageObject\",\"inLanguage\":\"en-US\",\"@id\":\"https:\/\/jaapsa.com\/wp53\/fachadas-de-edificios\/#primaryimage\",\"url\":\"https:\/\/jaapsa.com\/wp53\/wp-content\/uploads\/2026\/03\/Captura-de-pantalla-2026-03-25-134744.png\",\"contentUrl\":\"https:\/\/jaapsa.com\/wp53\/wp-content\/uploads\/2026\/03\/Captura-de-pantalla-2026-03-25-134744.png\"},{\"@type\":\"BreadcrumbList\",\"@id\":\"https:\/\/jaapsa.com\/wp53\/fachadas-de-edificios\/#breadcrumb\",\"itemListElement\":[{\"@type\":\"ListItem\",\"position\":1,\"name\":\"Inicio\",\"item\":\"https:\/\/jaapsa.com\/wp53\/\"},{\"@type\":\"ListItem\",\"position\":2,\"name\":\"Fachadas de Edificios\"}]},{\"@type\":\"WebSite\",\"@id\":\"https:\/\/jaapsa.com\/wp53\/#website\",\"url\":\"https:\/\/jaapsa.com\/wp53\/\",\"name\":\"Industrias Jaapsa\",\"description\":\"\",\"publisher\":{\"@id\":\"https:\/\/jaapsa.com\/wp53\/#organization\"},\"potentialAction\":[{\"@type\":\"SearchAction\",\"target\":{\"@type\":\"EntryPoint\",\"urlTemplate\":\"https:\/\/jaapsa.com\/wp53\/?s={search_term_string}\"},\"query-input\":{\"@type\":\"PropertyValueSpecification\",\"valueRequired\":true,\"valueName\":\"search_term_string\"}}],\"inLanguage\":\"en-US\"},{\"@type\":\"Organization\",\"@id\":\"https:\/\/jaapsa.com\/wp53\/#organization\",\"name\":\"Industrias Jaapsa\",\"url\":\"https:\/\/jaapsa.com\/wp53\/\",\"logo\":{\"@type\":\"ImageObject\",\"inLanguage\":\"en-US\",\"@id\":\"https:\/\/jaapsa.com\/wp53\/#\/schema\/logo\/image\/\",\"url\":\"https:\/\/jaapsa.com\/wp53\/wp-content\/uploads\/2021\/02\/cropped-LOGO-JAAPSA.png\",\"contentUrl\":\"https:\/\/jaapsa.com\/wp53\/wp-content\/uploads\/2021\/02\/cropped-LOGO-JAAPSA.png\",\"width\":882,\"height\":242,\"caption\":\"Industrias Jaapsa\"},\"image\":{\"@id\":\"https:\/\/jaapsa.com\/wp53\/#\/schema\/logo\/image\/\"},\"sameAs\":[\"https:\/\/www.facebook.com\/IndustriasJAAPSA\",\"https:\/\/www.youtube.com\/channel\/UCsI4XU5O7BtGc7_TqaKsX0Q\"]}]}<\/script>\n<!-- \/ Yoast SEO plugin. -->","yoast_head_json":{"title":"Fachadas de Edificios -","robots":{"index":"index","follow":"follow","max-snippet":"max-snippet:-1","max-image-preview":"max-image-preview:large","max-video-preview":"max-video-preview:-1"},"canonical":"https:\/\/jaapsa.com\/wp53\/en\/fachadas-de-edificios\/","og_locale":"en_US","og_type":"article","og_title":"Fachadas de Edificios -","og_description":"Polyplaque&nbsp;es la marca de Industrias JAAPSA que es para la aplicaci\u00f3n de fachada de edificios con diferentes tipos de acabados para reconstrucci\u00f3n y modernizaci\u00f3n de edificios antiguos y tiene la propiedad que no genera carga de peso a la estructura. Resultado de 20 a\u00f1os de investigaci\u00f3n y pioneros en M\u00e9xico&hellip;","og_url":"https:\/\/jaapsa.com\/wp53\/en\/fachadas-de-edificios\/","article_publisher":"https:\/\/www.facebook.com\/IndustriasJAAPSA","article_modified_time":"2026-03-25T19:49:05+00:00","og_image":[{"width":581,"height":477,"url":"https:\/\/jaapsa.com\/wp53\/wp-content\/uploads\/2026\/03\/Captura-de-pantalla-2026-03-25-134744.png","type":"image\/png"}],"twitter_card":"summary_large_image","twitter_misc":{"Est. reading time":"2 minutes"},"schema":{"@context":"https:\/\/schema.org","@graph":[{"@type":"WebPage","@id":"https:\/\/jaapsa.com\/wp53\/fachadas-de-edificios\/","url":"https:\/\/jaapsa.com\/wp53\/fachadas-de-edificios\/","name":"Fachadas de Edificios -","isPartOf":{"@id":"https:\/\/jaapsa.com\/wp53\/#website"},"primaryImageOfPage":{"@id":"https:\/\/jaapsa.com\/wp53\/fachadas-de-edificios\/#primaryimage"},"image":{"@id":"https:\/\/jaapsa.com\/wp53\/fachadas-de-edificios\/#primaryimage"},"thumbnailUrl":"https:\/\/jaapsa.com\/wp53\/wp-content\/uploads\/2026\/03\/Captura-de-pantalla-2026-03-25-134744.png","datePublished":"2020-08-06T00:59:33+00:00","dateModified":"2026-03-25T19:49:05+00:00","breadcrumb":{"@id":"https:\/\/jaapsa.com\/wp53\/fachadas-de-edificios\/#breadcrumb"},"inLanguage":"en-US","potentialAction":[{"@type":"ReadAction","target":["https:\/\/jaapsa.com\/wp53\/fachadas-de-edificios\/"]}]},{"@type":"ImageObject","inLanguage":"en-US","@id":"https:\/\/jaapsa.com\/wp53\/fachadas-de-edificios\/#primaryimage","url":"https:\/\/jaapsa.com\/wp53\/wp-content\/uploads\/2026\/03\/Captura-de-pantalla-2026-03-25-134744.png","contentUrl":"https:\/\/jaapsa.com\/wp53\/wp-content\/uploads\/2026\/03\/Captura-de-pantalla-2026-03-25-134744.png"},{"@type":"BreadcrumbList","@id":"https:\/\/jaapsa.com\/wp53\/fachadas-de-edificios\/#breadcrumb","itemListElement":[{"@type":"ListItem","position":1,"name":"Inicio","item":"https:\/\/jaapsa.com\/wp53\/"},{"@type":"ListItem","position":2,"name":"Fachadas de Edificios"}]},{"@type":"WebSite","@id":"https:\/\/jaapsa.com\/wp53\/#website","url":"https:\/\/jaapsa.com\/wp53\/","name":"Industrias Jaapsa","description":"","publisher":{"@id":"https:\/\/jaapsa.com\/wp53\/#organization"},"potentialAction":[{"@type":"SearchAction","target":{"@type":"EntryPoint","urlTemplate":"https:\/\/jaapsa.com\/wp53\/?s={search_term_string}"},"query-input":{"@type":"PropertyValueSpecification","valueRequired":true,"valueName":"search_term_string"}}],"inLanguage":"en-US"},{"@type":"Organization","@id":"https:\/\/jaapsa.com\/wp53\/#organization","name":"Industrias Jaapsa","url":"https:\/\/jaapsa.com\/wp53\/","logo":{"@type":"ImageObject","inLanguage":"en-US","@id":"https:\/\/jaapsa.com\/wp53\/#\/schema\/logo\/image\/","url":"https:\/\/jaapsa.com\/wp53\/wp-content\/uploads\/2021\/02\/cropped-LOGO-JAAPSA.png","contentUrl":"https:\/\/jaapsa.com\/wp53\/wp-content\/uploads\/2021\/02\/cropped-LOGO-JAAPSA.png","width":882,"height":242,"caption":"Industrias Jaapsa"},"image":{"@id":"https:\/\/jaapsa.com\/wp53\/#\/schema\/logo\/image\/"},"sameAs":["https:\/\/www.facebook.com\/IndustriasJAAPSA","https:\/\/www.youtube.com\/channel\/UCsI4XU5O7BtGc7_TqaKsX0Q"]}]}},"_links":{"self":[{"href":"https:\/\/jaapsa.com\/wp53\/en\/wp-json\/wp\/v2\/pages\/46","targetHints":{"allow":["GET"]}}],"collection":[{"href":"https:\/\/jaapsa.com\/wp53\/en\/wp-json\/wp\/v2\/pages"}],"about":[{"href":"https:\/\/jaapsa.com\/wp53\/en\/wp-json\/wp\/v2\/types\/page"}],"author":[{"embeddable":true,"href":"https:\/\/jaapsa.com\/wp53\/en\/wp-json\/wp\/v2\/users\/1"}],"replies":[{"embeddable":true,"href":"https:\/\/jaapsa.com\/wp53\/en\/wp-json\/wp\/v2\/comments?post=46"}],"version-history":[{"count":14,"href":"https:\/\/jaapsa.com\/wp53\/en\/wp-json\/wp\/v2\/pages\/46\/revisions"}],"predecessor-version":[{"id":1696,"href":"https:\/\/jaapsa.com\/wp53\/en\/wp-json\/wp\/v2\/pages\/46\/revisions\/1696"}],"wp:attachment":[{"href":"https:\/\/jaapsa.com\/wp53\/en\/wp-json\/wp\/v2\/media?parent=46"}],"curies":[{"name":"wp","href":"https:\/\/api.w.org\/{rel}","templated":true}]}}