{"id":445,"date":"2020-09-23T14:51:09","date_gmt":"2020-09-23T14:51:09","guid":{"rendered":"https:\/\/jaapsa.com\/wp53\/?page_id=445"},"modified":"2026-03-25T12:47:13","modified_gmt":"2026-03-25T18:47:13","slug":"edificaciones-portatiles","status":"publish","type":"page","link":"https:\/\/jaapsa.com\/wp53\/en\/edificaciones-portatiles\/","title":{"rendered":"Portable Buildings"},"content":{"rendered":"<figure class=\"wp-block-image aligncenter size-large\"><img loading=\"lazy\" decoding=\"async\" width=\"1024\" height=\"576\" src=\"https:\/\/jaapsa.com\/wp53\/wp-content\/uploads\/2026\/03\/Captura-de-pantalla-2026-03-25-124452-1024x576.png\" alt=\"\" class=\"wp-image-1644\" srcset=\"https:\/\/jaapsa.com\/wp53\/wp-content\/uploads\/2026\/03\/Captura-de-pantalla-2026-03-25-124452-1024x576.png 1024w, https:\/\/jaapsa.com\/wp53\/wp-content\/uploads\/2026\/03\/Captura-de-pantalla-2026-03-25-124452-300x169.png 300w, https:\/\/jaapsa.com\/wp53\/wp-content\/uploads\/2026\/03\/Captura-de-pantalla-2026-03-25-124452-768x432.png 768w, https:\/\/jaapsa.com\/wp53\/wp-content\/uploads\/2026\/03\/Captura-de-pantalla-2026-03-25-124452-18x10.png 18w, https:\/\/jaapsa.com\/wp53\/wp-content\/uploads\/2026\/03\/Captura-de-pantalla-2026-03-25-124452.png 1193w\" sizes=\"auto, (max-width: 1024px) 100vw, 1024px\" \/><\/figure>\n\n\n\n<p>At Industrias JAAPSA we create Portable Buildings with rapid installation and high resistance that withstand extreme situations, are waterproof and can be customized according to the required uses.<\/p>\n\n\n\n<p>JAAPSA buildings are excellent for any of the following uses:<\/p>\n\n\n\n<ul class=\"wp-block-list\">\n<li>Hostels<\/li>\n\n\n\n<li>Training centers<\/li>\n\n\n\n<li>Markets<\/li>\n\n\n\n<li>Commercial stores<\/li>\n\n\n\n<li>Garages<\/li>\n\n\n\n<li>Exhibition rooms<\/li>\n\n\n\n<li>Offices<\/li>\n\n\n\n<li>Hospitals<\/li>\n\n\n\n<li>Houses<\/li>\n\n\n\n<li>Iglesias<\/li>\n<\/ul>\n\n\n\n<h4 class=\"wp-block-heading\"><strong>MEASURES<\/strong><\/h4>\n\n\n\n<p>Industrias Jaapsa's portable buildings have:<br>Height: 3.60 meters<br>Width: 8 meters (It can be extended by each meter, we have modules of 20m, 40m, 50m up to 200m, according to the requested needs).<\/p>\n\n\n\n<p><strong>*Note:<\/strong> It has thermal insulation.<\/p>\n\n\n\n<h2 class=\"wp-block-heading has-text-align-center\"><strong><em>YOUR INSTALLATION IS 3 - 4 DAYS!<\/em><\/strong><\/h2>\n\n\n\n<figure class=\"wp-block-image aligncenter size-large\"><img loading=\"lazy\" decoding=\"async\" width=\"1024\" height=\"513\" src=\"https:\/\/jaapsa.com\/wp53\/wp-content\/uploads\/2026\/03\/Captura-de-pantalla-2026-03-25-124517-1024x513.png\" alt=\"\" class=\"wp-image-1645\" srcset=\"https:\/\/jaapsa.com\/wp53\/wp-content\/uploads\/2026\/03\/Captura-de-pantalla-2026-03-25-124517-1024x513.png 1024w, https:\/\/jaapsa.com\/wp53\/wp-content\/uploads\/2026\/03\/Captura-de-pantalla-2026-03-25-124517-300x150.png 300w, https:\/\/jaapsa.com\/wp53\/wp-content\/uploads\/2026\/03\/Captura-de-pantalla-2026-03-25-124517-768x385.png 768w, https:\/\/jaapsa.com\/wp53\/wp-content\/uploads\/2026\/03\/Captura-de-pantalla-2026-03-25-124517-18x9.png 18w, https:\/\/jaapsa.com\/wp53\/wp-content\/uploads\/2026\/03\/Captura-de-pantalla-2026-03-25-124517.png 1194w\" sizes=\"auto, (max-width: 1024px) 100vw, 1024px\" \/><\/figure>\n\n\n\n<figure class=\"wp-block-image aligncenter size-large\"><img loading=\"lazy\" decoding=\"async\" width=\"1024\" height=\"576\" src=\"https:\/\/jaapsa.com\/wp53\/wp-content\/uploads\/2026\/03\/Captura-de-pantalla-2026-03-25-124540-1024x576.png\" alt=\"\" class=\"wp-image-1646\" srcset=\"https:\/\/jaapsa.com\/wp53\/wp-content\/uploads\/2026\/03\/Captura-de-pantalla-2026-03-25-124540-1024x576.png 1024w, https:\/\/jaapsa.com\/wp53\/wp-content\/uploads\/2026\/03\/Captura-de-pantalla-2026-03-25-124540-300x169.png 300w, https:\/\/jaapsa.com\/wp53\/wp-content\/uploads\/2026\/03\/Captura-de-pantalla-2026-03-25-124540-768x432.png 768w, https:\/\/jaapsa.com\/wp53\/wp-content\/uploads\/2026\/03\/Captura-de-pantalla-2026-03-25-124540-18x10.png 18w, https:\/\/jaapsa.com\/wp53\/wp-content\/uploads\/2026\/03\/Captura-de-pantalla-2026-03-25-124540.png 1194w\" sizes=\"auto, (max-width: 1024px) 100vw, 1024px\" \/><\/figure>\n\n\n\n<figure class=\"wp-block-image aligncenter size-large\"><img loading=\"lazy\" decoding=\"async\" width=\"1024\" height=\"576\" src=\"https:\/\/jaapsa.com\/wp53\/wp-content\/uploads\/2026\/03\/Captura-de-pantalla-2026-03-25-124618-1024x576.png\" alt=\"\" class=\"wp-image-1647\" srcset=\"https:\/\/jaapsa.com\/wp53\/wp-content\/uploads\/2026\/03\/Captura-de-pantalla-2026-03-25-124618-1024x576.png 1024w, https:\/\/jaapsa.com\/wp53\/wp-content\/uploads\/2026\/03\/Captura-de-pantalla-2026-03-25-124618-300x169.png 300w, https:\/\/jaapsa.com\/wp53\/wp-content\/uploads\/2026\/03\/Captura-de-pantalla-2026-03-25-124618-768x432.png 768w, https:\/\/jaapsa.com\/wp53\/wp-content\/uploads\/2026\/03\/Captura-de-pantalla-2026-03-25-124618-18x10.png 18w, https:\/\/jaapsa.com\/wp53\/wp-content\/uploads\/2026\/03\/Captura-de-pantalla-2026-03-25-124618.png 1192w\" sizes=\"auto, (max-width: 1024px) 100vw, 1024px\" \/><\/figure>\n\n\n\n<figure class=\"wp-block-embed aligncenter is-type-video is-provider-youtube wp-block-embed-youtube wp-embed-aspect-16-9 wp-has-aspect-ratio\"><div class=\"wp-block-embed__wrapper\">\n<iframe loading=\"lazy\" title=\"Edificaciones Port\u00e1tiles - Industrias Jaapsa\" width=\"640\" height=\"360\" src=\"https:\/\/www.youtube.com\/embed\/Ju4RIeztkxk?feature=oembed&#038;enablejsapi=1&#038;origin=https:\/\/jaapsa.com\" frameborder=\"0\" allow=\"accelerometer; autoplay; clipboard-write; encrypted-media; gyroscope; picture-in-picture; web-share\" referrerpolicy=\"strict-origin-when-cross-origin\" allowfullscreen><\/iframe>\n<\/div><\/figure>","protected":false},"excerpt":{"rendered":"<p>En Industrias JAAPSA creamos Edificaciones Port\u00e1tiles de r\u00e1pida instalaci\u00f3n y alta resistencia que aguantan situaciones extremas, es impermeable y pueden llegar a ser personalizados seg\u00fan los usos requeridos. Edificaciones JAAPSA son excelentes para cualquiera de los siguientes usos: MEDIDAS Las edificaciones port\u00e1tiles de Industrias Jaapsa cuentan con:Altura: 3.60 metrosAncho: 8&hellip;<\/p>","protected":false},"author":1,"featured_media":0,"parent":0,"menu_order":0,"comment_status":"closed","ping_status":"closed","template":"","meta":{"_joinchat":[],"footnotes":""},"class_list":["post-445","page","type-page","status-publish","hentry"],"yoast_head":"<!-- This site is optimized with the Yoast SEO plugin v25.1 - https:\/\/yoast.com\/wordpress\/plugins\/seo\/ -->\n<title>Edificaciones Port\u00e1tiles -<\/title>\n<meta name=\"robots\" content=\"index, follow, max-snippet:-1, max-image-preview:large, max-video-preview:-1\" \/>\n<link rel=\"canonical\" href=\"https:\/\/jaapsa.com\/wp53\/en\/edificaciones-portatiles\/\" \/>\n<meta property=\"og:locale\" content=\"en_US\" \/>\n<meta property=\"og:type\" content=\"article\" \/>\n<meta property=\"og:title\" content=\"Edificaciones Port\u00e1tiles -\" \/>\n<meta property=\"og:description\" content=\"En Industrias JAAPSA creamos Edificaciones Port\u00e1tiles de r\u00e1pida instalaci\u00f3n y alta resistencia que aguantan situaciones extremas, es impermeable y pueden llegar a ser personalizados seg\u00fan los usos requeridos. Edificaciones JAAPSA son excelentes para cualquiera de los siguientes usos: MEDIDAS Las edificaciones port\u00e1tiles de Industrias Jaapsa cuentan con:Altura: 3.60 metrosAncho: 8&hellip;\" \/>\n<meta property=\"og:url\" content=\"https:\/\/jaapsa.com\/wp53\/en\/edificaciones-portatiles\/\" \/>\n<meta property=\"article:publisher\" content=\"https:\/\/www.facebook.com\/IndustriasJAAPSA\" \/>\n<meta property=\"article:modified_time\" content=\"2026-03-25T18:47:13+00:00\" \/>\n<meta property=\"og:image\" content=\"https:\/\/jaapsa.com\/wp53\/wp-content\/uploads\/2026\/03\/Captura-de-pantalla-2026-03-25-124452.png\" \/>\n\t<meta property=\"og:image:width\" content=\"1193\" \/>\n\t<meta property=\"og:image:height\" content=\"671\" \/>\n\t<meta property=\"og:image:type\" content=\"image\/png\" \/>\n<meta name=\"twitter:card\" content=\"summary_large_image\" \/>\n<meta name=\"twitter:label1\" content=\"Est. reading time\" \/>\n\t<meta name=\"twitter:data1\" content=\"2 minutes\" \/>\n<script type=\"application\/ld+json\" class=\"yoast-schema-graph\">{\"@context\":\"https:\/\/schema.org\",\"@graph\":[{\"@type\":\"WebPage\",\"@id\":\"https:\/\/jaapsa.com\/wp53\/edificaciones-portatiles\/\",\"url\":\"https:\/\/jaapsa.com\/wp53\/edificaciones-portatiles\/\",\"name\":\"Edificaciones Port\u00e1tiles -\",\"isPartOf\":{\"@id\":\"https:\/\/jaapsa.com\/wp53\/#website\"},\"primaryImageOfPage\":{\"@id\":\"https:\/\/jaapsa.com\/wp53\/edificaciones-portatiles\/#primaryimage\"},\"image\":{\"@id\":\"https:\/\/jaapsa.com\/wp53\/edificaciones-portatiles\/#primaryimage\"},\"thumbnailUrl\":\"https:\/\/jaapsa.com\/wp53\/wp-content\/uploads\/2026\/03\/Captura-de-pantalla-2026-03-25-124452-1024x576.png\",\"datePublished\":\"2020-09-23T14:51:09+00:00\",\"dateModified\":\"2026-03-25T18:47:13+00:00\",\"breadcrumb\":{\"@id\":\"https:\/\/jaapsa.com\/wp53\/edificaciones-portatiles\/#breadcrumb\"},\"inLanguage\":\"en-US\",\"potentialAction\":[{\"@type\":\"ReadAction\",\"target\":[\"https:\/\/jaapsa.com\/wp53\/edificaciones-portatiles\/\"]}]},{\"@type\":\"ImageObject\",\"inLanguage\":\"en-US\",\"@id\":\"https:\/\/jaapsa.com\/wp53\/edificaciones-portatiles\/#primaryimage\",\"url\":\"https:\/\/jaapsa.com\/wp53\/wp-content\/uploads\/2026\/03\/Captura-de-pantalla-2026-03-25-124452-1024x576.png\",\"contentUrl\":\"https:\/\/jaapsa.com\/wp53\/wp-content\/uploads\/2026\/03\/Captura-de-pantalla-2026-03-25-124452-1024x576.png\"},{\"@type\":\"BreadcrumbList\",\"@id\":\"https:\/\/jaapsa.com\/wp53\/edificaciones-portatiles\/#breadcrumb\",\"itemListElement\":[{\"@type\":\"ListItem\",\"position\":1,\"name\":\"Inicio\",\"item\":\"https:\/\/jaapsa.com\/wp53\/\"},{\"@type\":\"ListItem\",\"position\":2,\"name\":\"Edificaciones Port\u00e1tiles\"}]},{\"@type\":\"WebSite\",\"@id\":\"https:\/\/jaapsa.com\/wp53\/#website\",\"url\":\"https:\/\/jaapsa.com\/wp53\/\",\"name\":\"Industrias Jaapsa\",\"description\":\"\",\"publisher\":{\"@id\":\"https:\/\/jaapsa.com\/wp53\/#organization\"},\"potentialAction\":[{\"@type\":\"SearchAction\",\"target\":{\"@type\":\"EntryPoint\",\"urlTemplate\":\"https:\/\/jaapsa.com\/wp53\/?s={search_term_string}\"},\"query-input\":{\"@type\":\"PropertyValueSpecification\",\"valueRequired\":true,\"valueName\":\"search_term_string\"}}],\"inLanguage\":\"en-US\"},{\"@type\":\"Organization\",\"@id\":\"https:\/\/jaapsa.com\/wp53\/#organization\",\"name\":\"Industrias Jaapsa\",\"url\":\"https:\/\/jaapsa.com\/wp53\/\",\"logo\":{\"@type\":\"ImageObject\",\"inLanguage\":\"en-US\",\"@id\":\"https:\/\/jaapsa.com\/wp53\/#\/schema\/logo\/image\/\",\"url\":\"https:\/\/jaapsa.com\/wp53\/wp-content\/uploads\/2021\/02\/cropped-LOGO-JAAPSA.png\",\"contentUrl\":\"https:\/\/jaapsa.com\/wp53\/wp-content\/uploads\/2021\/02\/cropped-LOGO-JAAPSA.png\",\"width\":882,\"height\":242,\"caption\":\"Industrias Jaapsa\"},\"image\":{\"@id\":\"https:\/\/jaapsa.com\/wp53\/#\/schema\/logo\/image\/\"},\"sameAs\":[\"https:\/\/www.facebook.com\/IndustriasJAAPSA\",\"https:\/\/www.youtube.com\/channel\/UCsI4XU5O7BtGc7_TqaKsX0Q\"]}]}<\/script>\n<!-- \/ Yoast SEO plugin. -->","yoast_head_json":{"title":"Edificaciones Port\u00e1tiles -","robots":{"index":"index","follow":"follow","max-snippet":"max-snippet:-1","max-image-preview":"max-image-preview:large","max-video-preview":"max-video-preview:-1"},"canonical":"https:\/\/jaapsa.com\/wp53\/en\/edificaciones-portatiles\/","og_locale":"en_US","og_type":"article","og_title":"Edificaciones Port\u00e1tiles -","og_description":"En Industrias JAAPSA creamos Edificaciones Port\u00e1tiles de r\u00e1pida instalaci\u00f3n y alta resistencia que aguantan situaciones extremas, es impermeable y pueden llegar a ser personalizados seg\u00fan los usos requeridos. Edificaciones JAAPSA son excelentes para cualquiera de los siguientes usos: MEDIDAS Las edificaciones port\u00e1tiles de Industrias Jaapsa cuentan con:Altura: 3.60 metrosAncho: 8&hellip;","og_url":"https:\/\/jaapsa.com\/wp53\/en\/edificaciones-portatiles\/","article_publisher":"https:\/\/www.facebook.com\/IndustriasJAAPSA","article_modified_time":"2026-03-25T18:47:13+00:00","og_image":[{"width":1193,"height":671,"url":"https:\/\/jaapsa.com\/wp53\/wp-content\/uploads\/2026\/03\/Captura-de-pantalla-2026-03-25-124452.png","type":"image\/png"}],"twitter_card":"summary_large_image","twitter_misc":{"Est. reading time":"2 minutes"},"schema":{"@context":"https:\/\/schema.org","@graph":[{"@type":"WebPage","@id":"https:\/\/jaapsa.com\/wp53\/edificaciones-portatiles\/","url":"https:\/\/jaapsa.com\/wp53\/edificaciones-portatiles\/","name":"Edificaciones Port\u00e1tiles -","isPartOf":{"@id":"https:\/\/jaapsa.com\/wp53\/#website"},"primaryImageOfPage":{"@id":"https:\/\/jaapsa.com\/wp53\/edificaciones-portatiles\/#primaryimage"},"image":{"@id":"https:\/\/jaapsa.com\/wp53\/edificaciones-portatiles\/#primaryimage"},"thumbnailUrl":"https:\/\/jaapsa.com\/wp53\/wp-content\/uploads\/2026\/03\/Captura-de-pantalla-2026-03-25-124452-1024x576.png","datePublished":"2020-09-23T14:51:09+00:00","dateModified":"2026-03-25T18:47:13+00:00","breadcrumb":{"@id":"https:\/\/jaapsa.com\/wp53\/edificaciones-portatiles\/#breadcrumb"},"inLanguage":"en-US","potentialAction":[{"@type":"ReadAction","target":["https:\/\/jaapsa.com\/wp53\/edificaciones-portatiles\/"]}]},{"@type":"ImageObject","inLanguage":"en-US","@id":"https:\/\/jaapsa.com\/wp53\/edificaciones-portatiles\/#primaryimage","url":"https:\/\/jaapsa.com\/wp53\/wp-content\/uploads\/2026\/03\/Captura-de-pantalla-2026-03-25-124452-1024x576.png","contentUrl":"https:\/\/jaapsa.com\/wp53\/wp-content\/uploads\/2026\/03\/Captura-de-pantalla-2026-03-25-124452-1024x576.png"},{"@type":"BreadcrumbList","@id":"https:\/\/jaapsa.com\/wp53\/edificaciones-portatiles\/#breadcrumb","itemListElement":[{"@type":"ListItem","position":1,"name":"Inicio","item":"https:\/\/jaapsa.com\/wp53\/"},{"@type":"ListItem","position":2,"name":"Edificaciones Port\u00e1tiles"}]},{"@type":"WebSite","@id":"https:\/\/jaapsa.com\/wp53\/#website","url":"https:\/\/jaapsa.com\/wp53\/","name":"Industrias Jaapsa","description":"","publisher":{"@id":"https:\/\/jaapsa.com\/wp53\/#organization"},"potentialAction":[{"@type":"SearchAction","target":{"@type":"EntryPoint","urlTemplate":"https:\/\/jaapsa.com\/wp53\/?s={search_term_string}"},"query-input":{"@type":"PropertyValueSpecification","valueRequired":true,"valueName":"search_term_string"}}],"inLanguage":"en-US"},{"@type":"Organization","@id":"https:\/\/jaapsa.com\/wp53\/#organization","name":"Industrias Jaapsa","url":"https:\/\/jaapsa.com\/wp53\/","logo":{"@type":"ImageObject","inLanguage":"en-US","@id":"https:\/\/jaapsa.com\/wp53\/#\/schema\/logo\/image\/","url":"https:\/\/jaapsa.com\/wp53\/wp-content\/uploads\/2021\/02\/cropped-LOGO-JAAPSA.png","contentUrl":"https:\/\/jaapsa.com\/wp53\/wp-content\/uploads\/2021\/02\/cropped-LOGO-JAAPSA.png","width":882,"height":242,"caption":"Industrias Jaapsa"},"image":{"@id":"https:\/\/jaapsa.com\/wp53\/#\/schema\/logo\/image\/"},"sameAs":["https:\/\/www.facebook.com\/IndustriasJAAPSA","https:\/\/www.youtube.com\/channel\/UCsI4XU5O7BtGc7_TqaKsX0Q"]}]}},"_links":{"self":[{"href":"https:\/\/jaapsa.com\/wp53\/en\/wp-json\/wp\/v2\/pages\/445","targetHints":{"allow":["GET"]}}],"collection":[{"href":"https:\/\/jaapsa.com\/wp53\/en\/wp-json\/wp\/v2\/pages"}],"about":[{"href":"https:\/\/jaapsa.com\/wp53\/en\/wp-json\/wp\/v2\/types\/page"}],"author":[{"embeddable":true,"href":"https:\/\/jaapsa.com\/wp53\/en\/wp-json\/wp\/v2\/users\/1"}],"replies":[{"embeddable":true,"href":"https:\/\/jaapsa.com\/wp53\/en\/wp-json\/wp\/v2\/comments?post=445"}],"version-history":[{"count":13,"href":"https:\/\/jaapsa.com\/wp53\/en\/wp-json\/wp\/v2\/pages\/445\/revisions"}],"predecessor-version":[{"id":1648,"href":"https:\/\/jaapsa.com\/wp53\/en\/wp-json\/wp\/v2\/pages\/445\/revisions\/1648"}],"wp:attachment":[{"href":"https:\/\/jaapsa.com\/wp53\/en\/wp-json\/wp\/v2\/media?parent=445"}],"curies":[{"name":"wp","href":"https:\/\/api.w.org\/{rel}","templated":true}]}}