{"id":238,"date":"2020-08-10T09:39:59","date_gmt":"2020-08-10T09:39:59","guid":{"rendered":"https:\/\/jaapsa.com\/wp53\/?page_id=238"},"modified":"2024-10-24T17:41:48","modified_gmt":"2024-10-24T22:41:48","slug":"mapa-de-ubicacion","status":"publish","type":"page","link":"https:\/\/jaapsa.com\/wp53\/en\/mapa-de-ubicacion\/","title":{"rendered":"Location map"},"content":{"rendered":"<p class=\"has-text-align-center\"><strong>We are located in:<\/strong><\/p>\n\n\n\n<p class=\"has-text-align-center\">Manuel G\u00f3mez de Castro 4736, Bur\u00f3cratas del Estado, 64380 Monterrey, N.L.<\/p>\n\n\n\n<figure class=\"wp-block-image aligncenter size-full\"><a href=\"https:\/\/maps.app.goo.gl\/RxmzASZjt2WiXcWz9\"><img loading=\"lazy\" decoding=\"async\" width=\"781\" height=\"521\" src=\"https:\/\/jaapsa.com\/wp53\/wp-content\/uploads\/2023\/11\/mapa-jaapsa-1.jpg\" alt=\"\" class=\"wp-image-1407\" srcset=\"https:\/\/jaapsa.com\/wp53\/wp-content\/uploads\/2023\/11\/mapa-jaapsa-1.jpg 781w, https:\/\/jaapsa.com\/wp53\/wp-content\/uploads\/2023\/11\/mapa-jaapsa-1-300x200.jpg 300w, https:\/\/jaapsa.com\/wp53\/wp-content\/uploads\/2023\/11\/mapa-jaapsa-1-768x512.jpg 768w, https:\/\/jaapsa.com\/wp53\/wp-content\/uploads\/2023\/11\/mapa-jaapsa-1-18x12.jpg 18w\" sizes=\"auto, (max-width: 781px) 100vw, 781px\" \/><\/a><\/figure>\n\n\n\n<p>Tel\u00e9fonos:<\/p>\n\n\n\n<p class=\"has-text-align-center\"><strong>01 (81) 1365 6500<br>01 (81) 1365 6501<br>01 (81) 1365 6502<br>01 (81) 1365 6503<\/strong><\/p>\n\n\n\n<p>Escribenos por WhatsApp:<\/p>\n\n\n\n<p class=\"has-text-align-center\"><strong>+52 81 2941 5975<\/strong><\/p>\n\n\n\n<div class=\"wp-block-joinchat-button joinchat-button--qr-both has-border-color\" style=\"border-color:#25d366;border-style:solid;border-width:6px;border-radius:30px\"><figure><figcaption>Escanea el c\u00f3digo<\/figcaption><a class=\"joinchat-button__qr has-border-color\" style=\"border-color:#25d366;border-style:solid;border-width:6px;border-radius:30px\" href=\"#whatsapp\"><\/a><\/figure><a class=\"wp-block-button__link joinchat-button__link has-ffffff-color has-text-color has-background has-border-color\" style=\"border-color:#25d366;border-style:solid;border-width:6px;border-radius:30px;background-color:#25d366\" href=\"#whatsapp\"><span><strong>Open Chat<\/strong><\/span><\/a><\/div>\n\n\n\n<p><\/p>","protected":false},"excerpt":{"rendered":"<p>Estamos ubicados en: Manuel G\u00f3mez de Castro 4736, Bur\u00f3cratas del Estado, 64380 Monterrey, N.L. Tel\u00e9fonos: 01 (81) 1365 650001 (81) 1365 650101 (81) 1365 650201 (81) 1365 6503 Escribenos por WhatsApp: +52 81 2941 5975<\/p>","protected":false},"author":1,"featured_media":0,"parent":0,"menu_order":0,"comment_status":"closed","ping_status":"closed","template":"","meta":{"_joinchat":[],"footnotes":""},"class_list":["post-238","page","type-page","status-publish","hentry"],"yoast_head":"<!-- This site is optimized with the Yoast SEO plugin v25.1 - https:\/\/yoast.com\/wordpress\/plugins\/seo\/ -->\n<title>Mapa de ubicaci\u00f3n -<\/title>\n<meta name=\"robots\" content=\"index, follow, max-snippet:-1, max-image-preview:large, max-video-preview:-1\" \/>\n<link rel=\"canonical\" href=\"https:\/\/jaapsa.com\/wp53\/en\/mapa-de-ubicacion\/\" \/>\n<meta property=\"og:locale\" content=\"en_US\" \/>\n<meta property=\"og:type\" content=\"article\" \/>\n<meta property=\"og:title\" content=\"Mapa de ubicaci\u00f3n -\" \/>\n<meta property=\"og:description\" content=\"Estamos ubicados en: Manuel G\u00f3mez de Castro 4736, Bur\u00f3cratas del Estado, 64380 Monterrey, N.L. Tel\u00e9fonos: 01 (81) 1365 650001 (81) 1365 650101 (81) 1365 650201 (81) 1365 6503 Escribenos por WhatsApp: +52 81 2941 5975\" \/>\n<meta property=\"og:url\" content=\"https:\/\/jaapsa.com\/wp53\/en\/mapa-de-ubicacion\/\" \/>\n<meta property=\"article:publisher\" content=\"https:\/\/www.facebook.com\/IndustriasJAAPSA\" \/>\n<meta property=\"article:modified_time\" content=\"2024-10-24T22:41:48+00:00\" \/>\n<meta property=\"og:image\" content=\"https:\/\/jaapsa.com\/wp53\/wp-content\/uploads\/2023\/11\/mapa-jaapsa-1.jpg\" \/>\n\t<meta property=\"og:image:width\" content=\"781\" \/>\n\t<meta property=\"og:image:height\" content=\"521\" \/>\n\t<meta property=\"og:image:type\" content=\"image\/jpeg\" \/>\n<meta name=\"twitter:card\" content=\"summary_large_image\" \/>\n<meta name=\"twitter:label1\" content=\"Est. reading time\" \/>\n\t<meta name=\"twitter:data1\" content=\"1 minute\" \/>\n<script type=\"application\/ld+json\" class=\"yoast-schema-graph\">{\"@context\":\"https:\/\/schema.org\",\"@graph\":[{\"@type\":\"WebPage\",\"@id\":\"https:\/\/jaapsa.com\/wp53\/mapa-de-ubicacion\/\",\"url\":\"https:\/\/jaapsa.com\/wp53\/mapa-de-ubicacion\/\",\"name\":\"Mapa de ubicaci\u00f3n -\",\"isPartOf\":{\"@id\":\"https:\/\/jaapsa.com\/wp53\/#website\"},\"primaryImageOfPage\":{\"@id\":\"https:\/\/jaapsa.com\/wp53\/mapa-de-ubicacion\/#primaryimage\"},\"image\":{\"@id\":\"https:\/\/jaapsa.com\/wp53\/mapa-de-ubicacion\/#primaryimage\"},\"thumbnailUrl\":\"https:\/\/jaapsa.com\/wp53\/wp-content\/uploads\/2023\/11\/mapa-jaapsa-1.jpg\",\"datePublished\":\"2020-08-10T09:39:59+00:00\",\"dateModified\":\"2024-10-24T22:41:48+00:00\",\"breadcrumb\":{\"@id\":\"https:\/\/jaapsa.com\/wp53\/mapa-de-ubicacion\/#breadcrumb\"},\"inLanguage\":\"en-US\",\"potentialAction\":[{\"@type\":\"ReadAction\",\"target\":[\"https:\/\/jaapsa.com\/wp53\/mapa-de-ubicacion\/\"]}]},{\"@type\":\"ImageObject\",\"inLanguage\":\"en-US\",\"@id\":\"https:\/\/jaapsa.com\/wp53\/mapa-de-ubicacion\/#primaryimage\",\"url\":\"https:\/\/jaapsa.com\/wp53\/wp-content\/uploads\/2023\/11\/mapa-jaapsa-1.jpg\",\"contentUrl\":\"https:\/\/jaapsa.com\/wp53\/wp-content\/uploads\/2023\/11\/mapa-jaapsa-1.jpg\"},{\"@type\":\"BreadcrumbList\",\"@id\":\"https:\/\/jaapsa.com\/wp53\/mapa-de-ubicacion\/#breadcrumb\",\"itemListElement\":[{\"@type\":\"ListItem\",\"position\":1,\"name\":\"Inicio\",\"item\":\"https:\/\/jaapsa.com\/wp53\/\"},{\"@type\":\"ListItem\",\"position\":2,\"name\":\"Mapa de ubicaci\u00f3n\"}]},{\"@type\":\"WebSite\",\"@id\":\"https:\/\/jaapsa.com\/wp53\/#website\",\"url\":\"https:\/\/jaapsa.com\/wp53\/\",\"name\":\"Industrias Jaapsa\",\"description\":\"\",\"publisher\":{\"@id\":\"https:\/\/jaapsa.com\/wp53\/#organization\"},\"potentialAction\":[{\"@type\":\"SearchAction\",\"target\":{\"@type\":\"EntryPoint\",\"urlTemplate\":\"https:\/\/jaapsa.com\/wp53\/?s={search_term_string}\"},\"query-input\":{\"@type\":\"PropertyValueSpecification\",\"valueRequired\":true,\"valueName\":\"search_term_string\"}}],\"inLanguage\":\"en-US\"},{\"@type\":\"Organization\",\"@id\":\"https:\/\/jaapsa.com\/wp53\/#organization\",\"name\":\"Industrias Jaapsa\",\"url\":\"https:\/\/jaapsa.com\/wp53\/\",\"logo\":{\"@type\":\"ImageObject\",\"inLanguage\":\"en-US\",\"@id\":\"https:\/\/jaapsa.com\/wp53\/#\/schema\/logo\/image\/\",\"url\":\"https:\/\/jaapsa.com\/wp53\/wp-content\/uploads\/2021\/02\/cropped-LOGO-JAAPSA.png\",\"contentUrl\":\"https:\/\/jaapsa.com\/wp53\/wp-content\/uploads\/2021\/02\/cropped-LOGO-JAAPSA.png\",\"width\":882,\"height\":242,\"caption\":\"Industrias Jaapsa\"},\"image\":{\"@id\":\"https:\/\/jaapsa.com\/wp53\/#\/schema\/logo\/image\/\"},\"sameAs\":[\"https:\/\/www.facebook.com\/IndustriasJAAPSA\",\"https:\/\/www.youtube.com\/channel\/UCsI4XU5O7BtGc7_TqaKsX0Q\"]}]}<\/script>\n<!-- \/ Yoast SEO plugin. -->","yoast_head_json":{"title":"Mapa de ubicaci\u00f3n -","robots":{"index":"index","follow":"follow","max-snippet":"max-snippet:-1","max-image-preview":"max-image-preview:large","max-video-preview":"max-video-preview:-1"},"canonical":"https:\/\/jaapsa.com\/wp53\/en\/mapa-de-ubicacion\/","og_locale":"en_US","og_type":"article","og_title":"Mapa de ubicaci\u00f3n -","og_description":"Estamos ubicados en: Manuel G\u00f3mez de Castro 4736, Bur\u00f3cratas del Estado, 64380 Monterrey, N.L. Tel\u00e9fonos: 01 (81) 1365 650001 (81) 1365 650101 (81) 1365 650201 (81) 1365 6503 Escribenos por WhatsApp: +52 81 2941 5975","og_url":"https:\/\/jaapsa.com\/wp53\/en\/mapa-de-ubicacion\/","article_publisher":"https:\/\/www.facebook.com\/IndustriasJAAPSA","article_modified_time":"2024-10-24T22:41:48+00:00","og_image":[{"width":781,"height":521,"url":"https:\/\/jaapsa.com\/wp53\/wp-content\/uploads\/2023\/11\/mapa-jaapsa-1.jpg","type":"image\/jpeg"}],"twitter_card":"summary_large_image","twitter_misc":{"Est. reading time":"1 minute"},"schema":{"@context":"https:\/\/schema.org","@graph":[{"@type":"WebPage","@id":"https:\/\/jaapsa.com\/wp53\/mapa-de-ubicacion\/","url":"https:\/\/jaapsa.com\/wp53\/mapa-de-ubicacion\/","name":"Mapa de ubicaci\u00f3n -","isPartOf":{"@id":"https:\/\/jaapsa.com\/wp53\/#website"},"primaryImageOfPage":{"@id":"https:\/\/jaapsa.com\/wp53\/mapa-de-ubicacion\/#primaryimage"},"image":{"@id":"https:\/\/jaapsa.com\/wp53\/mapa-de-ubicacion\/#primaryimage"},"thumbnailUrl":"https:\/\/jaapsa.com\/wp53\/wp-content\/uploads\/2023\/11\/mapa-jaapsa-1.jpg","datePublished":"2020-08-10T09:39:59+00:00","dateModified":"2024-10-24T22:41:48+00:00","breadcrumb":{"@id":"https:\/\/jaapsa.com\/wp53\/mapa-de-ubicacion\/#breadcrumb"},"inLanguage":"en-US","potentialAction":[{"@type":"ReadAction","target":["https:\/\/jaapsa.com\/wp53\/mapa-de-ubicacion\/"]}]},{"@type":"ImageObject","inLanguage":"en-US","@id":"https:\/\/jaapsa.com\/wp53\/mapa-de-ubicacion\/#primaryimage","url":"https:\/\/jaapsa.com\/wp53\/wp-content\/uploads\/2023\/11\/mapa-jaapsa-1.jpg","contentUrl":"https:\/\/jaapsa.com\/wp53\/wp-content\/uploads\/2023\/11\/mapa-jaapsa-1.jpg"},{"@type":"BreadcrumbList","@id":"https:\/\/jaapsa.com\/wp53\/mapa-de-ubicacion\/#breadcrumb","itemListElement":[{"@type":"ListItem","position":1,"name":"Inicio","item":"https:\/\/jaapsa.com\/wp53\/"},{"@type":"ListItem","position":2,"name":"Mapa de ubicaci\u00f3n"}]},{"@type":"WebSite","@id":"https:\/\/jaapsa.com\/wp53\/#website","url":"https:\/\/jaapsa.com\/wp53\/","name":"Industrias Jaapsa","description":"","publisher":{"@id":"https:\/\/jaapsa.com\/wp53\/#organization"},"potentialAction":[{"@type":"SearchAction","target":{"@type":"EntryPoint","urlTemplate":"https:\/\/jaapsa.com\/wp53\/?s={search_term_string}"},"query-input":{"@type":"PropertyValueSpecification","valueRequired":true,"valueName":"search_term_string"}}],"inLanguage":"en-US"},{"@type":"Organization","@id":"https:\/\/jaapsa.com\/wp53\/#organization","name":"Industrias Jaapsa","url":"https:\/\/jaapsa.com\/wp53\/","logo":{"@type":"ImageObject","inLanguage":"en-US","@id":"https:\/\/jaapsa.com\/wp53\/#\/schema\/logo\/image\/","url":"https:\/\/jaapsa.com\/wp53\/wp-content\/uploads\/2021\/02\/cropped-LOGO-JAAPSA.png","contentUrl":"https:\/\/jaapsa.com\/wp53\/wp-content\/uploads\/2021\/02\/cropped-LOGO-JAAPSA.png","width":882,"height":242,"caption":"Industrias Jaapsa"},"image":{"@id":"https:\/\/jaapsa.com\/wp53\/#\/schema\/logo\/image\/"},"sameAs":["https:\/\/www.facebook.com\/IndustriasJAAPSA","https:\/\/www.youtube.com\/channel\/UCsI4XU5O7BtGc7_TqaKsX0Q"]}]}},"_links":{"self":[{"href":"https:\/\/jaapsa.com\/wp53\/en\/wp-json\/wp\/v2\/pages\/238","targetHints":{"allow":["GET"]}}],"collection":[{"href":"https:\/\/jaapsa.com\/wp53\/en\/wp-json\/wp\/v2\/pages"}],"about":[{"href":"https:\/\/jaapsa.com\/wp53\/en\/wp-json\/wp\/v2\/types\/page"}],"author":[{"embeddable":true,"href":"https:\/\/jaapsa.com\/wp53\/en\/wp-json\/wp\/v2\/users\/1"}],"replies":[{"embeddable":true,"href":"https:\/\/jaapsa.com\/wp53\/en\/wp-json\/wp\/v2\/comments?post=238"}],"version-history":[{"count":12,"href":"https:\/\/jaapsa.com\/wp53\/en\/wp-json\/wp\/v2\/pages\/238\/revisions"}],"predecessor-version":[{"id":1472,"href":"https:\/\/jaapsa.com\/wp53\/en\/wp-json\/wp\/v2\/pages\/238\/revisions\/1472"}],"wp:attachment":[{"href":"https:\/\/jaapsa.com\/wp53\/en\/wp-json\/wp\/v2\/media?parent=238"}],"curies":[{"name":"wp","href":"https:\/\/api.w.org\/{rel}","templated":true}]}}